{"id":120,"date":"2024-10-02T10:45:25","date_gmt":"2024-10-02T08:45:25","guid":{"rendered":"https:\/\/www.ull.es\/servicios\/unidad-audiovisuales\/?page_id=120"},"modified":"2026-02-27T08:46:20","modified_gmt":"2026-02-27T07:46:20","slug":"video-practicas","status":"publish","type":"page","link":"https:\/\/www.ull.es\/servicios\/unidad-audiovisuales\/fr\/video-practicas\/","title":{"rendered":"Vid\u00e9o-entra\u00eenement"},"content":{"rendered":"<div class=\"wp-block-stackable-columns alignfull stk-block-columns stk-block stk-16a94b8\" data-block-id=\"16a94b8\"><style>.stk-16a94b8 {margin-bottom:56px !important;}@media screen and (max-width: 767px){.stk-16a94b8 {padding-top:0px !important;padding-right:0px !important;padding-bottom:0px !important;padding-left:0px !important;}}<\/style><div class=\"stk-row stk-inner-blocks stk-block-content stk-content-align stk-16a94b8-column alignfull\">\n<div class=\"wp-block-stackable-column stk-block-column stk-column stk-block stk-dfe9b01 stk-block-background stk--has-background-overlay\" data-v=\"4\" data-block-id=\"dfe9b01\"><style>.stk-dfe9b01 {background-image:url(https:\/\/www.ull.es\/servicios\/unidad-audiovisuales\/wp-content\/uploads\/sites\/57\/2024\/10\/audiovisuales_web_banner.jpg) !important;}.stk-dfe9b01:before{background-color:#000000 !important;opacity:0.3 !important;}@media screen and (max-width: 767px){.stk-dfe9b01 {padding-top:0px !important;padding-right:0px !important;padding-bottom:0px !important;padding-left:0px !important;}}<\/style><div class=\"stk-column-wrapper stk-block-column__content stk-container stk-dfe9b01-container stk--no-background stk--no-padding\"><div class=\"stk-block-content stk-inner-blocks stk-dfe9b01-inner-blocks\">\n<div class=\"wp-block-stackable-columns alignfull stk-block-columns stk-block stk-3bf239f\" data-block-id=\"3bf239f\"><style>@media screen and (max-width: 1023px){.stk-3bf239f {padding-left:0px !important;}}<\/style><div class=\"stk-row stk-inner-blocks stk-block-content stk-content-align stk-3bf239f-column alignfull\">\n<div class=\"wp-block-stackable-column stk-block-column stk-column stk-block stk-f66584c\" data-v=\"4\" data-block-id=\"f66584c\"><div class=\"stk-column-wrapper stk-block-column__content stk-container stk-f66584c-container stk--no-background stk--no-padding\"><div class=\"stk-block-content stk-inner-blocks stk-f66584c-inner-blocks\">\n<div class=\"wp-block-stackable-heading stk-block-heading stk-block-heading--v2 stk-block stk-1bb54e9\" id=\"video-practicas\" data-block-id=\"1bb54e9\"><style>.stk-1bb54e9 {padding-top:110px !important;padding-right:25px !important;padding-bottom:75px !important;padding-left:420px !important;}.stk-1bb54e9 .stk-block-heading__text{font-size:35px !important;color:#ffffff !important;font-weight:400 !important;}@media screen and (max-width: 1023px){.stk-1bb54e9 {padding-left:55px !important;}.stk-1bb54e9 .stk-block-heading__text{font-size:35px !important;}}@media screen and (max-width: 767px){.stk-1bb54e9 {padding-top:175px !important;padding-right:85px !important;padding-bottom:95px !important;padding-left:25px !important;}.stk-1bb54e9 .stk-block-heading__text{font-size:33px !important;}}<\/style><h2 class=\"stk-block-heading__text has-text-color has-text-align-left has-text-align-left-tablet has-text-align-left-mobile\">Vid\u00e9o-entra\u00eenement<\/h2><\/div>\n<\/div><\/div><\/div>\n<\/div><\/div>\n<\/div><\/div><\/div>\n<\/div><\/div>\n\n\n\n<div class=\"wp-block-stackable-columns alignfull stk-block-columns stk-block stk-019f113\" data-block-id=\"019f113\"><style>.stk-019f113 .stk--block-align-019f113{align-items:stretch !important;}.stk-019f113-column{--stk-column-gap:95px !important;}<\/style><div class=\"stk-row stk-inner-blocks stk--block-align-019f113 stk-block-content stk-content-align stk-019f113-column alignfull\">\n<div class=\"wp-block-stackable-column stk-block-column stk-column stk-block stk-f687265\" data-v=\"4\" data-block-id=\"f687265\"><style>.stk-f687265-inner-blocks{align-items:center !important;}.stk-f687265 {padding-right:400px !important;padding-left:400px !important;margin-bottom:var(--stk--preset--spacing--none, 0px) !important;}@media screen and (max-width: 1023px){.stk-f687265 {padding-right:50px !important;padding-left:50px !important;}}@media screen and (max-width: 767px){.stk-f687265-inner-blocks{align-items:center !important;}.stk-f687265 {padding-right:20px !important;padding-left:20px !important;}}<\/style><div class=\"stk-column-wrapper stk-block-column__content stk-container stk-f687265-container stk--no-background stk--no-padding\"><div class=\"stk--column-flex stk-block-content stk-inner-blocks stk-f687265-inner-blocks\">\n<div class=\"wp-block-stackable-text stk-block-text stk-block stk-cd49dce\" data-block-id=\"cd49dce\"><p class=\"stk-block-text__text\">Les vid\u00e9os pratiques sont des s\u00e9quences plus \u00e9labor\u00e9es qui n\u00e9cessitent un tournage hors studio afin de pr\u00e9senter des explications conceptuelles et\/ou des proc\u00e9dures \u00e9tape par \u00e9tape dans des contextes physiques sp\u00e9cifiques, avec ou sans outils sp\u00e9cialis\u00e9s. Ces concepts ne peuvent \u00eatre d\u00e9crits et expliqu\u00e9s uniquement par un cours magistral. Elles peuvent inclure des d\u00e9monstrations d&#039;exp\u00e9riences scientifiques, de techniques de laboratoire, de proc\u00e9dures cliniques et des exercices pratiques dans des domaines tels que l&#039;ing\u00e9nierie, l&#039;architecture et l&#039;art, entre autres. Afin d&#039;optimiser l&#039;utilisation des ressources, les r\u00e9servations doivent \u00eatre effectu\u00e9es au moins 10 jours avant le tournage.<\/p><\/div>\n\n\n\n<div class=\"wp-block-stackable-columns stk-block-columns stk-block stk-e1446c0\" data-block-id=\"e1446c0\"><div class=\"stk-row stk-inner-blocks stk-block-content stk-content-align stk-e1446c0-column\">\n<div class=\"wp-block-stackable-column stk-block-column stk-column stk--hide-tablet stk--hide-mobile stk-block stk-0838df2\" data-v=\"4\" data-block-id=\"0838df2\"><div class=\"stk-column-wrapper stk-block-column__content stk-container stk-0838df2-container stk--no-background stk--no-padding\"><div class=\"stk-block-content stk-inner-blocks stk-0838df2-inner-blocks\">\n<iframe loading=\"lazy\" width=\"1150\" height=\"645\" src=\"https:\/\/www.youtube.com\/embed\/IED69wfC32E?si=jCbC3X7pL9xoYlmf\" title=\"lecteur vid\u00e9o YouTube\" frameborder=\"0\" allow=\"accelerometer; autoplay; clipboard-write; encrypted-media; gyroscope; picture-in-picture; web-share\" referrerpolicy=\"strict-origin-when-cross-origin\" allowfullscreen><\/iframe>\n<\/div><\/div><\/div>\n\n\n\n<div class=\"wp-block-stackable-column stk-block-column stk-column stk--hide-desktop stk--hide-mobile stk-block stk-8037436\" data-v=\"4\" data-block-id=\"8037436\"><div class=\"stk-column-wrapper stk-block-column__content stk-container stk-8037436-container stk--no-background stk--no-padding\"><div class=\"stk-block-content stk-inner-blocks stk-8037436-inner-blocks\">\n<iframe loading=\"lazy\" width=\"720\" height=\"405\" src=\"https:\/\/www.youtube.com\/embed\/IED69wfC32E?si=jCbC3X7pL9xoYlmf\" title=\"lecteur vid\u00e9o YouTube\" frameborder=\"0\" allow=\"accelerometer; autoplay; clipboard-write; encrypted-media; gyroscope; picture-in-picture; web-share\" referrerpolicy=\"strict-origin-when-cross-origin\" allowfullscreen><\/iframe>\n<\/div><\/div><\/div>\n\n\n\n<div class=\"wp-block-stackable-column stk-block-column stk-column stk--hide-desktop stk--hide-tablet stk-block stk-925867f\" data-v=\"4\" data-block-id=\"925867f\"><div class=\"stk-column-wrapper stk-block-column__content stk-container stk-925867f-container stk--no-background stk--no-padding\"><div class=\"stk-block-content stk-inner-blocks stk-925867f-inner-blocks\">\n<iframe loading=\"lazy\" width=\"374\" height=\"210\" src=\"https:\/\/www.youtube.com\/embed\/IED69wfC32E?si=jCbC3X7pL9xoYlmf\" title=\"lecteur vid\u00e9o YouTube\" frameborder=\"0\" allow=\"accelerometer; autoplay; clipboard-write; encrypted-media; gyroscope; picture-in-picture; web-share\" referrerpolicy=\"strict-origin-when-cross-origin\" allowfullscreen><\/iframe>\n<\/div><\/div><\/div>\n<\/div><\/div>\n<\/div><\/div><\/div>\n<\/div><\/div>\n\n\n\n<p><\/p>","protected":false},"excerpt":{"rendered":"<p>Exercices pratiques vid\u00e9o\u00a0: Les exercices pratiques vid\u00e9o sont des s\u00e9quences vid\u00e9o plus \u00e9labor\u00e9es qui n\u00e9cessitent de quitter le studio d\u2019enregistrement pour capturer des explications conceptuelles et\/ou des proc\u00e9dures \u00e9tape par \u00e9tape dans des contextes physiques sp\u00e9cifiques, utilisant ou non des outils sp\u00e9cialis\u00e9s, qui ne pourraient pas \u00eatre d\u00e9crits et expliqu\u00e9s uniquement dans un cours magistral\u2026<\/p>","protected":false},"author":64,"featured_media":0,"parent":0,"menu_order":0,"comment_status":"closed","ping_status":"closed","template":"templates\/template-frontpage.php","meta":{"_acf_changed":false,"footnotes":""},"class_list":["post-120","page","type-page","status-publish","hentry"],"acf":[],"_links":{"self":[{"href":"https:\/\/www.ull.es\/servicios\/unidad-audiovisuales\/fr\/wp-json\/wp\/v2\/pages\/120","targetHints":{"allow":["GET"]}}],"collection":[{"href":"https:\/\/www.ull.es\/servicios\/unidad-audiovisuales\/fr\/wp-json\/wp\/v2\/pages"}],"about":[{"href":"https:\/\/www.ull.es\/servicios\/unidad-audiovisuales\/fr\/wp-json\/wp\/v2\/types\/page"}],"author":[{"embeddable":true,"href":"https:\/\/www.ull.es\/servicios\/unidad-audiovisuales\/fr\/wp-json\/wp\/v2\/users\/64"}],"replies":[{"embeddable":true,"href":"https:\/\/www.ull.es\/servicios\/unidad-audiovisuales\/fr\/wp-json\/wp\/v2\/comments?post=120"}],"version-history":[{"count":5,"href":"https:\/\/www.ull.es\/servicios\/unidad-audiovisuales\/fr\/wp-json\/wp\/v2\/pages\/120\/revisions"}],"predecessor-version":[{"id":540,"href":"https:\/\/www.ull.es\/servicios\/unidad-audiovisuales\/fr\/wp-json\/wp\/v2\/pages\/120\/revisions\/540"}],"wp:attachment":[{"href":"https:\/\/www.ull.es\/servicios\/unidad-audiovisuales\/fr\/wp-json\/wp\/v2\/media?parent=120"}],"curies":[{"name":"wp","href":"https:\/\/api.w.org\/{rel}","templated":true}]}}