{"id":123,"date":"2024-10-02T10:46:39","date_gmt":"2024-10-02T08:46:39","guid":{"rendered":"https:\/\/www.ull.es\/servicios\/unidad-audiovisuales\/?page_id=123"},"modified":"2026-02-27T08:47:55","modified_gmt":"2026-02-27T07:47:55","slug":"video-tutoriales","status":"publish","type":"page","link":"https:\/\/www.ull.es\/servicios\/unidad-audiovisuales\/fr\/video-tutoriales\/","title":{"rendered":"Tutoriels vid\u00e9o"},"content":{"rendered":"<div class=\"wp-block-stackable-columns alignfull stk-block-columns stk-block stk-16a94b8\" data-block-id=\"16a94b8\"><style>.stk-16a94b8 {margin-bottom:56px !important;}@media screen and (max-width: 767px){.stk-16a94b8 {padding-top:0px !important;padding-right:0px !important;padding-bottom:0px !important;padding-left:0px !important;}}<\/style><div class=\"stk-row stk-inner-blocks stk-block-content stk-content-align stk-16a94b8-column alignfull\">\n<div class=\"wp-block-stackable-column stk-block-column stk-column stk-block stk-dfe9b01 stk-block-background stk--has-background-overlay\" data-v=\"4\" data-block-id=\"dfe9b01\"><style>.stk-dfe9b01 {background-image:url(https:\/\/www.ull.es\/servicios\/unidad-audiovisuales\/wp-content\/uploads\/sites\/57\/2024\/10\/audiovisuales_web_banner.jpg) !important;}.stk-dfe9b01:before{background-color:#000000 !important;opacity:0.3 !important;}@media screen and (max-width: 767px){.stk-dfe9b01 {padding-top:0px !important;padding-right:0px !important;padding-bottom:0px !important;padding-left:0px !important;}}<\/style><div class=\"stk-column-wrapper stk-block-column__content stk-container stk-dfe9b01-container stk--no-background stk--no-padding\"><div class=\"stk-block-content stk-inner-blocks stk-dfe9b01-inner-blocks\">\n<div class=\"wp-block-stackable-columns alignfull stk-block-columns stk-block stk-3bf239f\" data-block-id=\"3bf239f\"><style>@media screen and (max-width: 1023px){.stk-3bf239f {padding-left:0px !important;}}<\/style><div class=\"stk-row stk-inner-blocks stk-block-content stk-content-align stk-3bf239f-column alignfull\">\n<div class=\"wp-block-stackable-column stk-block-column stk-column stk-block stk-f66584c\" data-v=\"4\" data-block-id=\"f66584c\"><div class=\"stk-column-wrapper stk-block-column__content stk-container stk-f66584c-container stk--no-background stk--no-padding\"><div class=\"stk-block-content stk-inner-blocks stk-f66584c-inner-blocks\">\n<div class=\"wp-block-stackable-heading stk-block-heading stk-block-heading--v2 stk-block stk-1bb54e9\" id=\"video-tutoriales\" data-block-id=\"1bb54e9\"><style>.stk-1bb54e9 {padding-top:110px !important;padding-right:25px !important;padding-bottom:75px !important;padding-left:420px !important;}.stk-1bb54e9 .stk-block-heading__text{font-size:35px !important;color:#ffffff !important;font-weight:400 !important;}@media screen and (max-width: 1023px){.stk-1bb54e9 {padding-left:55px !important;}.stk-1bb54e9 .stk-block-heading__text{font-size:35px !important;}}@media screen and (max-width: 767px){.stk-1bb54e9 {padding-top:175px !important;padding-right:85px !important;padding-bottom:95px !important;padding-left:25px !important;}.stk-1bb54e9 .stk-block-heading__text{font-size:33px !important;}}<\/style><h2 class=\"stk-block-heading__text has-text-color has-text-align-left has-text-align-left-tablet has-text-align-left-mobile\">Tutoriels vid\u00e9o<\/h2><\/div>\n<\/div><\/div><\/div>\n<\/div><\/div>\n<\/div><\/div><\/div>\n<\/div><\/div>\n\n\n\n<div class=\"wp-block-stackable-columns alignfull stk-block-columns stk-block stk-019f113\" data-block-id=\"019f113\"><style>.stk-019f113 .stk--block-align-019f113{align-items:stretch !important;}.stk-019f113-column{--stk-column-gap:95px !important;}<\/style><div class=\"stk-row stk-inner-blocks stk--block-align-019f113 stk-block-content stk-content-align stk-019f113-column alignfull\">\n<div class=\"wp-block-stackable-column stk-block-column stk-column stk-block stk-f687265\" data-v=\"4\" data-block-id=\"f687265\"><style>.stk-f687265-inner-blocks{align-items:center !important;}.stk-f687265 {padding-right:400px !important;padding-left:400px !important;margin-bottom:var(--stk--preset--spacing--none, 0px) !important;}@media screen and (max-width: 1023px){.stk-f687265 {padding-right:50px !important;padding-left:50px !important;}}@media screen and (max-width: 767px){.stk-f687265-inner-blocks{align-items:center !important;}.stk-f687265 {padding-right:20px !important;padding-left:20px !important;}}<\/style><div class=\"stk-column-wrapper stk-block-column__content stk-container stk-f687265-container stk--no-background stk--no-padding\"><div class=\"stk--column-flex stk-block-content stk-inner-blocks stk-f687265-inner-blocks\">\n<div class=\"wp-block-stackable-text stk-block-text stk-block stk-cd49dce\" data-block-id=\"cd49dce\"><p class=\"stk-block-text__text\">Les tutoriels vid\u00e9o sont des contenus num\u00e9riques au format MP4 con\u00e7us pour enseigner ou expliquer comment r\u00e9aliser une t\u00e2che pr\u00e9cise, acqu\u00e9rir une comp\u00e9tence ou comprendre un concept particulier. Ils constituent un outil pr\u00e9cieux pour l&#039;apprentissage autonome, permettant \u00e0 chacun d&#039;apprendre de nouvelles comp\u00e9tences ou d&#039;acqu\u00e9rir des connaissances sp\u00e9cifiques \u00e0 son propre rythme et selon ses besoins. Afin d&#039;optimiser l&#039;utilisation des ressources, les r\u00e9servations doivent \u00eatre effectu\u00e9es au moins deux jours avant l&#039;enregistrement.<\/p><\/div>\n\n\n\n<div class=\"wp-block-stackable-columns stk-block-columns stk-block stk-e1446c0\" data-block-id=\"e1446c0\"><div class=\"stk-row stk-inner-blocks stk-block-content stk-content-align stk-e1446c0-column\">\n<div class=\"wp-block-stackable-column stk-block-column stk-column stk--hide-tablet stk--hide-mobile stk-block stk-0838df2\" data-v=\"4\" data-block-id=\"0838df2\"><div class=\"stk-column-wrapper stk-block-column__content stk-container stk-0838df2-container stk--no-background stk--no-padding\"><div class=\"stk-block-content stk-inner-blocks stk-0838df2-inner-blocks\">\n<iframe loading=\"lazy\" width=\"1150\" height=\"645\" src=\"https:\/\/www.youtube.com\/embed\/qOjnQqOaiIo?si=YaBHnYX8nhMJw43i\" title=\"lecteur vid\u00e9o YouTube\" frameborder=\"0\" allow=\"accelerometer; autoplay; clipboard-write; encrypted-media; gyroscope; picture-in-picture; web-share\" referrerpolicy=\"strict-origin-when-cross-origin\" allowfullscreen><\/iframe>\n<\/div><\/div><\/div>\n\n\n\n<div class=\"wp-block-stackable-column stk-block-column stk-column stk--hide-desktop stk--hide-mobile stk-block stk-8037436\" data-v=\"4\" data-block-id=\"8037436\"><div class=\"stk-column-wrapper stk-block-column__content stk-container stk-8037436-container stk--no-background stk--no-padding\"><div class=\"stk-block-content stk-inner-blocks stk-8037436-inner-blocks\">\n<iframe loading=\"lazy\" width=\"720\" height=\"405\" src=\"https:\/\/www.youtube.com\/embed\/qOjnQqOaiIo?si=YaBHnYX8nhMJw43i\" title=\"lecteur vid\u00e9o YouTube\" frameborder=\"0\" allow=\"accelerometer; autoplay; clipboard-write; encrypted-media; gyroscope; picture-in-picture; web-share\" referrerpolicy=\"strict-origin-when-cross-origin\" allowfullscreen><\/iframe>\n<\/div><\/div><\/div>\n\n\n\n<div class=\"wp-block-stackable-column stk-block-column stk-column stk--hide-desktop stk--hide-tablet stk-block stk-925867f\" data-v=\"4\" data-block-id=\"925867f\"><div class=\"stk-column-wrapper stk-block-column__content stk-container stk-925867f-container stk--no-background stk--no-padding\"><div class=\"stk-block-content stk-inner-blocks stk-925867f-inner-blocks\">\n<iframe loading=\"lazy\" width=\"374\" height=\"210\" src=\"https:\/\/www.youtube.com\/embed\/qOjnQqOaiIo?si=YaBHnYX8nhMJw43i\" title=\"lecteur vid\u00e9o YouTube\" frameborder=\"0\" allow=\"accelerometer; autoplay; clipboard-write; encrypted-media; gyroscope; picture-in-picture; web-share\" referrerpolicy=\"strict-origin-when-cross-origin\" allowfullscreen><\/iframe>\n<\/div><\/div><\/div>\n<\/div><\/div>\n<\/div><\/div><\/div>\n<\/div><\/div>\n\n\n\n<p><\/p>","protected":false},"excerpt":{"rendered":"<p>Tutoriels vid\u00e9o\u00a0: Les tutoriels vid\u00e9o sont des contenus num\u00e9riques au format MP4 con\u00e7us pour enseigner ou expliquer comment r\u00e9aliser une t\u00e2che sp\u00e9cifique, acqu\u00e9rir une comp\u00e9tence ou comprendre un concept particulier. Ils constituent un outil pr\u00e9cieux pour l\u2019apprentissage autonome, permettant d\u2019apprendre de nouvelles comp\u00e9tences ou d\u2019acqu\u00e9rir des connaissances.<\/p>","protected":false},"author":64,"featured_media":0,"parent":0,"menu_order":0,"comment_status":"closed","ping_status":"closed","template":"templates\/template-frontpage.php","meta":{"_acf_changed":false,"footnotes":""},"class_list":["post-123","page","type-page","status-publish","hentry"],"acf":[],"_links":{"self":[{"href":"https:\/\/www.ull.es\/servicios\/unidad-audiovisuales\/fr\/wp-json\/wp\/v2\/pages\/123","targetHints":{"allow":["GET"]}}],"collection":[{"href":"https:\/\/www.ull.es\/servicios\/unidad-audiovisuales\/fr\/wp-json\/wp\/v2\/pages"}],"about":[{"href":"https:\/\/www.ull.es\/servicios\/unidad-audiovisuales\/fr\/wp-json\/wp\/v2\/types\/page"}],"author":[{"embeddable":true,"href":"https:\/\/www.ull.es\/servicios\/unidad-audiovisuales\/fr\/wp-json\/wp\/v2\/users\/64"}],"replies":[{"embeddable":true,"href":"https:\/\/www.ull.es\/servicios\/unidad-audiovisuales\/fr\/wp-json\/wp\/v2\/comments?post=123"}],"version-history":[{"count":7,"href":"https:\/\/www.ull.es\/servicios\/unidad-audiovisuales\/fr\/wp-json\/wp\/v2\/pages\/123\/revisions"}],"predecessor-version":[{"id":542,"href":"https:\/\/www.ull.es\/servicios\/unidad-audiovisuales\/fr\/wp-json\/wp\/v2\/pages\/123\/revisions\/542"}],"wp:attachment":[{"href":"https:\/\/www.ull.es\/servicios\/unidad-audiovisuales\/fr\/wp-json\/wp\/v2\/media?parent=123"}],"curies":[{"name":"wp","href":"https:\/\/api.w.org\/{rel}","templated":true}]}}