{"id":129,"date":"2024-10-02T10:49:03","date_gmt":"2024-10-02T08:49:03","guid":{"rendered":"https:\/\/www.ull.es\/servicios\/unidad-audiovisuales\/?page_id=129"},"modified":"2026-02-27T08:55:24","modified_gmt":"2026-02-27T07:55:24","slug":"podcasts-innovacion-docente","status":"publish","type":"page","link":"https:\/\/www.ull.es\/servicios\/unidad-audiovisuales\/fr\/podcasts-innovacion-docente\/","title":{"rendered":"Podcasts sur l&#039;innovation \u00e9ducative"},"content":{"rendered":"<div class=\"wp-block-stackable-columns alignfull stk-block-columns stk-block stk-16a94b8\" data-block-id=\"16a94b8\"><style>.stk-16a94b8 {margin-bottom:56px !important;}@media screen and (max-width: 767px){.stk-16a94b8 {padding-top:0px !important;padding-right:0px !important;padding-bottom:0px !important;padding-left:0px !important;}}<\/style><div class=\"stk-row stk-inner-blocks stk-block-content stk-content-align stk-16a94b8-column alignfull\">\n<div class=\"wp-block-stackable-column stk-block-column stk-column stk-block stk-dfe9b01 stk-block-background stk--has-background-overlay\" data-v=\"4\" data-block-id=\"dfe9b01\"><style>.stk-dfe9b01 {background-image:url(https:\/\/www.ull.es\/servicios\/unidad-audiovisuales\/wp-content\/uploads\/sites\/57\/2024\/10\/audiovisuales_web_banner.jpg) !important;}.stk-dfe9b01:before{background-color:#000000 !important;opacity:0.3 !important;}@media screen and (max-width: 767px){.stk-dfe9b01 {padding-top:0px !important;padding-right:0px !important;padding-bottom:0px !important;padding-left:0px !important;}.stk-dfe9b01-container{min-height:320px !important;}}<\/style><div class=\"stk-column-wrapper stk-block-column__content stk-container stk-dfe9b01-container stk--no-background stk--no-padding\"><div class=\"stk-block-content stk-inner-blocks stk-dfe9b01-inner-blocks\">\n<div class=\"wp-block-stackable-columns alignfull stk-block-columns stk-block stk-3bf239f\" data-block-id=\"3bf239f\"><style>@media screen and (max-width: 1023px){.stk-3bf239f {padding-left:0px !important;}}<\/style><div class=\"stk-row stk-inner-blocks stk-block-content stk-content-align stk-3bf239f-column alignfull\">\n<div class=\"wp-block-stackable-column stk-block-column stk-column stk-block stk-f66584c\" data-v=\"4\" data-block-id=\"f66584c\"><div class=\"stk-column-wrapper stk-block-column__content stk-container stk-f66584c-container stk--no-background stk--no-padding\"><div class=\"stk-block-content stk-inner-blocks stk-f66584c-inner-blocks\">\n<div class=\"wp-block-stackable-heading stk-block-heading stk-block-heading--v2 stk-block stk-1bb54e9\" id=\"podcasts-innovacion-docente\" data-block-id=\"1bb54e9\"><style>.stk-1bb54e9 {padding-top:110px !important;padding-right:25px !important;padding-bottom:75px !important;padding-left:420px !important;}.stk-1bb54e9 .stk-block-heading__text{font-size:35px !important;color:#ffffff !important;font-weight:400 !important;}@media screen and (max-width: 1023px){.stk-1bb54e9 {padding-left:55px !important;}.stk-1bb54e9 .stk-block-heading__text{font-size:35px !important;}}@media screen and (max-width: 767px){.stk-1bb54e9 {padding-right:75px !important;padding-left:25px !important;}.stk-1bb54e9 .stk-block-heading__text{font-size:33px !important;}}<\/style><h2 class=\"stk-block-heading__text has-text-color has-text-align-left has-text-align-left-tablet has-text-align-left-mobile\">Podcasts sur l&#039;innovation \u00e9ducative<\/h2><\/div>\n<\/div><\/div><\/div>\n<\/div><\/div>\n<\/div><\/div><\/div>\n<\/div><\/div>\n\n\n\n<div class=\"wp-block-stackable-columns alignfull stk-block-columns stk-block stk-019f113\" data-block-id=\"019f113\"><style>.stk-019f113 .stk--block-align-019f113{align-items:stretch !important;}.stk-019f113-column{--stk-column-gap:95px !important;}<\/style><div class=\"stk-row stk-inner-blocks stk--block-align-019f113 stk-block-content stk-content-align stk-019f113-column alignfull\">\n<div class=\"wp-block-stackable-column stk-block-column stk-column stk-block stk-f687265\" data-v=\"4\" data-block-id=\"f687265\"><style>.stk-f687265 {padding-right:400px !important;padding-left:400px !important;margin-bottom:var(--stk--preset--spacing--none, 0px) !important;}@media screen and (max-width: 1023px){.stk-f687265 {padding-right:50px !important;padding-left:50px !important;}}@media screen and (max-width: 767px){.stk-f687265-inner-blocks{align-items:center !important;}.stk-f687265 {padding-right:20px !important;padding-left:20px !important;}}<\/style><div class=\"stk-column-wrapper stk-block-column__content stk-container stk-f687265-container stk--no-background stk--no-padding\"><div class=\"stk-block-content stk-inner-blocks stk-f687265-inner-blocks\">\n<div class=\"wp-block-stackable-text stk-block-text stk-block stk-dde9166\" data-block-id=\"dde9166\"><p class=\"stk-block-text__text\">Un format de contenu num\u00e9rique compos\u00e9 de fichiers audio, g\u00e9n\u00e9ralement au format MP3, et, le cas \u00e9ch\u00e9ant, de vid\u00e9os MP4, diffus\u00e9 sur Internet. Les utilisateurs peuvent les t\u00e9l\u00e9charger ou les \u00e9couter en streaming sur appareils mobiles, ordinateurs ou autres lecteurs audio. Ces podcasts traitent g\u00e9n\u00e9ralement de sujets li\u00e9s \u00e0 l&#039;enseignement sup\u00e9rieur, \u00e0 la recherche, \u00e0 la vie universitaire et \u00e0 d&#039;autres questions importantes pour la communaut\u00e9 universitaire. Il est fr\u00e9quent que des professeurs, des chercheurs, des \u00e9tudiants et des experts de divers domaines partagent leurs connaissances, leurs exp\u00e9riences et leurs points de vue sur des sujets acad\u00e9miques. Les podcasts universitaires offrent au public la possibilit\u00e9 d&#039;acc\u00e9der \u00e0 l&#039;information acad\u00e9mique de mani\u00e8re accessible et souvent plus informelle que les cours magistraux traditionnels. Ils peuvent \u00e9galement servir de plateforme pour la diffusion scientifique et la promotion des recherches et projets en cours au sein de la communaut\u00e9 universitaire. Afin de g\u00e9rer efficacement les ressources, les r\u00e9servations doivent \u00eatre effectu\u00e9es au moins six jours avant l&#039;enregistrement.<\/p><\/div>\n<\/div><\/div><\/div>\n<\/div><\/div>","protected":false},"excerpt":{"rendered":"<p>Podcasts sur l&#039;innovation p\u00e9dagogique\u00a0: Format de contenu num\u00e9rique compos\u00e9 de fichiers audio, g\u00e9n\u00e9ralement au format MP3 et, le cas \u00e9ch\u00e9ant, de vid\u00e9os MP4, diffus\u00e9s sur Internet et disponibles en t\u00e9l\u00e9chargement ou en streaming pour les utilisateurs sur appareils mobiles, ordinateurs ou autres lecteurs audio. Ces podcasts traitent g\u00e9n\u00e9ralement de\u2026<\/p>","protected":false},"author":64,"featured_media":0,"parent":0,"menu_order":0,"comment_status":"closed","ping_status":"closed","template":"templates\/template-frontpage.php","meta":{"_acf_changed":false,"footnotes":""},"class_list":["post-129","page","type-page","status-publish","hentry"],"acf":[],"_links":{"self":[{"href":"https:\/\/www.ull.es\/servicios\/unidad-audiovisuales\/fr\/wp-json\/wp\/v2\/pages\/129","targetHints":{"allow":["GET"]}}],"collection":[{"href":"https:\/\/www.ull.es\/servicios\/unidad-audiovisuales\/fr\/wp-json\/wp\/v2\/pages"}],"about":[{"href":"https:\/\/www.ull.es\/servicios\/unidad-audiovisuales\/fr\/wp-json\/wp\/v2\/types\/page"}],"author":[{"embeddable":true,"href":"https:\/\/www.ull.es\/servicios\/unidad-audiovisuales\/fr\/wp-json\/wp\/v2\/users\/64"}],"replies":[{"embeddable":true,"href":"https:\/\/www.ull.es\/servicios\/unidad-audiovisuales\/fr\/wp-json\/wp\/v2\/comments?post=129"}],"version-history":[{"count":5,"href":"https:\/\/www.ull.es\/servicios\/unidad-audiovisuales\/fr\/wp-json\/wp\/v2\/pages\/129\/revisions"}],"predecessor-version":[{"id":547,"href":"https:\/\/www.ull.es\/servicios\/unidad-audiovisuales\/fr\/wp-json\/wp\/v2\/pages\/129\/revisions\/547"}],"wp:attachment":[{"href":"https:\/\/www.ull.es\/servicios\/unidad-audiovisuales\/fr\/wp-json\/wp\/v2\/media?parent=129"}],"curies":[{"name":"wp","href":"https:\/\/api.w.org\/{rel}","templated":true}]}}