{"id":136,"date":"2024-10-02T10:52:35","date_gmt":"2024-10-02T08:52:35","guid":{"rendered":"https:\/\/www.ull.es\/servicios\/unidad-audiovisuales\/?page_id=136"},"modified":"2026-02-27T08:50:43","modified_gmt":"2026-02-27T07:50:43","slug":"documentacion-y-recursos","status":"publish","type":"page","link":"https:\/\/www.ull.es\/servicios\/unidad-audiovisuales\/fr\/documentacion-y-recursos\/","title":{"rendered":"Documentation et ressources"},"content":{"rendered":"<div class=\"wp-block-stackable-columns alignfull stk-block-columns stk-block stk-16a94b8\" data-block-id=\"16a94b8\"><style>.stk-16a94b8 {margin-bottom:56px !important;}@media screen and (max-width: 767px){.stk-16a94b8 {padding-top:0px !important;padding-right:0px !important;padding-bottom:0px !important;padding-left:0px !important;}}<\/style><div class=\"stk-row stk-inner-blocks stk-block-content stk-content-align stk-16a94b8-column alignfull\">\n<div class=\"wp-block-stackable-column stk-block-column stk-column stk-block stk-dfe9b01 stk-block-background stk--has-background-overlay\" data-v=\"4\" data-block-id=\"dfe9b01\"><style>.stk-dfe9b01 {background-image:url(https:\/\/www.ull.es\/servicios\/unidad-audiovisuales\/wp-content\/uploads\/sites\/57\/2024\/10\/audiovisuales_web_banner.jpg) !important;}.stk-dfe9b01:before{background-color:#000000 !important;opacity:0.3 !important;}@media screen and (max-width: 767px){.stk-dfe9b01 {padding-top:0px !important;padding-right:0px !important;padding-bottom:0px !important;padding-left:0px !important;}}<\/style><div class=\"stk-column-wrapper stk-block-column__content stk-container stk-dfe9b01-container stk--no-background stk--no-padding\"><div class=\"stk-block-content stk-inner-blocks stk-dfe9b01-inner-blocks\">\n<div class=\"wp-block-stackable-columns alignfull stk-block-columns stk-block stk-3bf239f\" data-block-id=\"3bf239f\"><style>@media screen and (max-width: 1023px){.stk-3bf239f {padding-left:0px !important;}}<\/style><div class=\"stk-row stk-inner-blocks stk-block-content stk-content-align stk-3bf239f-column alignfull\">\n<div class=\"wp-block-stackable-column stk-block-column stk-column stk-block stk-f66584c\" data-v=\"4\" data-block-id=\"f66584c\"><div class=\"stk-column-wrapper stk-block-column__content stk-container stk-f66584c-container stk--no-background stk--no-padding\"><div class=\"stk-block-content stk-inner-blocks stk-f66584c-inner-blocks\">\n<div class=\"wp-block-stackable-heading stk-block-heading stk-block-heading--v2 stk-block stk-1bb54e9\" id=\"documentacion-y-recursos\" data-block-id=\"1bb54e9\"><style>.stk-1bb54e9 {padding-top:110px !important;padding-right:25px !important;padding-bottom:75px !important;padding-left:420px !important;}.stk-1bb54e9 .stk-block-heading__text{font-size:35px !important;color:#ffffff !important;font-weight:400 !important;}@media screen and (max-width: 1023px){.stk-1bb54e9 {padding-left:55px !important;}.stk-1bb54e9 .stk-block-heading__text{font-size:35px !important;}}@media screen and (max-width: 767px){.stk-1bb54e9 {padding-top:175px !important;padding-right:85px !important;padding-bottom:95px !important;padding-left:25px !important;}.stk-1bb54e9 .stk-block-heading__text{font-size:33px !important;}}<\/style><h2 class=\"stk-block-heading__text has-text-color has-text-align-left has-text-align-left-tablet has-text-align-left-mobile\">Documentation et ressources<\/h2><\/div>\n<\/div><\/div><\/div>\n<\/div><\/div>\n<\/div><\/div><\/div>\n<\/div><\/div>\n\n\n\n<div class=\"wp-block-stackable-columns alignfull stk-block-columns stk-block stk-019f113\" data-block-id=\"019f113\"><style>.stk-019f113 .stk--block-align-019f113{align-items:stretch !important;}.stk-019f113-column{--stk-column-gap:95px !important;}<\/style><div class=\"stk-row stk-inner-blocks stk--block-align-019f113 stk-block-content stk-content-align stk-019f113-column alignfull\">\n<div class=\"wp-block-stackable-column stk-block-column stk-column stk-block stk-f687265\" data-v=\"4\" data-block-id=\"f687265\"><style>.stk-f687265-inner-blocks{align-items:center !important;}.stk-f687265 {padding-right:400px !important;padding-left:400px !important;margin-bottom:var(--stk--preset--spacing--none, 0px) !important;}@media screen and (max-width: 1023px){.stk-f687265 {padding-right:50px !important;padding-left:50px !important;}}@media screen and (max-width: 767px){.stk-f687265-inner-blocks{align-items:center !important;}.stk-f687265 {padding-right:20px !important;padding-left:20px !important;}}<\/style><div class=\"stk-column-wrapper stk-block-column__content stk-container stk-f687265-container stk--no-background stk--no-padding\"><div class=\"stk--column-flex stk-block-content stk-inner-blocks stk-f687265-inner-blocks\">\n<div class=\"wp-block-stackable-text stk-block-text stk-block stk-cd49dce\" data-block-id=\"cd49dce\"><p class=\"stk-block-text__text\"><\/p><\/div>\n\n\n\n<ul class=\"wp-block-list\">\n<li><strong>R\u00e8glements:<\/strong>\u00a0Pour enregistrer en studio et pouvoir t\u00e9l\u00e9charger la vid\u00e9o sur les plateformes num\u00e9riques, nous aurons besoin de\u00a0<a href=\"https:\/\/drive.google.com\/file\/d\/13z-Nf716tk9hYJ_nKFAentEiVjAHuUNx\/view\" target=\"_blank\" rel=\"noreferrer noopener\">Ce document<\/a>\u00a0Sign\u00e9 par chaque intervenant. Nous vous le remettrons le jour de l&#039;enregistrement, ou si vous pr\u00e9f\u00e9rez, vous pouvez le t\u00e9l\u00e9charger, le signer et l&#039;envoyer \u00e0 l&#039;adresse \u00e9lectronique suivante\u00a0:\u00a0<a href=\"mailto:audiovisuales@fg.ull.es\" target=\"_blank\" rel=\"noreferrer noopener\">audiovisuales@fg.ull.es<\/a><\/li>\n\n\n\n<li><strong>Guides pour les enseignants\u00a0:<\/strong>\n<ul class=\"wp-block-list\">\n<li><a href=\"https:\/\/drive.google.com\/file\/d\/1C7LRED3YZjXgD4GZofhyPa7-uDswk0NS\/view?usp=sharing\" target=\"_blank\" rel=\"noreferrer noopener\">Guide d&#039;enregistrement vid\u00e9o<\/a><\/li>\n<\/ul>\n<\/li>\n<\/ul>\n\n\n\n<div class=\"wp-block-stackable-columns stk-block-columns stk-block stk-e1446c0\" data-block-id=\"e1446c0\"><div class=\"stk-row stk-inner-blocks stk-block-content stk-content-align stk-e1446c0-column\">\n<div class=\"wp-block-stackable-column stk-block-column stk-column stk-block stk-0838df2\" data-v=\"4\" data-block-id=\"0838df2\"><div class=\"stk-column-wrapper stk-block-column__content stk-container stk-0838df2-container stk--no-background stk--no-padding\"><div class=\"stk-block-content stk-inner-blocks stk-0838df2-inner-blocks\">\n<div class=\"wp-block-stackable-image stk-block-image stk-block stk-29d3a48\" data-block-id=\"29d3a48\"><figure><span class=\"stk-img-wrapper stk-image--shape-stretch\"><img loading=\"lazy\" decoding=\"async\" class=\"stk-img wp-image-168\" src=\"https:\/\/www.ull.es\/servicios\/unidad-audiovisuales\/wp-content\/uploads\/sites\/57\/2024\/10\/Captura-de-pantalla-2024-10-15-a-las-9.43.38.jpg\" width=\"1134\" height=\"1600\" srcset=\"https:\/\/www.ull.es\/servicios\/unidad-audiovisuales\/wp-content\/uploads\/sites\/57\/2024\/10\/Captura-de-pantalla-2024-10-15-a-las-9.43.38.jpg 1134w, https:\/\/www.ull.es\/servicios\/unidad-audiovisuales\/wp-content\/uploads\/sites\/57\/2024\/10\/Captura-de-pantalla-2024-10-15-a-las-9.43.38-213x300.jpg 213w, https:\/\/www.ull.es\/servicios\/unidad-audiovisuales\/wp-content\/uploads\/sites\/57\/2024\/10\/Captura-de-pantalla-2024-10-15-a-las-9.43.38-726x1024.jpg 726w, https:\/\/www.ull.es\/servicios\/unidad-audiovisuales\/wp-content\/uploads\/sites\/57\/2024\/10\/Captura-de-pantalla-2024-10-15-a-las-9.43.38-768x1084.jpg 768w, https:\/\/www.ull.es\/servicios\/unidad-audiovisuales\/wp-content\/uploads\/sites\/57\/2024\/10\/Captura-de-pantalla-2024-10-15-a-las-9.43.38-1089x1536.jpg 1089w, https:\/\/www.ull.es\/servicios\/unidad-audiovisuales\/wp-content\/uploads\/sites\/57\/2024\/10\/Captura-de-pantalla-2024-10-15-a-las-9.43.38-375x529.jpg 375w, https:\/\/www.ull.es\/servicios\/unidad-audiovisuales\/wp-content\/uploads\/sites\/57\/2024\/10\/Captura-de-pantalla-2024-10-15-a-las-9.43.38-750x1058.jpg 750w\" sizes=\"auto, (max-width: 1134px) 100vw, 1134px\" \/><\/span><\/figure><\/div>\n<\/div><\/div><\/div>\n\n\n\n<div class=\"wp-block-stackable-column stk-block-column stk-column stk-block stk-8037436\" data-v=\"4\" data-block-id=\"8037436\"><div class=\"stk-column-wrapper stk-block-column__content stk-container stk-8037436-container stk--no-background stk--no-padding\"><div class=\"stk-block-content stk-inner-blocks stk-8037436-inner-blocks\">\n<div class=\"wp-block-stackable-image stk-block-image stk-block stk-10f97d7\" data-block-id=\"10f97d7\"><figure><span class=\"stk-img-wrapper stk-image--shape-stretch\"><img loading=\"lazy\" decoding=\"async\" class=\"stk-img wp-image-167\" src=\"https:\/\/www.ull.es\/servicios\/unidad-audiovisuales\/wp-content\/uploads\/sites\/57\/2024\/10\/Captura-de-pantalla-2024-10-15-a-las-9.44.09.jpg\" width=\"1133\" height=\"1600\" srcset=\"https:\/\/www.ull.es\/servicios\/unidad-audiovisuales\/wp-content\/uploads\/sites\/57\/2024\/10\/Captura-de-pantalla-2024-10-15-a-las-9.44.09.jpg 1133w, https:\/\/www.ull.es\/servicios\/unidad-audiovisuales\/wp-content\/uploads\/sites\/57\/2024\/10\/Captura-de-pantalla-2024-10-15-a-las-9.44.09-212x300.jpg 212w, https:\/\/www.ull.es\/servicios\/unidad-audiovisuales\/wp-content\/uploads\/sites\/57\/2024\/10\/Captura-de-pantalla-2024-10-15-a-las-9.44.09-725x1024.jpg 725w, https:\/\/www.ull.es\/servicios\/unidad-audiovisuales\/wp-content\/uploads\/sites\/57\/2024\/10\/Captura-de-pantalla-2024-10-15-a-las-9.44.09-768x1085.jpg 768w, https:\/\/www.ull.es\/servicios\/unidad-audiovisuales\/wp-content\/uploads\/sites\/57\/2024\/10\/Captura-de-pantalla-2024-10-15-a-las-9.44.09-1088x1536.jpg 1088w, https:\/\/www.ull.es\/servicios\/unidad-audiovisuales\/wp-content\/uploads\/sites\/57\/2024\/10\/Captura-de-pantalla-2024-10-15-a-las-9.44.09-375x530.jpg 375w, https:\/\/www.ull.es\/servicios\/unidad-audiovisuales\/wp-content\/uploads\/sites\/57\/2024\/10\/Captura-de-pantalla-2024-10-15-a-las-9.44.09-750x1059.jpg 750w\" sizes=\"auto, (max-width: 1133px) 100vw, 1133px\" \/><\/span><\/figure><\/div>\n<\/div><\/div><\/div>\n\n\n\n<div class=\"wp-block-stackable-column stk-block-column stk-column stk-block stk-925867f\" data-v=\"4\" data-block-id=\"925867f\"><div class=\"stk-column-wrapper stk-block-column__content stk-container stk-925867f-container stk--no-background stk--no-padding\"><div class=\"stk-block-content stk-inner-blocks stk-925867f-inner-blocks\">\n<div class=\"wp-block-stackable-image stk-block-image stk-block stk-0ac7c65\" data-block-id=\"0ac7c65\"><figure><span class=\"stk-img-wrapper stk-image--shape-stretch\"><img loading=\"lazy\" decoding=\"async\" class=\"stk-img wp-image-165\" src=\"https:\/\/www.ull.es\/servicios\/unidad-audiovisuales\/wp-content\/uploads\/sites\/57\/2024\/10\/Captura-de-pantalla-2024-10-15-a-las-9.43.54.jpg\" width=\"1135\" height=\"1600\" srcset=\"https:\/\/www.ull.es\/servicios\/unidad-audiovisuales\/wp-content\/uploads\/sites\/57\/2024\/10\/Captura-de-pantalla-2024-10-15-a-las-9.43.54.jpg 1135w, https:\/\/www.ull.es\/servicios\/unidad-audiovisuales\/wp-content\/uploads\/sites\/57\/2024\/10\/Captura-de-pantalla-2024-10-15-a-las-9.43.54-213x300.jpg 213w, https:\/\/www.ull.es\/servicios\/unidad-audiovisuales\/wp-content\/uploads\/sites\/57\/2024\/10\/Captura-de-pantalla-2024-10-15-a-las-9.43.54-726x1024.jpg 726w, https:\/\/www.ull.es\/servicios\/unidad-audiovisuales\/wp-content\/uploads\/sites\/57\/2024\/10\/Captura-de-pantalla-2024-10-15-a-las-9.43.54-768x1083.jpg 768w, https:\/\/www.ull.es\/servicios\/unidad-audiovisuales\/wp-content\/uploads\/sites\/57\/2024\/10\/Captura-de-pantalla-2024-10-15-a-las-9.43.54-1090x1536.jpg 1090w, https:\/\/www.ull.es\/servicios\/unidad-audiovisuales\/wp-content\/uploads\/sites\/57\/2024\/10\/Captura-de-pantalla-2024-10-15-a-las-9.43.54-375x529.jpg 375w, https:\/\/www.ull.es\/servicios\/unidad-audiovisuales\/wp-content\/uploads\/sites\/57\/2024\/10\/Captura-de-pantalla-2024-10-15-a-las-9.43.54-750x1057.jpg 750w\" sizes=\"auto, (max-width: 1135px) 100vw, 1135px\" \/><\/span><\/figure><\/div>\n<\/div><\/div><\/div>\n<\/div><\/div>\n<\/div><\/div><\/div>\n<\/div><\/div>\n\n\n\n<p><\/p>","protected":false},"excerpt":{"rendered":"<p>Documentation et ressources<\/p>","protected":false},"author":64,"featured_media":0,"parent":0,"menu_order":0,"comment_status":"closed","ping_status":"closed","template":"templates\/template-frontpage.php","meta":{"_acf_changed":false,"footnotes":""},"class_list":["post-136","page","type-page","status-publish","hentry"],"acf":[],"_links":{"self":[{"href":"https:\/\/www.ull.es\/servicios\/unidad-audiovisuales\/fr\/wp-json\/wp\/v2\/pages\/136","targetHints":{"allow":["GET"]}}],"collection":[{"href":"https:\/\/www.ull.es\/servicios\/unidad-audiovisuales\/fr\/wp-json\/wp\/v2\/pages"}],"about":[{"href":"https:\/\/www.ull.es\/servicios\/unidad-audiovisuales\/fr\/wp-json\/wp\/v2\/types\/page"}],"author":[{"embeddable":true,"href":"https:\/\/www.ull.es\/servicios\/unidad-audiovisuales\/fr\/wp-json\/wp\/v2\/users\/64"}],"replies":[{"embeddable":true,"href":"https:\/\/www.ull.es\/servicios\/unidad-audiovisuales\/fr\/wp-json\/wp\/v2\/comments?post=136"}],"version-history":[{"count":9,"href":"https:\/\/www.ull.es\/servicios\/unidad-audiovisuales\/fr\/wp-json\/wp\/v2\/pages\/136\/revisions"}],"predecessor-version":[{"id":545,"href":"https:\/\/www.ull.es\/servicios\/unidad-audiovisuales\/fr\/wp-json\/wp\/v2\/pages\/136\/revisions\/545"}],"wp:attachment":[{"href":"https:\/\/www.ull.es\/servicios\/unidad-audiovisuales\/fr\/wp-json\/wp\/v2\/media?parent=136"}],"curies":[{"name":"wp","href":"https:\/\/api.w.org\/{rel}","templated":true}]}}