{"id":13,"date":"2019-06-20T13:17:21","date_gmt":"2019-06-20T11:17:21","guid":{"rendered":"https:\/\/www.ull.es\/servicios\/negociado-pruebas-acceso\/?page_id=13"},"modified":"2026-02-26T13:04:50","modified_gmt":"2026-02-26T12:04:50","slug":"inicio","status":"publish","type":"page","link":"https:\/\/www.ull.es\/servicios\/unidad-de-evaluacion-y-mejora-de-la-calidad-uemc\/fr\/","title":{"rendered":"Commencer"},"content":{"rendered":"<div class=\"wp-block-stackable-columns alignfull stk-block-columns stk-block stk-16a94b8\" data-block-id=\"16a94b8\"><style>.stk-16a94b8 {margin-bottom:45px !important;}@media screen and (max-width: 767px){.stk-16a94b8 {padding-top:0px !important;padding-right:0px !important;padding-bottom:0px !important;padding-left:0px !important;}}<\/style><div class=\"stk-row stk-inner-blocks stk-block-content stk-content-align stk-16a94b8-column alignfull\">\n<div class=\"wp-block-stackable-column stk-block-column stk-column stk-block stk-dfe9b01 stk-block-background stk--has-background-overlay\" data-v=\"4\" data-block-id=\"dfe9b01\"><style>.stk-dfe9b01 {background-image:url(https:\/\/www.ull.es\/servicios\/unidad-de-evaluacion-y-mejora-de-la-calidad-uemc\/wp-content\/uploads\/sites\/50\/2019\/08\/47-Unidad-de-Evaluacion-y-Mejora-de-la-calidad-2.jpg) !important;}.stk-dfe9b01:before{background-color:#000000 !important;opacity:0.3 !important;}@media screen and (max-width: 767px){.stk-dfe9b01 {padding-top:0px !important;padding-right:0px !important;padding-bottom:0px !important;padding-left:0px !important;}.stk-dfe9b01-container{min-height:320px !important;}}<\/style><div class=\"stk-column-wrapper stk-block-column__content stk-container stk-dfe9b01-container stk--no-background stk--no-padding\"><div class=\"stk-block-content stk-inner-blocks stk-dfe9b01-inner-blocks\">\n<div class=\"wp-block-stackable-columns alignfull stk-block-columns stk-block stk-3bf239f\" data-block-id=\"3bf239f\"><style>@media screen and (max-width: 1023px){.stk-3bf239f {padding-left:0px !important;}}<\/style><div class=\"stk-row stk-inner-blocks stk-block-content stk-content-align stk-3bf239f-column alignfull\">\n<div class=\"wp-block-stackable-column stk-block-column stk-column stk-block stk-f66584c\" data-v=\"4\" data-block-id=\"f66584c\"><div class=\"stk-column-wrapper stk-block-column__content stk-container stk-f66584c-container stk--no-background stk--no-padding\"><div class=\"stk-block-content stk-inner-blocks stk-f66584c-inner-blocks\">\n<div class=\"wp-block-stackable-heading stk-block-heading stk-block-heading--v2 stk-block stk-1bb54e9\" id=\"unidad-de-evaluacion-y-mejora-de-la-calidad\" data-block-id=\"1bb54e9\"><style>.stk-1bb54e9 {padding-top:110px !important;padding-right:25px !important;padding-bottom:75px !important;padding-left:420px !important;}.stk-1bb54e9 .stk-block-heading__text{font-size:35px !important;color:#ffffff !important;font-weight:400 !important;}@media screen and (max-width: 1023px){.stk-1bb54e9 {padding-left:55px !important;}.stk-1bb54e9 .stk-block-heading__text{font-size:35px !important;}}@media screen and (max-width: 767px){.stk-1bb54e9 {padding-right:75px !important;padding-left:25px !important;}.stk-1bb54e9 .stk-block-heading__text{font-size:33px !important;}}<\/style><h2 class=\"stk-block-heading__text has-text-color has-text-align-left has-text-align-left-tablet has-text-align-left-mobile\">Unit\u00e9 d&#039;\u00e9valuation et d&#039;am\u00e9lioration de la qualit\u00e9<\/h2><\/div>\n<\/div><\/div><\/div>\n<\/div><\/div>\n<\/div><\/div><\/div>\n<\/div><\/div>\n\n\n\n<div class=\"wp-block-stackable-columns alignfull stk-block-columns stk-block stk-a768426\" data-block-id=\"a768426\"><style>.stk-a768426 {margin-bottom:56px !important;}<\/style><div class=\"stk-row stk-inner-blocks stk-block-content stk-content-align stk-a768426-column alignfull\">\n<div class=\"wp-block-stackable-column stk-block-column stk-column stk-block stk-7a93856\" data-v=\"4\" data-block-id=\"7a93856\"><style>.stk-7a93856 {padding-right:405px !important;padding-left:405px !important;}@media screen and (max-width: 1023px){.stk-7a93856 {padding-right:50px !important;padding-left:50px !important;}}@media screen and (max-width: 767px){.stk-7a93856 {padding-right:20px !important;padding-left:20px !important;}}<\/style><div class=\"stk-column-wrapper stk-block-column__content stk-container stk-7a93856-container stk--no-background stk--no-padding\"><div class=\"stk-block-content stk-inner-blocks stk-7a93856-inner-blocks\">\n<div class=\"wp-block-stackable-text stk-block-text stk-block stk-42f4015\" data-block-id=\"42f4015\"><style>.stk-42f4015 .stk-block-text__text{font-size:16px !important;}@media screen and (max-width: 1023px){.stk-42f4015 .stk-block-text__text{font-size:16px !important;}}<\/style><p class=\"stk-block-text__text has-text-align-left\"><br>L\u2019Unit\u00e9 d\u2019\u00e9valuation et d\u2019am\u00e9lioration de la qualit\u00e9 (UEMC) propose, promeut, coordonne, \u00e9value et actualise les processus d\u2019\u00e9valuation et de formation n\u00e9cessaires au d\u00e9veloppement optimal des activit\u00e9s d\u2019enseignement, de recherche, administratives et de service de la communaut\u00e9 universitaire. L\u2019UEMC apporte \u00e9galement une assistance technique au Conseil de la qualit\u00e9 et aux autres instances impliqu\u00e9es dans les d\u00e9marches d\u2019am\u00e9lioration continue de l\u2019\u00e9tablissement et collabore avec les agences r\u00e9gionales et nationales d\u2019assurance qualit\u00e9 au d\u00e9veloppement de leurs programmes au sein de l\u2019universit\u00e9. L\u2019UEMC est compos\u00e9e de cinq membres\u00a0: trois professeurs titulaires de l\u2019Universit\u00e9 de La Laguna et deux membres du personnel administratif et de service de l\u2019ULL, dont les fonctions sont li\u00e9es aux processus d\u2019\u00e9valuation et d\u2019am\u00e9lioration de la qualit\u00e9 (Section Qualit\u00e9 et Bureau d\u2019analyse et de planification). Elle b\u00e9n\u00e9ficie \u00e9galement du soutien de l\u2019\u00e9quipe de l\u2019Unit\u00e9 technique qualit\u00e9.<\/p><\/div>\n<\/div><\/div><\/div>\n<\/div><\/div>\n\n\n\n<p><\/p>","protected":false},"excerpt":{"rendered":"<p>Unidad de Evaluaci\u00f3n y Mejora de la Calidad La Unidad de Evaluaci\u00f3n y Mejora de la Calidad propone, impulsa, coordina, valora y actualiza los procesos evaluadores y formativos necesarios para garantizar el \u00f3ptimo desarrollo de las actividades docentes, de investigaci\u00f3n y de administraci\u00f3n y servicios de la comunidad universitaria. Tambi\u00e9n la UEMC asiste t\u00e9cnicamente al&#8230;<\/p>","protected":false},"author":49,"featured_media":0,"parent":0,"menu_order":0,"comment_status":"closed","ping_status":"closed","template":"templates\/template-frontpage.php","meta":{"_acf_changed":false,"footnotes":""},"class_list":["post-13","page","type-page","status-publish","hentry"],"acf":[],"_links":{"self":[{"href":"https:\/\/www.ull.es\/servicios\/unidad-de-evaluacion-y-mejora-de-la-calidad-uemc\/fr\/wp-json\/wp\/v2\/pages\/13","targetHints":{"allow":["GET"]}}],"collection":[{"href":"https:\/\/www.ull.es\/servicios\/unidad-de-evaluacion-y-mejora-de-la-calidad-uemc\/fr\/wp-json\/wp\/v2\/pages"}],"about":[{"href":"https:\/\/www.ull.es\/servicios\/unidad-de-evaluacion-y-mejora-de-la-calidad-uemc\/fr\/wp-json\/wp\/v2\/types\/page"}],"author":[{"embeddable":true,"href":"https:\/\/www.ull.es\/servicios\/unidad-de-evaluacion-y-mejora-de-la-calidad-uemc\/fr\/wp-json\/wp\/v2\/users\/49"}],"replies":[{"embeddable":true,"href":"https:\/\/www.ull.es\/servicios\/unidad-de-evaluacion-y-mejora-de-la-calidad-uemc\/fr\/wp-json\/wp\/v2\/comments?post=13"}],"version-history":[{"count":15,"href":"https:\/\/www.ull.es\/servicios\/unidad-de-evaluacion-y-mejora-de-la-calidad-uemc\/fr\/wp-json\/wp\/v2\/pages\/13\/revisions"}],"predecessor-version":[{"id":78,"href":"https:\/\/www.ull.es\/servicios\/unidad-de-evaluacion-y-mejora-de-la-calidad-uemc\/fr\/wp-json\/wp\/v2\/pages\/13\/revisions\/78"}],"wp:attachment":[{"href":"https:\/\/www.ull.es\/servicios\/unidad-de-evaluacion-y-mejora-de-la-calidad-uemc\/fr\/wp-json\/wp\/v2\/media?parent=13"}],"curies":[{"name":"wp","href":"https:\/\/api.w.org\/{rel}","templated":true}]}}