{"id":13,"date":"2019-06-20T13:17:21","date_gmt":"2019-06-20T11:17:21","guid":{"rendered":"https:\/\/www.ull.es\/servicios\/negociado-pruebas-acceso\/?page_id=13"},"modified":"2026-02-26T13:04:59","modified_gmt":"2026-02-26T12:04:59","slug":"inicio","status":"publish","type":"page","link":"https:\/\/www.ull.es\/servicios\/unidad-de-mediacion-y-asesoramiento-para-la-convivencia\/fr\/","title":{"rendered":"Commencer"},"content":{"rendered":"<div class=\"wp-block-stackable-columns alignfull stk-block-columns stk-block stk-16a94b8\" data-block-id=\"16a94b8\"><style>.stk-16a94b8 {margin-bottom:76px !important;}@media screen and (max-width: 767px){.stk-16a94b8 {padding-top:0px !important;padding-right:0px !important;padding-bottom:0px !important;padding-left:0px !important;}}<\/style><div class=\"stk-row stk-inner-blocks stk-block-content stk-content-align stk-16a94b8-column alignfull\">\n<div class=\"wp-block-stackable-column stk-block-column stk-column stk-block stk-dfe9b01 stk-block-background stk--has-background-overlay\" data-v=\"4\" data-block-id=\"dfe9b01\"><style>.stk-dfe9b01 {background-image:url(https:\/\/www.ull.es\/servicios\/unidad-de-mediacion-y-asesoramiento-para-la-convivencia\/wp-content\/uploads\/sites\/49\/2019\/07\/51-Unidad-de-Mediaci\u00f3n-y-Asesoramiento-de-Conflictos.jpg) !important;}.stk-dfe9b01:before{background-color:#000000 !important;opacity:0.3 !important;}@media screen and (max-width: 767px){.stk-dfe9b01 {padding-top:0px !important;padding-right:0px !important;padding-bottom:0px !important;padding-left:0px !important;}.stk-dfe9b01-container{min-height:320px !important;}}<\/style><div class=\"stk-column-wrapper stk-block-column__content stk-container stk-dfe9b01-container stk--no-background stk--no-padding\"><div class=\"stk-block-content stk-inner-blocks stk-dfe9b01-inner-blocks\">\n<div class=\"wp-block-stackable-columns alignfull stk-block-columns stk-block stk-3bf239f\" data-block-id=\"3bf239f\"><style>@media screen and (max-width: 1023px){.stk-3bf239f {padding-left:0px !important;}}<\/style><div class=\"stk-row stk-inner-blocks stk-block-content stk-content-align stk-3bf239f-column alignfull\">\n<div class=\"wp-block-stackable-column stk-block-column stk-column stk-block stk-f66584c\" data-v=\"4\" data-block-id=\"f66584c\"><div class=\"stk-column-wrapper stk-block-column__content stk-container stk-f66584c-container stk--no-background stk--no-padding\"><div class=\"stk-block-content stk-inner-blocks stk-f66584c-inner-blocks\">\n<div class=\"wp-block-stackable-heading stk-block-heading stk-block-heading--v2 stk-block stk-1bb54e9\" id=\"unidad-de-mediacion-y-asesoramiento-para-la-convivencia\" data-block-id=\"1bb54e9\"><style>.stk-1bb54e9 {padding-top:110px !important;padding-right:25px !important;padding-bottom:75px !important;padding-left:420px !important;}.stk-1bb54e9 .stk-block-heading__text{font-size:35px !important;color:#ffffff !important;font-weight:400 !important;}@media screen and (max-width: 1023px){.stk-1bb54e9 {padding-left:55px !important;}.stk-1bb54e9 .stk-block-heading__text{font-size:35px !important;}}@media screen and (max-width: 767px){.stk-1bb54e9 {padding-right:75px !important;padding-left:25px !important;}.stk-1bb54e9 .stk-block-heading__text{font-size:33px !important;}}<\/style><h2 class=\"stk-block-heading__text has-text-color has-text-align-left has-text-align-left-tablet has-text-align-left-mobile\">Unit\u00e9 de m\u00e9diation et de conseil pour la coexistence<\/h2><\/div>\n<\/div><\/div><\/div>\n<\/div><\/div>\n<\/div><\/div><\/div>\n<\/div><\/div>\n\n\n\n<div class=\"wp-block-stackable-columns alignfull stk-block-columns stk-block stk-a768426\" data-block-id=\"a768426\"><style>.stk-a768426 {margin-bottom:56px !important;}<\/style><div class=\"stk-row stk-inner-blocks stk-block-content stk-content-align stk-a768426-column alignfull\">\n<div class=\"wp-block-stackable-column stk-block-column stk-column stk-block stk-7a93856\" data-v=\"4\" data-block-id=\"7a93856\"><style>.stk-7a93856 {padding-right:405px !important;padding-left:405px !important;}@media screen and (max-width: 1023px){.stk-7a93856 {padding-right:50px !important;padding-left:50px !important;}}@media screen and (max-width: 767px){.stk-7a93856 {padding-right:20px !important;padding-left:20px !important;}}<\/style><div class=\"stk-column-wrapper stk-block-column__content stk-container stk-7a93856-container stk--no-background stk--no-padding\"><div class=\"stk-block-content stk-inner-blocks stk-7a93856-inner-blocks\">\n<div class=\"wp-block-stackable-text stk-block-text stk-block stk-42f4015\" data-block-id=\"42f4015\"><style>.stk-42f4015 .stk-block-text__text{font-size:16px !important;}@media screen and (max-width: 1023px){.stk-42f4015 .stk-block-text__text{font-size:16px !important;}}<\/style><p class=\"stk-block-text__text has-text-align-left\">L\u2019Unit\u00e9 de m\u00e9diation et de conseil pour la coexistence a notamment pour mission d\u2019accompagner et de soutenir la r\u00e9solution coop\u00e9rative des conflits dans tous les domaines d\u2019activit\u00e9 de l\u2019universit\u00e9, par le dialogue, la m\u00e9diation et le conseil. Elle apporte son soutien \u00e0 toute personne ou entit\u00e9 organisationnelle appartenant \u00e0 la communaut\u00e9 de l\u2019Universit\u00e9 de La Laguna (ULL) en mati\u00e8re de r\u00e9solution de conflits. L\u2019Unit\u00e9 vise \u00e0 offrir un soutien \u00e0 la r\u00e9solution des conflits au sein de la communaut\u00e9 universitaire, en s\u2019appuyant sur trois garanties fondamentales\u00a0: la transparence, la confidentialit\u00e9 et la neutralit\u00e9.<\/p><\/div>\n<\/div><\/div><\/div>\n<\/div><\/div>\n\n\n\n<div class=\"wp-block-stackable-columns alignfull stk-block-columns stk-block stk-a2ef681\" data-block-id=\"a2ef681\"><div class=\"stk-row stk-inner-blocks stk-block-content stk-content-align stk-a2ef681-column alignfull\">\n<div class=\"wp-block-stackable-column stk-block-column stk-column stk-block stk-10c85f6\" data-v=\"4\" data-block-id=\"10c85f6\"><style>.stk-10c85f6 {padding-right:405px !important;padding-left:405px !important;}@media screen and (max-width: 1023px){.stk-10c85f6 {padding-right:55px !important;padding-left:55px !important;}}@media screen and (max-width: 767px){.stk-10c85f6 {padding-right:20px !important;padding-left:20px !important;}}<\/style><div class=\"stk-column-wrapper stk-block-column__content stk-container stk-10c85f6-container stk--no-background stk--no-padding\"><div class=\"stk-block-content stk-inner-blocks stk-10c85f6-inner-blocks\">\n<div class=\"wp-block-stackable-heading stk-block-heading stk-block-heading--v2 stk-block stk-9191e66\" id=\"enlaces-de-interes\" data-block-id=\"9191e66\"><style>.stk-9191e66 {margin-bottom:20px !important;}.stk-9191e66 .stk-block-heading__text{font-size:26px !important;color:#5c068c !important;}@media screen and (max-width: 1023px){.stk-9191e66 .stk-block-heading__text{font-size:26px !important;}}<\/style><h2 class=\"stk-block-heading__text has-text-color\">Liens d&#039;int\u00e9r\u00eat<\/h2><\/div>\n\n\n\n<p style=\"margin-bottom: 0px; margin-left: 30px;\"><i class=\"fa fa-external-link\"><\/i><a\n        href=\"https:\/\/drive.google.com\/open?id=0Bxi8Rp1_THQzOWFFMFdLTHlHVlU\"> D\u00e9pliant d&#039;information sur l&#039;objectif de l&#039;Unit\u00e9 de m\u00e9diation et de conseil pour la coexistence<\/a><\/p>\n<p style=\"margin-bottom: 0px; margin-left: 30px;\"><i class=\"fa fa-external-link\"><\/i><a\n        href=\"https:\/\/drive.google.com\/open?id=0Bxi8Rp1_THQzWndYVmNiS2tneEE\" style=\"margin: 0px;\"> D\u00e9pliant d&#039;information sur l&#039;unit\u00e9 de m\u00e9diation et de conseil pour la coexistence<\/a><\/p>\n<\/div><\/div><\/div>\n<\/div><\/div>","protected":false},"excerpt":{"rendered":"<p>Unidad de Mediaci\u00f3n y Asesoramiento para la Convivencia La Unidad de Mediaci\u00f3n y Asesoramiento para la Convivencia tiene entre otras funciones, asistir y ayudar para la resoluci\u00f3n cooperativa de los conflictos en cualquier \u00e1mbito de la actividad universitaria mediante el di\u00e1logo, la mediaci\u00f3n y el asesoramiento. La Unidad de Mediaci\u00f3n y Asesoramiento para la Convivencia,&#8230;<\/p>","protected":false},"author":49,"featured_media":0,"parent":0,"menu_order":0,"comment_status":"closed","ping_status":"closed","template":"templates\/template-frontpage.php","meta":{"_acf_changed":false,"footnotes":""},"class_list":["post-13","page","type-page","status-publish","hentry"],"acf":[],"_links":{"self":[{"href":"https:\/\/www.ull.es\/servicios\/unidad-de-mediacion-y-asesoramiento-para-la-convivencia\/fr\/wp-json\/wp\/v2\/pages\/13","targetHints":{"allow":["GET"]}}],"collection":[{"href":"https:\/\/www.ull.es\/servicios\/unidad-de-mediacion-y-asesoramiento-para-la-convivencia\/fr\/wp-json\/wp\/v2\/pages"}],"about":[{"href":"https:\/\/www.ull.es\/servicios\/unidad-de-mediacion-y-asesoramiento-para-la-convivencia\/fr\/wp-json\/wp\/v2\/types\/page"}],"author":[{"embeddable":true,"href":"https:\/\/www.ull.es\/servicios\/unidad-de-mediacion-y-asesoramiento-para-la-convivencia\/fr\/wp-json\/wp\/v2\/users\/49"}],"replies":[{"embeddable":true,"href":"https:\/\/www.ull.es\/servicios\/unidad-de-mediacion-y-asesoramiento-para-la-convivencia\/fr\/wp-json\/wp\/v2\/comments?post=13"}],"version-history":[{"count":40,"href":"https:\/\/www.ull.es\/servicios\/unidad-de-mediacion-y-asesoramiento-para-la-convivencia\/fr\/wp-json\/wp\/v2\/pages\/13\/revisions"}],"predecessor-version":[{"id":104,"href":"https:\/\/www.ull.es\/servicios\/unidad-de-mediacion-y-asesoramiento-para-la-convivencia\/fr\/wp-json\/wp\/v2\/pages\/13\/revisions\/104"}],"wp:attachment":[{"href":"https:\/\/www.ull.es\/servicios\/unidad-de-mediacion-y-asesoramiento-para-la-convivencia\/fr\/wp-json\/wp\/v2\/media?parent=13"}],"curies":[{"name":"wp","href":"https:\/\/api.w.org\/{rel}","templated":true}]}}