{"id":6,"date":"2019-06-20T13:15:25","date_gmt":"2019-06-20T11:15:25","guid":{"rendered":"https:\/\/www.ull.es\/servicios\/negociado-pruebas-acceso\/?page_id=2"},"modified":"2026-03-03T10:38:34","modified_gmt":"2026-03-03T09:38:34","slug":"servicios","status":"publish","type":"page","link":"https:\/\/www.ull.es\/servicios\/unidad-de-mediacion-y-asesoramiento-para-la-convivencia\/servicios\/","title":{"rendered":"Servicios"},"content":{"rendered":"\n<div class=\"wp-block-stackable-columns alignfull stk-block-columns stk-block stk-16a94b8\" data-block-id=\"16a94b8\"><style>.stk-16a94b8 {margin-bottom:56px !important;}@media screen and (max-width: 767px){.stk-16a94b8 {padding-top:0px !important;padding-right:0px !important;padding-bottom:0px !important;padding-left:0px !important;}}<\/style><div class=\"stk-row stk-inner-blocks stk-block-content stk-content-align stk-16a94b8-column alignfull\">\n<div class=\"wp-block-stackable-column stk-block-column stk-column stk-block stk-dfe9b01 stk-block-background stk--has-background-overlay\" data-v=\"4\" data-block-id=\"dfe9b01\"><style>.stk-dfe9b01 {background-image:url(https:\/\/www.ull.es\/servicios\/unidad-de-mediacion-y-asesoramiento-para-la-convivencia\/wp-content\/uploads\/sites\/49\/2019\/07\/51-Unidad-de-Mediaci\u00f3n-y-Asesoramiento-de-Conflictos.jpg) !important;}.stk-dfe9b01:before{background-color:#000000 !important;opacity:0.3 !important;}@media screen and (max-width: 767px){.stk-dfe9b01 {padding-top:0px !important;padding-right:0px !important;padding-bottom:0px !important;padding-left:0px !important;}.stk-dfe9b01-container{min-height:320px !important;}}<\/style><div class=\"stk-column-wrapper stk-block-column__content stk-container stk-dfe9b01-container stk--no-background stk--no-padding\"><div class=\"stk-block-content stk-inner-blocks stk-dfe9b01-inner-blocks\">\n<div class=\"wp-block-stackable-columns alignfull stk-block-columns stk-block stk-3bf239f\" data-block-id=\"3bf239f\"><style>@media screen and (max-width: 1023px){.stk-3bf239f {padding-left:0px !important;}}<\/style><div class=\"stk-row stk-inner-blocks stk-block-content stk-content-align stk-3bf239f-column alignfull\">\n<div class=\"wp-block-stackable-column stk-block-column stk-column stk-block stk-f66584c\" data-v=\"4\" data-block-id=\"f66584c\"><div class=\"stk-column-wrapper stk-block-column__content stk-container stk-f66584c-container stk--no-background stk--no-padding\"><div class=\"stk-block-content stk-inner-blocks stk-f66584c-inner-blocks\">\n<div class=\"wp-block-stackable-heading stk-block-heading stk-block-heading--v2 stk-block stk-1bb54e9\" id=\"unidad-de-mediacion-y-asesoramiento-para-la-convivencia\" data-block-id=\"1bb54e9\"><style>.stk-1bb54e9 {padding-top:110px !important;padding-right:25px !important;padding-bottom:75px !important;padding-left:420px !important;}.stk-1bb54e9 .stk-block-heading__text{font-size:35px !important;color:#ffffff !important;font-weight:400 !important;}@media screen and (max-width: 1023px){.stk-1bb54e9 {padding-left:55px !important;}.stk-1bb54e9 .stk-block-heading__text{font-size:35px !important;}}@media screen and (max-width: 767px){.stk-1bb54e9 {padding-right:75px !important;padding-left:25px !important;}.stk-1bb54e9 .stk-block-heading__text{font-size:33px !important;}}<\/style><h2 class=\"stk-block-heading__text has-text-color has-text-align-left has-text-align-left-tablet has-text-align-left-mobile\">Unidad de Mediaci\u00f3n y Asesoramiento para la Convivencia<\/h2><\/div>\n<\/div><\/div><\/div>\n<\/div><\/div>\n<\/div><\/div><\/div>\n<\/div><\/div>\n\n\n\n<div class=\"wp-block-stackable-columns alignfull stk-block-columns stk-block stk-019f113\" data-block-id=\"019f113\"><style>.stk-019f113 .stk--block-align-019f113{align-items:stretch !important;}.stk-019f113-column{--stk-column-gap:95px !important;}<\/style><div class=\"stk-row stk-inner-blocks stk--block-align-019f113 stk-block-content stk-content-align stk-019f113-column alignfull\">\n<div class=\"wp-block-stackable-column stk-block-column stk-column stk-block stk-f687265\" data-v=\"4\" data-block-id=\"f687265\"><style>.stk-f687265 {padding-right:400px !important;padding-left:400px !important;margin-bottom:var(--stk--preset--spacing--none, 0px) !important;}@media screen and (max-width: 1023px){.stk-f687265 {padding-right:50px !important;padding-left:50px !important;}}@media screen and (max-width: 767px){.stk-f687265-inner-blocks{align-items:center !important;}.stk-f687265 {padding-right:20px !important;padding-left:20px !important;}}<\/style><div class=\"stk-column-wrapper stk-block-column__content stk-container stk-f687265-container stk--no-background stk--no-padding\"><div class=\"stk-block-content stk-inner-blocks stk-f687265-inner-blocks\">\n<div class=\"wp-block-stackable-heading stk-block-heading stk-block-heading--v2 stk-block stk-88d0e3d\" id=\"servicios-que-ofrece-al-usuario\" data-block-id=\"88d0e3d\"><style>.stk-88d0e3d {margin-bottom:12px !important;}<\/style><h2 class=\"stk-block-heading__text\">Servicios que ofrece al usuario<\/h2><\/div>\n\n\n\n<ul class=\"wp-block-list\">\n<li>Para solicitar un servicio: La primera posibilidad es solicitar por tel\u00e9fono o por email una consulta confidencial sin necesidad de iniciar ning\u00fan proceso, ni intervenci\u00f3n, ni dejar constancia en ning\u00fan documento. As\u00ed, de manera confidencial, puede asesorarse sobre las altearnativas y servicios que puede ofrecerle la Unidad de Mediaci\u00f3n y Asesoramiento para la Convivencia. Se le asignar\u00e1 una cita que podr\u00e1 concretarse de manera personal o telef\u00f3nica. La segunda posibilidad consiste en enviar un email con una solicitud de servicio, donde constar\u00e1: los datos del solicitante, breve descripci\u00f3n del motivo de la solicitud y datos de contacto: tel\u00e9fono y email. En cualquier caso todos los datos son tratados de forma confidencial.<\/li>\n\n\n\n<li>Estudio y formaci\u00f3n: Realizamos estudios referentes a la incidencia y las caracter\u00edsticas de los conflictos en la ULL y promovemos la formaci\u00f3n en materia de resoluci\u00f3n de conflictos a miembros de la comunidad universitaria de la ULL.<\/li>\n\n\n\n<li>Asesoramiento: Informamos, orientamos y asesoramos a personas o unidades organizativas de la comunidad universitaria sobre opciones y procedimientos para la gesti\u00f3n de su conflicto.<\/li>\n\n\n\n<li>Mediaci\u00f3n: Ofrecemos desde la confidencialidad del proceso favorecer la comunicaci\u00f3n eficaz entre los participantes intentando reducir la hostilidad y ayudando a las partes a comprender las aut\u00e9nticas necesidades e intereses propios y del otro, para crear propuestas aceptables que permitan resolver los problemas actuales, reducir los costes emocionales y sociales, proteger las relaciones entre las personas y prevenir los posibles futuros conflictos<\/li>\n<\/ul>\n<\/div><\/div><\/div>\n<\/div><\/div>\n","protected":false},"excerpt":{"rendered":"<p>Unidad de Mediaci\u00f3n y Asesoramiento para la Convivencia Servicios que ofrece al usuario<\/p>\n","protected":false},"author":49,"featured_media":0,"parent":0,"menu_order":0,"comment_status":"closed","ping_status":"open","template":"templates\/template-frontpage.php","meta":{"_acf_changed":false,"footnotes":""},"class_list":["post-6","page","type-page","status-publish","hentry"],"acf":[],"_links":{"self":[{"href":"https:\/\/www.ull.es\/servicios\/unidad-de-mediacion-y-asesoramiento-para-la-convivencia\/wp-json\/wp\/v2\/pages\/6","targetHints":{"allow":["GET"]}}],"collection":[{"href":"https:\/\/www.ull.es\/servicios\/unidad-de-mediacion-y-asesoramiento-para-la-convivencia\/wp-json\/wp\/v2\/pages"}],"about":[{"href":"https:\/\/www.ull.es\/servicios\/unidad-de-mediacion-y-asesoramiento-para-la-convivencia\/wp-json\/wp\/v2\/types\/page"}],"author":[{"embeddable":true,"href":"https:\/\/www.ull.es\/servicios\/unidad-de-mediacion-y-asesoramiento-para-la-convivencia\/wp-json\/wp\/v2\/users\/49"}],"replies":[{"embeddable":true,"href":"https:\/\/www.ull.es\/servicios\/unidad-de-mediacion-y-asesoramiento-para-la-convivencia\/wp-json\/wp\/v2\/comments?post=6"}],"version-history":[{"count":9,"href":"https:\/\/www.ull.es\/servicios\/unidad-de-mediacion-y-asesoramiento-para-la-convivencia\/wp-json\/wp\/v2\/pages\/6\/revisions"}],"predecessor-version":[{"id":107,"href":"https:\/\/www.ull.es\/servicios\/unidad-de-mediacion-y-asesoramiento-para-la-convivencia\/wp-json\/wp\/v2\/pages\/6\/revisions\/107"}],"wp:attachment":[{"href":"https:\/\/www.ull.es\/servicios\/unidad-de-mediacion-y-asesoramiento-para-la-convivencia\/wp-json\/wp\/v2\/media?parent=6"}],"curies":[{"name":"wp","href":"https:\/\/api.w.org\/{rel}","templated":true}]}}