{"id":113,"date":"2024-04-09T14:00:38","date_gmt":"2024-04-09T12:00:38","guid":{"rendered":"https:\/\/www.ull.es\/servicios\/unidad-para-la-docencia-virtual-udv\/?page_id=113"},"modified":"2024-04-17T10:11:26","modified_gmt":"2024-04-17T08:11:26","slug":"extension-udv","status":"publish","type":"page","link":"https:\/\/www.ull.es\/servicios\/unidad-para-la-docencia-virtual-udv\/extension-udv\/","title":{"rendered":"Extensi\u00f3n UDV"},"content":{"rendered":"<p>[vc_row full_width=\u00bbstretch_row\u00bb css=\u00bb.vc_custom_1564408637567{background-image: url(https:\/\/www.ull.es\/servicios\/unidad-para-la-docencia-virtual-udv\/wp-content\/uploads\/sites\/58\/2019\/07\/imagen-servicio-39.jpg?id=47) !important;background-position: center !important;background-repeat: no-repeat !important;background-size: cover !important;}\u00bb][vc_column][vc_empty_space height=\u00bb85px\u00bb][vc_column_text]<\/p>\n<h1><span style=\"color: #ffffff;\">Unidad para la Docencia Virtual<\/span><\/h1>\n<p>[\/vc_column_text][vc_empty_space height=\u00bb85px\u00bb][\/vc_column][\/vc_row][vc_row][vc_column][vc_column_text]La UDV conecta con la comunidad externa a la ULL de diversas formas:<\/p>\n<ul>\n<li>Con la organizaci\u00f3n y participaci\u00f3n en eventos destinados a la difusi\u00f3n del conocimiento de las TIC.<\/li>\n<li>Disponiendo de la posibilidad de establecer convenios de colaboraci\u00f3n con otras entidades para proporcionar alguno de los servicios con los que cuenta la Unidad. En las <a href=\"https:\/\/sede.ull.es\/ecivilis-site\/bulletinBoard\/showBulletin\/28101:1\" target=\"_blank\" rel=\"noopener\" target=\"_blank\" rel=\"noopener\">bases presupuestarias de la ULL<\/a> se pueden consultar algunos de estos servicios y su coste.<\/li>\n<\/ul>\n<p>[\/vc_column_text][\/vc_column][\/vc_row]<\/p>\n","protected":false},"excerpt":{"rendered":"<p>[vc_row full_width=\u00bbstretch_row\u00bb css=\u00bb.vc_custom_1564408637567{background-image: url(https:\/\/www.ull.es\/servicios\/unidad-para-la-docencia-virtual-udv\/wp-content\/uploads\/sites\/58\/2019\/07\/imagen-servicio-39.jpg?id=47) !important;background-position: center !important;background-repeat: no-repeat !important;background-size: cover !important;}\u00bb][vc_column][vc_empty_space height=\u00bb85px\u00bb][vc_column_text] Unidad para la Docencia Virtual [\/vc_column_text][vc_empty_space height=\u00bb85px\u00bb][\/vc_column][\/vc_row][vc_row][vc_column][vc_column_text]La UDV conecta con la comunidad externa a la ULL de diversas formas: Con la organizaci\u00f3n y participaci\u00f3n en eventos destinados a la difusi\u00f3n del conocimiento de las TIC. Disponiendo de la posibilidad de establecer convenios de&#8230;<\/p>\n","protected":false},"author":62,"featured_media":0,"parent":0,"menu_order":0,"comment_status":"closed","ping_status":"closed","template":"templates\/template-frontpage.php","meta":{"_acf_changed":false,"footnotes":""},"class_list":["post-113","page","type-page","status-publish","hentry"],"acf":[],"_links":{"self":[{"href":"https:\/\/www.ull.es\/servicios\/unidad-para-la-docencia-virtual-udv\/wp-json\/wp\/v2\/pages\/113","targetHints":{"allow":["GET"]}}],"collection":[{"href":"https:\/\/www.ull.es\/servicios\/unidad-para-la-docencia-virtual-udv\/wp-json\/wp\/v2\/pages"}],"about":[{"href":"https:\/\/www.ull.es\/servicios\/unidad-para-la-docencia-virtual-udv\/wp-json\/wp\/v2\/types\/page"}],"author":[{"embeddable":true,"href":"https:\/\/www.ull.es\/servicios\/unidad-para-la-docencia-virtual-udv\/wp-json\/wp\/v2\/users\/62"}],"replies":[{"embeddable":true,"href":"https:\/\/www.ull.es\/servicios\/unidad-para-la-docencia-virtual-udv\/wp-json\/wp\/v2\/comments?post=113"}],"version-history":[{"count":6,"href":"https:\/\/www.ull.es\/servicios\/unidad-para-la-docencia-virtual-udv\/wp-json\/wp\/v2\/pages\/113\/revisions"}],"predecessor-version":[{"id":244,"href":"https:\/\/www.ull.es\/servicios\/unidad-para-la-docencia-virtual-udv\/wp-json\/wp\/v2\/pages\/113\/revisions\/244"}],"wp:attachment":[{"href":"https:\/\/www.ull.es\/servicios\/unidad-para-la-docencia-virtual-udv\/wp-json\/wp\/v2\/media?parent=113"}],"curies":[{"name":"wp","href":"https:\/\/api.w.org\/{rel}","templated":true}]}}