{"id":119,"date":"2024-04-09T14:04:32","date_gmt":"2024-04-09T12:04:32","guid":{"rendered":"https:\/\/www.ull.es\/servicios\/unidad-para-la-docencia-virtual-udv\/?page_id=119"},"modified":"2024-05-17T10:37:20","modified_gmt":"2024-05-17T08:37:20","slug":"formacion","status":"publish","type":"page","link":"https:\/\/www.ull.es\/servicios\/unidad-para-la-docencia-virtual-udv\/formacion\/","title":{"rendered":"Formaci\u00f3n"},"content":{"rendered":"<p>[vc_row full_width=\u00bbstretch_row\u00bb css=\u00bb.vc_custom_1564408637567{background-image: url(https:\/\/www.ull.es\/servicios\/unidad-para-la-docencia-virtual-udv\/wp-content\/uploads\/sites\/58\/2019\/07\/imagen-servicio-39.jpg?id=47) !important;background-position: center !important;background-repeat: no-repeat !important;background-size: cover !important;}\u00bb][vc_column][vc_empty_space height=\u00bb85px\u00bb][vc_column_text]<\/p>\n<h1><span style=\"color: #ffffff;\">Formaci\u00f3n<\/span><\/h1>\n<p>[\/vc_column_text][vc_empty_space height=\u00bb85px\u00bb][\/vc_column][\/vc_row][vc_row][vc_column][vc_column_text]La UDV trata de cubrir las necesidades de adaptaci\u00f3n y actualizaci\u00f3n de la comunidad universitaria en la aplicaci\u00f3n de las TIC en las actividades acad\u00e9micas, desarrollando actividades formativas y ofreciendo recursos sobre el uso de las herramientas disponibles en la instituci\u00f3n, as\u00ed como atendiendo otras demandas relacionadas.[\/vc_column_text][\/vc_column][\/vc_row][vc_row][vc_column][vc_column_text]<\/p>\n<h3>Profesorado<\/h3>\n<ul>\n<li>Formaci\u00f3n:\n<ul>\n<li><a href=\"https:\/\/campusvirtual.ull.es\/formacion\/course\/view.php?id=4154\" target=\"_blank\" rel=\"noopener\">Curso autodirigido sobre aulas virtuales &#8211; PDI<\/a><\/li>\n<li>Cursos relacionados con el servicio ofertados en el <a href=\"https:\/\/www.ull.es\/estudios-docencia\/formacion-profesorado\/\" target=\"_blank\" rel=\"noopener\">Plan de formaci\u00f3n del PDI<\/a><\/li>\n<\/ul>\n<\/li>\n<li><span style=\"font-weight: 400;\">Manuales:<\/span>\n<ul>\n<li><a href=\"https:\/\/drive.google.com\/file\/d\/1h93COX1AEXDDs3CJpV-R8Icn8QrbpO4B\/view?usp=sharing\" target=\"_blank\" rel=\"noopener\"><span style=\"font-weight: 400;\">Manual Correo Institucional ULL<\/span><\/a><\/li>\n<li><a href=\"https:\/\/drive.google.com\/file\/d\/1m5UioNXX9M8EZDjtFPYiNlwv94PW9JEz\/view?usp=sharing\" target=\"_blank\" rel=\"noopener\"><span style=\"font-weight: 400;\">Manual Google Drive<\/span><\/a><\/li>\n<li><a href=\"https:\/\/drive.google.com\/file\/d\/1BObEHk_GmzUoK-PXLki2TCD5RbSZzu7X\/view?usp=sharing\" target=\"_blank\" rel=\"noopener\"><span style=\"font-weight: 400;\">Manual Google Calendar<\/span><\/a><\/li>\n<\/ul>\n<\/li>\n<li><span style=\"font-weight: 400;\">Videotutoriales sobre el uso del Campus Virtual y el paquete de herramientas asociadas a ULL.EDU.ES<\/span><\/li>\n<\/ul>\n<p><a href=\"https:\/\/www.youtube.com\/watch?v=YuPu0DZnq1c&amp;list=PLAqmRmkVzl18uW2tYK7l9LY1rygqASw4p&amp;pp=iAQB\" target=\"_blank\" rel=\"noopener\"><img loading=\"lazy\" decoding=\"async\" class=\"alignnone wp-image-273 size-thumbnail\" src=\"https:\/\/www.ull.es\/servicios\/unidad-para-la-docencia-virtual-udv\/wp-content\/uploads\/sites\/58\/2024\/05\/boton2-150x150.png\" alt=\"\" width=\"150\" height=\"150\" srcset=\"https:\/\/www.ull.es\/servicios\/unidad-para-la-docencia-virtual-udv\/wp-content\/uploads\/sites\/58\/2024\/05\/boton2-150x150.png 150w, https:\/\/www.ull.es\/servicios\/unidad-para-la-docencia-virtual-udv\/wp-content\/uploads\/sites\/58\/2024\/05\/boton2-300x300.png 300w, https:\/\/www.ull.es\/servicios\/unidad-para-la-docencia-virtual-udv\/wp-content\/uploads\/sites\/58\/2024\/05\/boton2-375x375.png 375w, https:\/\/www.ull.es\/servicios\/unidad-para-la-docencia-virtual-udv\/wp-content\/uploads\/sites\/58\/2024\/05\/boton2-50x50.png 50w, https:\/\/www.ull.es\/servicios\/unidad-para-la-docencia-virtual-udv\/wp-content\/uploads\/sites\/58\/2024\/05\/boton2.png 540w\" sizes=\"auto, (max-width: 150px) 100vw, 150px\" \/><\/a><a href=\"https:\/\/www.youtube.com\/watch?v=FXP7_fwIYCg&amp;list=PLAqmRmkVzl18lEoszHHN-3AnCobzeoQYz&amp;pp=iAQB\" target=\"_blank\" rel=\"noopener\"><img loading=\"lazy\" decoding=\"async\" class=\"alignleft wp-image-274 size-thumbnail\" src=\"https:\/\/www.ull.es\/servicios\/unidad-para-la-docencia-virtual-udv\/wp-content\/uploads\/sites\/58\/2024\/05\/boton1-150x150.png\" alt=\"\" width=\"150\" height=\"150\" srcset=\"https:\/\/www.ull.es\/servicios\/unidad-para-la-docencia-virtual-udv\/wp-content\/uploads\/sites\/58\/2024\/05\/boton1-150x150.png 150w, https:\/\/www.ull.es\/servicios\/unidad-para-la-docencia-virtual-udv\/wp-content\/uploads\/sites\/58\/2024\/05\/boton1-300x300.png 300w, https:\/\/www.ull.es\/servicios\/unidad-para-la-docencia-virtual-udv\/wp-content\/uploads\/sites\/58\/2024\/05\/boton1-375x375.png 375w, https:\/\/www.ull.es\/servicios\/unidad-para-la-docencia-virtual-udv\/wp-content\/uploads\/sites\/58\/2024\/05\/boton1-50x50.png 50w, https:\/\/www.ull.es\/servicios\/unidad-para-la-docencia-virtual-udv\/wp-content\/uploads\/sites\/58\/2024\/05\/boton1.png 540w\" sizes=\"auto, (max-width: 150px) 100vw, 150px\" \/><\/a>[\/vc_column_text][\/vc_column][\/vc_row][vc_row][vc_column][vc_column_text]<\/p>\n<h3><strong>Alumnado<\/strong><\/h3>\n<ul>\n<li>Formaci\u00f3n:\n<ul>\n<li><a href=\"https:\/\/docs.google.com\/forms\/d\/1BbA5KO8AUG9zUfZvUdxe_x2b0M17ZKGgkulTS2ECU0c\/edit\" target=\"_blank\" rel=\"noopener\">Curso de Competencia Digital para el alumnado de nuevo ingreso<\/a><\/li>\n<\/ul>\n<\/li>\n<li style=\"font-weight: 400;\" aria-level=\"1\"><span style=\"font-weight: 400;\">Gu\u00edas:\u00a0<\/span>\n<ul>\n<li style=\"font-weight: 400;\" aria-level=\"2\"><a href=\"https:\/\/drive.google.com\/file\/d\/1J5ggxopBZkY6jyuoPfgCGtSZHyHybJtO\/view?usp=sharing\" target=\"_blank\" rel=\"noopener\"><span style=\"font-weight: 400;\">Acceso y uso del Campus Virtual ULL<\/span><\/a><span style=\"font-weight: 400;\">\u00a0<\/span><\/li>\n<li style=\"font-weight: 400;\" aria-level=\"2\"><a href=\"https:\/\/drive.google.com\/file\/d\/1Mu__WfS3L9mDc8nIjDkaZLYUg-SQV3kC\/view?usp=sharing\" target=\"_blank\" rel=\"noopener\"><span style=\"font-weight: 400;\">Servicios Universitarios<\/span><\/a><span style=\"font-weight: 400;\">\u00a0<\/span><\/li>\n<li style=\"font-weight: 400;\" aria-level=\"2\"><a href=\"https:\/\/drive.google.com\/file\/d\/1hUIt97iZrTa8Adn5gReqLf-dYzIQGJZj\/view?usp=sharing\" target=\"_blank\" rel=\"noopener\"><span style=\"font-weight: 400;\">Correo Institucional ULL.EDU.ES\u00a0<\/span><\/a><\/li>\n<li style=\"font-weight: 400;\" aria-level=\"2\"><a href=\"https:\/\/drive.google.com\/file\/d\/15X6AGfndsRD9CeR5aYxUKNdSztPS6GFQ\/view?usp=sharing\" target=\"_blank\" rel=\"noopener\"><span style=\"font-weight: 400;\">Documentaci\u00f3n en la nube\u00a0<\/span><\/a><\/li>\n<\/ul>\n<\/li>\n<li style=\"font-weight: 400;\" aria-level=\"1\"><span style=\"font-weight: 400;\">Videotutoriales sobre el uso del Campus Virtual y el paquete de herramientas asociadas a ULL.EDU.ES <\/span><\/li>\n<\/ul>\n<p><a href=\"https:\/\/www.youtube.com\/watch?v=YuPu0DZnq1c&amp;list=PLAqmRmkVzl18uW2tYK7l9LY1rygqASw4p&amp;pp=iAQB\" target=\"_blank\" rel=\"noopener\"><img loading=\"lazy\" decoding=\"async\" class=\"alignnone wp-image-273 size-thumbnail\" src=\"https:\/\/www.ull.es\/servicios\/unidad-para-la-docencia-virtual-udv\/wp-content\/uploads\/sites\/58\/2024\/05\/boton2-150x150.png\" alt=\"\" width=\"150\" height=\"150\" srcset=\"https:\/\/www.ull.es\/servicios\/unidad-para-la-docencia-virtual-udv\/wp-content\/uploads\/sites\/58\/2024\/05\/boton2-150x150.png 150w, https:\/\/www.ull.es\/servicios\/unidad-para-la-docencia-virtual-udv\/wp-content\/uploads\/sites\/58\/2024\/05\/boton2-300x300.png 300w, https:\/\/www.ull.es\/servicios\/unidad-para-la-docencia-virtual-udv\/wp-content\/uploads\/sites\/58\/2024\/05\/boton2-375x375.png 375w, https:\/\/www.ull.es\/servicios\/unidad-para-la-docencia-virtual-udv\/wp-content\/uploads\/sites\/58\/2024\/05\/boton2-50x50.png 50w, https:\/\/www.ull.es\/servicios\/unidad-para-la-docencia-virtual-udv\/wp-content\/uploads\/sites\/58\/2024\/05\/boton2.png 540w\" sizes=\"auto, (max-width: 150px) 100vw, 150px\" \/><\/a><a href=\"https:\/\/www.youtube.com\/watch?v=FXP7_fwIYCg&amp;list=PLAqmRmkVzl18lEoszHHN-3AnCobzeoQYz&amp;pp=iAQB\" target=\"_blank\" rel=\"noopener\"><img loading=\"lazy\" decoding=\"async\" class=\"alignleft wp-image-274 size-thumbnail\" src=\"https:\/\/www.ull.es\/servicios\/unidad-para-la-docencia-virtual-udv\/wp-content\/uploads\/sites\/58\/2024\/05\/boton1-150x150.png\" alt=\"\" width=\"150\" height=\"150\" srcset=\"https:\/\/www.ull.es\/servicios\/unidad-para-la-docencia-virtual-udv\/wp-content\/uploads\/sites\/58\/2024\/05\/boton1-150x150.png 150w, https:\/\/www.ull.es\/servicios\/unidad-para-la-docencia-virtual-udv\/wp-content\/uploads\/sites\/58\/2024\/05\/boton1-300x300.png 300w, https:\/\/www.ull.es\/servicios\/unidad-para-la-docencia-virtual-udv\/wp-content\/uploads\/sites\/58\/2024\/05\/boton1-375x375.png 375w, https:\/\/www.ull.es\/servicios\/unidad-para-la-docencia-virtual-udv\/wp-content\/uploads\/sites\/58\/2024\/05\/boton1-50x50.png 50w, https:\/\/www.ull.es\/servicios\/unidad-para-la-docencia-virtual-udv\/wp-content\/uploads\/sites\/58\/2024\/05\/boton1.png 540w\" sizes=\"auto, (max-width: 150px) 100vw, 150px\" \/><\/a>[\/vc_column_text][\/vc_column][\/vc_row][vc_row][vc_column][vc_column_text]<\/p>\n<h3><strong>PTGAS\u00a0<\/strong><\/h3>\n<ul>\n<li>Formaci\u00f3n:\n<ul>\n<li>Cursos relacionados con el servicio ofertados en el <a href=\"https:\/\/www.ull.es\/estudios-docencia\/formacion-del-pas\/\" target=\"_blank\" rel=\"noopener\">Plan de formaci\u00f3n del PAS<\/a><\/li>\n<\/ul>\n<\/li>\n<li style=\"font-weight: 400;\" aria-level=\"1\"><span style=\"font-weight: 400;\">Manuales:<\/span>\n<ul>\n<li style=\"font-weight: 400;\" aria-level=\"2\"><a href=\"https:\/\/drive.google.com\/file\/d\/1h93COX1AEXDDs3CJpV-R8Icn8QrbpO4B\/view?usp=sharing\" target=\"_blank\" rel=\"noopener\"><span style=\"font-weight: 400;\">Manual Correo Institucional ULL<\/span><\/a><\/li>\n<li style=\"font-weight: 400;\" aria-level=\"2\"><a href=\"https:\/\/drive.google.com\/file\/d\/1m5UioNXX9M8EZDjtFPYiNlwv94PW9JEz\/view?usp=sharing\" target=\"_blank\" rel=\"noopener\"><span style=\"font-weight: 400;\">Manual Google Drive<\/span><\/a><\/li>\n<li style=\"font-weight: 400;\" aria-level=\"2\"><a href=\"https:\/\/drive.google.com\/file\/d\/1BObEHk_GmzUoK-PXLki2TCD5RbSZzu7X\/view?usp=sharing\" target=\"_blank\" rel=\"noopener\"><span style=\"font-weight: 400;\">Manual Google Calendar<\/span><\/a><\/li>\n<\/ul>\n<\/li>\n<li style=\"font-weight: 400;\" aria-level=\"1\"><span style=\"font-weight: 400;\">Videotutoriales sobre el uso del Campus Virtual y el paquete de herramientas asociadas a ULL.EDU.ES<\/span><\/li>\n<\/ul>\n<p><a href=\"https:\/\/www.youtube.com\/watch?v=YuPu0DZnq1c&amp;list=PLAqmRmkVzl18uW2tYK7l9LY1rygqASw4p&amp;pp=iAQB\" target=\"_blank\" rel=\"noopener\"><img loading=\"lazy\" decoding=\"async\" class=\"alignnone wp-image-273 size-thumbnail\" src=\"https:\/\/www.ull.es\/servicios\/unidad-para-la-docencia-virtual-udv\/wp-content\/uploads\/sites\/58\/2024\/05\/boton2-150x150.png\" alt=\"\" width=\"150\" height=\"150\" srcset=\"https:\/\/www.ull.es\/servicios\/unidad-para-la-docencia-virtual-udv\/wp-content\/uploads\/sites\/58\/2024\/05\/boton2-150x150.png 150w, https:\/\/www.ull.es\/servicios\/unidad-para-la-docencia-virtual-udv\/wp-content\/uploads\/sites\/58\/2024\/05\/boton2-300x300.png 300w, https:\/\/www.ull.es\/servicios\/unidad-para-la-docencia-virtual-udv\/wp-content\/uploads\/sites\/58\/2024\/05\/boton2-375x375.png 375w, https:\/\/www.ull.es\/servicios\/unidad-para-la-docencia-virtual-udv\/wp-content\/uploads\/sites\/58\/2024\/05\/boton2-50x50.png 50w, https:\/\/www.ull.es\/servicios\/unidad-para-la-docencia-virtual-udv\/wp-content\/uploads\/sites\/58\/2024\/05\/boton2.png 540w\" sizes=\"auto, (max-width: 150px) 100vw, 150px\" \/><\/a><a href=\"https:\/\/www.youtube.com\/watch?v=FXP7_fwIYCg&amp;list=PLAqmRmkVzl18lEoszHHN-3AnCobzeoQYz&amp;pp=iAQB\" target=\"_blank\" rel=\"noopener\"><img loading=\"lazy\" decoding=\"async\" class=\"alignleft wp-image-274 size-thumbnail\" src=\"https:\/\/www.ull.es\/servicios\/unidad-para-la-docencia-virtual-udv\/wp-content\/uploads\/sites\/58\/2024\/05\/boton1-150x150.png\" alt=\"\" width=\"150\" height=\"150\" srcset=\"https:\/\/www.ull.es\/servicios\/unidad-para-la-docencia-virtual-udv\/wp-content\/uploads\/sites\/58\/2024\/05\/boton1-150x150.png 150w, https:\/\/www.ull.es\/servicios\/unidad-para-la-docencia-virtual-udv\/wp-content\/uploads\/sites\/58\/2024\/05\/boton1-300x300.png 300w, https:\/\/www.ull.es\/servicios\/unidad-para-la-docencia-virtual-udv\/wp-content\/uploads\/sites\/58\/2024\/05\/boton1-375x375.png 375w, https:\/\/www.ull.es\/servicios\/unidad-para-la-docencia-virtual-udv\/wp-content\/uploads\/sites\/58\/2024\/05\/boton1-50x50.png 50w, https:\/\/www.ull.es\/servicios\/unidad-para-la-docencia-virtual-udv\/wp-content\/uploads\/sites\/58\/2024\/05\/boton1.png 540w\" sizes=\"auto, (max-width: 150px) 100vw, 150px\" \/><\/a>[\/vc_column_text][\/vc_column][\/vc_row]<\/p>\n","protected":false},"excerpt":{"rendered":"<p>[vc_row full_width=\u00bbstretch_row\u00bb css=\u00bb.vc_custom_1564408637567{background-image: url(https:\/\/www.ull.es\/servicios\/unidad-para-la-docencia-virtual-udv\/wp-content\/uploads\/sites\/58\/2019\/07\/imagen-servicio-39.jpg?id=47) !important;background-position: center !important;background-repeat: no-repeat !important;background-size: cover !important;}\u00bb][vc_column][vc_empty_space height=\u00bb85px\u00bb][vc_column_text] Formaci\u00f3n [\/vc_column_text][vc_empty_space height=\u00bb85px\u00bb][\/vc_column][\/vc_row][vc_row][vc_column][vc_column_text]La UDV trata de cubrir las necesidades de adaptaci\u00f3n y actualizaci\u00f3n de la comunidad universitaria en la aplicaci\u00f3n de las TIC en las actividades acad\u00e9micas, desarrollando actividades formativas y ofreciendo recursos sobre el uso de las herramientas disponibles en la instituci\u00f3n,&#8230;<\/p>\n","protected":false},"author":62,"featured_media":0,"parent":0,"menu_order":0,"comment_status":"closed","ping_status":"closed","template":"templates\/template-frontpage.php","meta":{"_acf_changed":false,"footnotes":""},"class_list":["post-119","page","type-page","status-publish","hentry"],"acf":[],"_links":{"self":[{"href":"https:\/\/www.ull.es\/servicios\/unidad-para-la-docencia-virtual-udv\/wp-json\/wp\/v2\/pages\/119","targetHints":{"allow":["GET"]}}],"collection":[{"href":"https:\/\/www.ull.es\/servicios\/unidad-para-la-docencia-virtual-udv\/wp-json\/wp\/v2\/pages"}],"about":[{"href":"https:\/\/www.ull.es\/servicios\/unidad-para-la-docencia-virtual-udv\/wp-json\/wp\/v2\/types\/page"}],"author":[{"embeddable":true,"href":"https:\/\/www.ull.es\/servicios\/unidad-para-la-docencia-virtual-udv\/wp-json\/wp\/v2\/users\/62"}],"replies":[{"embeddable":true,"href":"https:\/\/www.ull.es\/servicios\/unidad-para-la-docencia-virtual-udv\/wp-json\/wp\/v2\/comments?post=119"}],"version-history":[{"count":11,"href":"https:\/\/www.ull.es\/servicios\/unidad-para-la-docencia-virtual-udv\/wp-json\/wp\/v2\/pages\/119\/revisions"}],"predecessor-version":[{"id":278,"href":"https:\/\/www.ull.es\/servicios\/unidad-para-la-docencia-virtual-udv\/wp-json\/wp\/v2\/pages\/119\/revisions\/278"}],"wp:attachment":[{"href":"https:\/\/www.ull.es\/servicios\/unidad-para-la-docencia-virtual-udv\/wp-json\/wp\/v2\/media?parent=119"}],"curies":[{"name":"wp","href":"https:\/\/api.w.org\/{rel}","templated":true}]}}