{"id":123,"date":"2024-04-09T14:08:05","date_gmt":"2024-04-09T12:08:05","guid":{"rendered":"https:\/\/www.ull.es\/servicios\/unidad-para-la-docencia-virtual-udv\/?page_id=123"},"modified":"2024-04-17T10:18:56","modified_gmt":"2024-04-17T08:18:56","slug":"observatorio","status":"publish","type":"page","link":"https:\/\/www.ull.es\/servicios\/unidad-para-la-docencia-virtual-udv\/observatorio\/","title":{"rendered":"Observatorio"},"content":{"rendered":"<p>[vc_row full_width=\u00bbstretch_row\u00bb css=\u00bb.vc_custom_1564408637567{background-image: url(https:\/\/www.ull.es\/servicios\/unidad-para-la-docencia-virtual-udv\/wp-content\/uploads\/sites\/58\/2019\/07\/imagen-servicio-39.jpg?id=47) !important;background-position: center !important;background-repeat: no-repeat !important;background-size: cover !important;}\u00bb][vc_column][vc_empty_space height=\u00bb85px\u00bb][vc_column_text]<\/p>\n<h1><span style=\"color: #ffffff;\">Observatorio<\/span><\/h1>\n<p>[\/vc_column_text][vc_empty_space height=\u00bb85px\u00bb][\/vc_column][\/vc_row][vc_row][vc_column][vc_column_text]<\/p>\n<h2>Informes y Estudios<\/h2>\n<p>[\/vc_column_text][vc_empty_space][vc_column_text]En este espacio se recogen informes y estudios sobre la evoluci\u00f3n del Campus Virtual y sus usuarios.<\/p>\n<ul>\n<li>Tr\u00e1fico web del Campus Virtual de la Universidad de La Laguna (2010 al 2022)<br \/>\nAutores: Garc\u00eda Esp\u00f3sito, A., Rodr\u00edguez Orihuela, A., Abreu Gonz\u00e1lez J. M. (2023)<\/li>\n<li>Tr\u00e1fico web del Campus Virtual de la Universidad de La Laguna (2010 al 2018)<br \/>\nAutores: Garc\u00eda Esp\u00f3sito, A., Rodr\u00edguez Orihuela, A., Abreu Gonz\u00e1lez J. M., Garc\u00eda Delgado I. (2019)<\/li>\n<li>Titulaciones online y semipresenciales de la Universidad de La Laguna: uso de la videoconferencia y pr\u00e1cticas de docencia virtual.<br \/>\nAutores: Garc\u00eda Esp\u00f3sito, A., Rodr\u00edguez Orihuela, A., Gonz\u00e1lez Gonz\u00e1lez, C. S., Jim\u00e9nez Abizanda, A. I.(2018)<\/li>\n<li>Hacia la mejora de la competencia digital del alumnado universitario.<br \/>\nAutores: Garc\u00eda Esp\u00f3sito, A., Rodr\u00edguez Orihuela, A., Gonz\u00e1lez Gonz\u00e1lez, C. S.(2018)<\/li>\n<li>Procedimiento de elaboraci\u00f3n de un MOOC institucional: estableciendo la hoja de ruta.<br \/>\nAutores: Villarroel Ram\u00edrez, R., Negr\u00edn Torres, E., Gonz\u00e1lez Gonz\u00e1lez, C. S., Rodr\u00edguez Orihuela, A., &amp; Garc\u00eda Esp\u00f3sito A. (2018)<\/li>\n<li><a href=\"https:\/\/riull.ull.es\/xmlui\/handle\/915\/7102\" target=\"_blank\" rel=\"noopener\" target=\"_blank\" rel=\"noopener\">Tr\u00e1fico web del Campus Virtual de la Universidad de La Laguna<\/a> (2010 al 2017)<br \/>\nAutores: Gonz\u00e1lez Gonz\u00e1lez, Carina S.; Garc\u00eda Esp\u00f3sito, Alicia; Rodr\u00edguez Orihuela, Alberto (2018)<\/li>\n<li><a href=\"https:\/\/riull.ull.es\/xmlui\/handle\/915\/4752\" target=\"_blank\" rel=\"noopener\" target=\"_blank\" rel=\"noopener\">Tr\u00e1fico web del Campus Virtual de la Universidad de La Laguna<\/a> (2010 al 2016)<br \/>\nAutores: Gonz\u00e1lez Gonz\u00e1lez, Carina S.; Garc\u00eda Esp\u00f3sito, Alicia; Rodr\u00edguez Orihuela, Alberto (2017)<\/li>\n<li><a href=\"https:\/\/riull.ull.es\/xmlui\/handle\/915\/4264\" target=\"_blank\" rel=\"noopener\" target=\"_blank\" rel=\"noopener\">Estudio en el alumnado sobre el uso de las TIC como apoyo a la ense\u00f1anza universitaria<\/a>. Curso 2009\/2010<br \/>\nAutores: Gonz\u00e1lez Gonz\u00e1lez, Carina S.; del Castillo-Olivares Barber\u00e1n, Jos\u00e9 M\u00aa (2011)<\/li>\n<li><a href=\"https:\/\/riull.ull.es\/xmlui\/handle\/915\/4263\" target=\"_blank\" rel=\"noopener\" target=\"_blank\" rel=\"noopener\">Estudio en el alumnado sobre el uso de las TIC como apoyo a la ense\u00f1anza universitaria<\/a>. Curso 2008\/2009<br \/>\nAutores: Gonz\u00e1lez Gonz\u00e1lez, Carina S.; Hern\u00e1ndez Jorge, Carmen M.; del Castillo-Olivares Barber\u00e1n, Jos\u00e9 M\u00aa; Sanabria Mesa, Ana L.; Garc\u00eda Esp\u00f3sito, Alicia (2011)<\/li>\n<li><a href=\"https:\/\/riull.ull.es\/xmlui\/handle\/915\/4262\" target=\"_blank\" rel=\"noopener\" target=\"_blank\" rel=\"noopener\">Evaluaci\u00f3n de los Proyectos de Experimentaci\u00f3n de Docencia Virtual (EDOVI) 2007-2008 de la Universidad de La Laguna<\/a><br \/>\nAutores: Gonz\u00e1lez Gonz\u00e1lez, Carina S.; Hern\u00e1ndez Jorge, Carmen M.; Sanabria Mesa, Ana L.; del Castillo-Olivares Barber\u00e1n, Jos\u00e9 M\u00aa; Garc\u00eda Esp\u00f3sito, Alicia (2011)<\/li>\n<li><a href=\"https:\/\/riull.ull.es\/xmlui\/handle\/915\/4261\" target=\"_blank\" rel=\"noopener\" target=\"_blank\" rel=\"noopener\">Evaluaci\u00f3n de los Proyectos de Experimentaci\u00f3n de Docencia Virtual (EDOVI) 2006-2007 de la Universidad de La Laguna<\/a><br \/>\nAutores: Gonz\u00e1lez Gonz\u00e1lez, Carina S.; del Castillo-Olivares Barber\u00e1n, Jos\u00e9 M\u00aa; Blanco Izquierdo, Francisco (2011)<\/li>\n<li><a href=\"https:\/\/riull.ull.es\/xmlui\/handle\/915\/4260\" target=\"_blank\" rel=\"noopener\" target=\"_blank\" rel=\"noopener\">El uso de las TIC como apoyo a la ense\u00f1anza universitaria: Curso 2008-2009<\/a><br \/>\nAutores: Gonz\u00e1lez Gonz\u00e1lez, Carina S.; Hern\u00e1ndez Jorge, Carmen M.; Sanabria Mesa, Ana L.; del Castillo-Olivares Barber\u00e1n, Jos\u00e9 M\u00aa; Garc\u00eda Esp\u00f3sito, Alicia (2011)<\/li>\n<li><a href=\"https:\/\/riull.ull.es\/xmlui\/handle\/915\/4259\" target=\"_blank\" rel=\"noopener\" target=\"_blank\" rel=\"noopener\">Estudio en el profesorado sobre el uso de las TIC como apoyo a la ense\u00f1anza universitaria: Curso 2008-2009<\/a><br \/>\nAutores: Gonz\u00e1lez Gonz\u00e1lez, Carina S.; Hern\u00e1ndez Jorge, Carmen M.; Sanabria Mesa, Ana L.; del Castillo-Olivares Barber\u00e1n, Jos\u00e9 M\u00aa; Garc\u00eda Esp\u00f3sito, Alicia (2011)<\/li>\n<\/ul>\n<p>[\/vc_column_text][\/vc_column][\/vc_row][vc_row][vc_column][\/vc_column][\/vc_row]<\/p>\n","protected":false},"excerpt":{"rendered":"<p>[vc_row full_width=\u00bbstretch_row\u00bb css=\u00bb.vc_custom_1564408637567{background-image: url(https:\/\/www.ull.es\/servicios\/unidad-para-la-docencia-virtual-udv\/wp-content\/uploads\/sites\/58\/2019\/07\/imagen-servicio-39.jpg?id=47) !important;background-position: center !important;background-repeat: no-repeat !important;background-size: cover !important;}\u00bb][vc_column][vc_empty_space height=\u00bb85px\u00bb][vc_column_text] Observatorio [\/vc_column_text][vc_empty_space height=\u00bb85px\u00bb][\/vc_column][\/vc_row][vc_row][vc_column][vc_column_text] Informes y Estudios [\/vc_column_text][vc_empty_space][vc_column_text]En este espacio se recogen informes y estudios sobre la evoluci\u00f3n del Campus Virtual y sus usuarios. Tr\u00e1fico web del Campus Virtual de la Universidad de La Laguna (2010 al 2022) Autores: Garc\u00eda Esp\u00f3sito, A., Rodr\u00edguez Orihuela,&#8230;<\/p>\n","protected":false},"author":62,"featured_media":0,"parent":0,"menu_order":0,"comment_status":"closed","ping_status":"closed","template":"templates\/template-frontpage.php","meta":{"_acf_changed":false,"footnotes":""},"class_list":["post-123","page","type-page","status-publish","hentry"],"acf":[],"_links":{"self":[{"href":"https:\/\/www.ull.es\/servicios\/unidad-para-la-docencia-virtual-udv\/wp-json\/wp\/v2\/pages\/123","targetHints":{"allow":["GET"]}}],"collection":[{"href":"https:\/\/www.ull.es\/servicios\/unidad-para-la-docencia-virtual-udv\/wp-json\/wp\/v2\/pages"}],"about":[{"href":"https:\/\/www.ull.es\/servicios\/unidad-para-la-docencia-virtual-udv\/wp-json\/wp\/v2\/types\/page"}],"author":[{"embeddable":true,"href":"https:\/\/www.ull.es\/servicios\/unidad-para-la-docencia-virtual-udv\/wp-json\/wp\/v2\/users\/62"}],"replies":[{"embeddable":true,"href":"https:\/\/www.ull.es\/servicios\/unidad-para-la-docencia-virtual-udv\/wp-json\/wp\/v2\/comments?post=123"}],"version-history":[{"count":7,"href":"https:\/\/www.ull.es\/servicios\/unidad-para-la-docencia-virtual-udv\/wp-json\/wp\/v2\/pages\/123\/revisions"}],"predecessor-version":[{"id":251,"href":"https:\/\/www.ull.es\/servicios\/unidad-para-la-docencia-virtual-udv\/wp-json\/wp\/v2\/pages\/123\/revisions\/251"}],"wp:attachment":[{"href":"https:\/\/www.ull.es\/servicios\/unidad-para-la-docencia-virtual-udv\/wp-json\/wp\/v2\/media?parent=123"}],"curies":[{"name":"wp","href":"https:\/\/api.w.org\/{rel}","templated":true}]}}