{"id":31,"date":"2019-06-24T11:30:08","date_gmt":"2019-06-24T09:30:08","guid":{"rendered":"https:\/\/www.ull.es\/servicios\/negociado-pruebas-acceso\/?page_id=31"},"modified":"2026-03-26T12:02:43","modified_gmt":"2026-03-26T11:02:43","slug":"informacion","status":"publish","type":"page","link":"https:\/\/www.ull.es\/servicios\/unidad-para-la-docencia-virtual-udv\/informacion\/","title":{"rendered":"Informaci\u00f3n"},"content":{"rendered":"\n<div class=\"wp-block-stackable-columns alignfull stk-block-columns stk-block stk-16a94b8\" data-block-id=\"16a94b8\"><style>.stk-16a94b8 {margin-bottom:76px !important;}@media screen and (max-width: 767px){.stk-16a94b8 {padding-top:0px !important;padding-right:0px !important;padding-bottom:0px !important;padding-left:0px !important;}}<\/style><div class=\"stk-row stk-inner-blocks stk-block-content stk-content-align stk-16a94b8-column alignfull\">\n<div class=\"wp-block-stackable-column stk-block-column stk-column stk-block stk-dfe9b01 stk-block-background stk--has-background-overlay\" data-v=\"4\" data-block-id=\"dfe9b01\"><style>.stk-dfe9b01 {background-image:url(https:\/\/www.ull.es\/servicios\/unidad-para-la-docencia-virtual-udv\/wp-content\/uploads\/sites\/58\/2019\/07\/imagen-servicio-39.jpg) !important;}.stk-dfe9b01:before{background-color:#000000 !important;opacity:0.3 !important;}@media screen and (max-width: 767px){.stk-dfe9b01 {padding-top:0px !important;padding-right:0px !important;padding-bottom:0px !important;padding-left:0px !important;}.stk-dfe9b01-container{min-height:320px !important;}}<\/style><div class=\"stk-column-wrapper stk-block-column__content stk-container stk-dfe9b01-container stk--no-background stk--no-padding\"><div class=\"stk-block-content stk-inner-blocks stk-dfe9b01-inner-blocks\">\n<div class=\"wp-block-stackable-columns alignfull stk-block-columns stk-block stk-3bf239f\" data-block-id=\"3bf239f\"><style>@media screen and (max-width: 1023px){.stk-3bf239f {padding-left:0px !important;}}<\/style><div class=\"stk-row stk-inner-blocks stk-block-content stk-content-align stk-3bf239f-column alignfull\">\n<div class=\"wp-block-stackable-column stk-block-column stk-column stk-block stk-f66584c\" data-v=\"4\" data-block-id=\"f66584c\"><div class=\"stk-column-wrapper stk-block-column__content stk-container stk-f66584c-container stk--no-background stk--no-padding\"><div class=\"stk-block-content stk-inner-blocks stk-f66584c-inner-blocks\">\n<div class=\"wp-block-stackable-heading stk-block-heading stk-block-heading--v2 stk-block stk-1bb54e9\" id=\"unidad-para-la-docencia-virtual\" data-block-id=\"1bb54e9\"><style>.stk-1bb54e9 {padding-top:110px !important;padding-right:25px !important;padding-bottom:75px !important;padding-left:420px !important;}.stk-1bb54e9 .stk-block-heading__text{font-size:35px !important;color:#ffffff !important;font-weight:400 !important;}@media screen and (max-width: 1023px){.stk-1bb54e9 {padding-left:55px !important;}.stk-1bb54e9 .stk-block-heading__text{font-size:35px !important;}}@media screen and (max-width: 767px){.stk-1bb54e9 {padding-right:75px !important;padding-left:25px !important;}.stk-1bb54e9 .stk-block-heading__text{font-size:33px !important;}}<\/style><h2 class=\"stk-block-heading__text has-text-color has-text-align-left has-text-align-left-tablet has-text-align-left-mobile\">Unidad para la docencia virtual<\/h2><\/div>\n<\/div><\/div><\/div>\n<\/div><\/div>\n<\/div><\/div><\/div>\n<\/div><\/div>\n\n\n\n<div class=\"wp-block-stackable-columns alignwide stk-block-columns stk-block stk-019f113\" data-block-id=\"019f113\"><style>.stk-019f113 .stk--block-align-019f113{align-items:stretch !important;}.stk-019f113-column{--stk-column-gap:95px !important;}@media screen and (max-width: 1023px){.stk-019f113-column{row-gap:var(--stk--preset--spacing--80, 5.06rem) !important;}}<\/style><div class=\"stk-row stk-inner-blocks stk--block-align-019f113 stk-block-content stk-content-align stk-019f113-column alignwide\">\n<div class=\"wp-block-stackable-column stk-block-column stk-column stk-block stk-f687265\" data-v=\"4\" data-block-id=\"f687265\"><style>.stk-f687265-container{margin-top:0px !important;margin-right:0px !important;margin-bottom:0px !important;margin-left:0px !important;}@media screen and (min-width: 768px){.stk-f687265 {flex:var(--stk-flex-grow, 1) 1 calc(55% - var(--stk-column-gap, 0px) * 1 \/ 2 ) !important;}}@media screen and (min-width: 768px) and (max-width: 1023px){.stk-f687265 {flex:var(--stk-flex-grow, 1) 1 calc(100% - var(--stk-column-gap, 0px) * 0 \/ 1 ) !important;}}@media screen and (max-width: 1023px){.stk-f687265 {padding-right:50px !important;padding-left:50px !important;}}@media screen and (max-width: 767px){.stk-f687265-inner-blocks{align-items:center !important;}.stk-f687265 {padding-right:20px !important;padding-left:20px !important;}}<\/style><div class=\"stk-column-wrapper stk-block-column__content stk-container stk-f687265-container stk--no-background stk--no-padding\"><div class=\"stk-block-content stk-inner-blocks stk-f687265-inner-blocks\">\n<style>\n    .shortcode-equipo {\n        margin-top: 40px;\n    }\n    .shortcode-equipo h2 {\n        margin-bottom: 10px !important;\n    }\n<\/style>\n\n<div class=\"shortcode-equipo\">\n    <h2>Responsable del servicio<\/h2><dl><dt><strong>Directora de la Unidad para la Docencia Virtual (UDV)<\/strong><\/dt><dd><a href='https:\/\/www.ull.es\/directorio\/search\/?busqueda=Mar\u00eda Bel\u00e9n San Nicol\u00e1s Santos' target='_blank'>Mar\u00eda Bel\u00e9n San Nicol\u00e1s Santos<\/a><\/dd><\/dl><\/div>\n\n\n\n\n<div class=\"wp-block-stackable-heading stk-block-heading stk-block-heading--v2 stk-block stk-ce015c6\" id=\"informacion-general\" data-block-id=\"ce015c6\"><style>.stk-ce015c6 {margin-bottom:12px !important;}<\/style><h2 class=\"stk-block-heading__text\">Informaci\u00f3n general<\/h2><\/div>\n\n\n\n<ul class=\"wp-block-list\">\n<li><a href=\"https:\/\/www.ull.es\/portal\/normativa\/normativa\/reglamento-de-la-unidad-para-la-docencia-virtual-de-la-universidad-de-la-laguna\/\" target=\"_blank\" rel=\"noreferrer noopener\" target=\"_blank\" rel=\"noopener\">Reglamento de la Unidad para la Docencia Virtual<\/a><\/li>\n\n\n\n<li><a href=\"https:\/\/www.ull.es\/servicios\/dpd\/procedimientos\/\" target=\"_blank\" rel=\"noreferrer noopener\" target=\"_blank\" rel=\"noopener\">Registro de Actividades de Tratamiento<\/a><\/li>\n\n\n\n<li><a href=\"https:\/\/www.ull.es\/portal\/normativa\/normativa\/modificacion-del-reglamento-de-evaluacion-y-calificacion\/\" target=\"_blank\" rel=\"noreferrer noopener\" target=\"_blank\" rel=\"noopener\">Reglamento de Evaluaci\u00f3n y Calificaci\u00f3n (julio 2023)<\/a><\/li>\n<\/ul>\n<\/div><\/div><\/div>\n\n\n\n<div class=\"wp-block-stackable-column stk-block-column stk-column stk-block stk-f4a5f83\" data-v=\"4\" data-block-id=\"f4a5f83\"><style>.stk-f4a5f83-container{margin-top:0px !important;margin-right:0px !important;margin-bottom:0px !important;margin-left:0px !important;}@media screen and (min-width: 768px){.stk-f4a5f83 {flex:var(--stk-flex-grow, 1) 1 calc(45% - var(--stk-column-gap, 0px) * 1 \/ 2 ) !important;}}@media screen and (min-width: 768px) and (max-width: 1023px){.stk-f4a5f83 {flex:var(--stk-flex-grow, 1) 1 calc(100% - var(--stk-column-gap, 0px) * 0 \/ 1 ) !important;}}<\/style><div class=\"stk-column-wrapper stk-block-column__content stk-container stk-f4a5f83-container stk--no-background stk--no-padding\"><div class=\"stk-block-content stk-inner-blocks stk-f4a5f83-inner-blocks\">\n<div class=\"wp-block-stackable-columns stk-block-columns stk-block stk-ae822eb\" data-block-id=\"ae822eb\"><div class=\"stk-row stk-inner-blocks stk-block-content stk-content-align stk-ae822eb-column\">\n<div class=\"wp-block-stackable-column stk-block-column stk-column stk-block stk-376de0a\" data-v=\"4\" data-block-id=\"376de0a\"><div class=\"stk-column-wrapper stk-block-column__content stk-container stk-376de0a-container stk--no-background stk--no-padding\"><div class=\"stk-block-content stk-inner-blocks stk-376de0a-inner-blocks\">\n<ul class=\"widget-box\">\n<li class='contacto-header'>Informaci\u00f3n de contacto<\/li><li><i class=\"fa fa-map-marker\"><\/i> Avenida de la Trinidad, 61, Aulario Torre Profesor Agust\u00edn Ar\u00e9valo, Planta 1 (FGULL), 38204 La Laguna, Santa Cruz de Tenerife<\/li>        <li>\n\t    <a id=\"islpronto_link\" href=\"http:\/\/udv.ull.es\/portal\/contacto\/\"><img decoding=\"async\" src=\"https:\/\/support.webs.ull.es\/isl\/udv\/islpronto-message.jpg\" id=\"islpronto_image\" border=\"0\" \/><\/a>\n            <script src=\"\/\/soporte.stic.ull.es\/live\/islpronto\/public\/chat.js?d=UDV&amp;lang=es\"><\/script>\n        <\/li>\n    <li><i class=\"fa fa-phone\"><\/i> (+34) 922 31 90 35<\/li><li><i class=\"fa fa-envelope\"><\/i>  <a href=mailto:unidov@ull.es>unidov@ull.es<\/a><\/li><li><i class=\"fa fa-clock-o\"><\/i> De 09:00 a 14:00h. L - V<\/li><li><i class=\"fa fa-list-ul\"><\/i><a href=\"http:\/\/riull.ull.es\/xmlui\/bitstream\/handle\/915\/3890\/CS_udv.pdf\"> Carta de servicios<\/a><\/li><li><i class=\"fa fa-globe\"><\/i><a href=\"http:\/\/udv.ull.es\"> P\u00e1gina web<\/a><\/li><li><i class=\"fa fa-pencil-square-o\"><\/i><a href=\"https:\/\/encuestas.ull.es\/index.php?r=survey\/index&sid=936143\"> Encuesta de satisfacci\u00f3n<\/a><\/li><li><i class=\"fa fa-archive\"><\/i><a href=\"https:\/\/sede.ull.es\/ecivilis-site\/catalog\/showProcedure\/484\"> Procedimiento para quejas, sugerencias y felicitaciones<\/a><\/li>\n<\/ul>\n\n\n<\/div><\/div><\/div>\n<\/div><\/div>\n\n\n\n<div class=\"wp-block-stackable-columns stk-block-columns stk-block stk-b00e807\" data-block-id=\"b00e807\"><div class=\"stk-row stk-inner-blocks stk-block-content stk-content-align stk-b00e807-column\">\n<div class=\"wp-block-stackable-column stk-block-column stk-column stk-block stk-046e485\" data-v=\"4\" data-block-id=\"046e485\"><div class=\"stk-column-wrapper stk-block-column__content stk-container stk-046e485-container stk--no-background stk--no-padding\"><div class=\"stk-block-content stk-inner-blocks stk-046e485-inner-blocks\">\n    \n<style>\n    .google-maps {\n        position: relative;\n        padding-bottom: 75%;\n        height: 0;\n        overflow: hidden;\n    }\n    .google-maps iframe {\n        position: absolute;\n        top: 0;\n        left: 0;\n        width: 100% !important;\n        height: 100% !important;\n    }\n<\/style>\n\n\n<div class=\"google-maps\">\n    <iframe src=\"https:\/\/www.openstreetmap.org\/export\/embed.html?bbox=-16.320414861053%2C28.477682827097%2C-16.314271051463%2C28.483495049377&amp;layer=mapnik&amp;marker=28.48186578283650%2C-16.317588686943000\" style=\"border: 1px solid black\"><\/iframe>\n<\/div>\n\n<div class=\"btn-widget\">\n    <a href=\"https:\/\/www.openstreetmap.org\/directions?engine=graphhopper_car&from=&to=28.48186578283650%2C-16.317588686943000#map=17\/28.48186578283650\/-16.317588686943000\">C\u00f3mo llegar<\/a>  \n<\/div>\n\n  <\/body>\n<\/html>\n\n\n<\/div><\/div><\/div>\n<\/div><\/div>\n<\/div><\/div><\/div>\n<\/div><\/div>\n","protected":false},"excerpt":{"rendered":"<p>Unidad para la docencia virtual Informaci\u00f3n general<\/p>\n","protected":false},"author":49,"featured_media":0,"parent":0,"menu_order":0,"comment_status":"closed","ping_status":"closed","template":"templates\/template-frontpage.php","meta":{"_acf_changed":false,"footnotes":""},"class_list":["post-31","page","type-page","status-publish","hentry"],"acf":[],"_links":{"self":[{"href":"https:\/\/www.ull.es\/servicios\/unidad-para-la-docencia-virtual-udv\/wp-json\/wp\/v2\/pages\/31","targetHints":{"allow":["GET"]}}],"collection":[{"href":"https:\/\/www.ull.es\/servicios\/unidad-para-la-docencia-virtual-udv\/wp-json\/wp\/v2\/pages"}],"about":[{"href":"https:\/\/www.ull.es\/servicios\/unidad-para-la-docencia-virtual-udv\/wp-json\/wp\/v2\/types\/page"}],"author":[{"embeddable":true,"href":"https:\/\/www.ull.es\/servicios\/unidad-para-la-docencia-virtual-udv\/wp-json\/wp\/v2\/users\/49"}],"replies":[{"embeddable":true,"href":"https:\/\/www.ull.es\/servicios\/unidad-para-la-docencia-virtual-udv\/wp-json\/wp\/v2\/comments?post=31"}],"version-history":[{"count":32,"href":"https:\/\/www.ull.es\/servicios\/unidad-para-la-docencia-virtual-udv\/wp-json\/wp\/v2\/pages\/31\/revisions"}],"predecessor-version":[{"id":580,"href":"https:\/\/www.ull.es\/servicios\/unidad-para-la-docencia-virtual-udv\/wp-json\/wp\/v2\/pages\/31\/revisions\/580"}],"wp:attachment":[{"href":"https:\/\/www.ull.es\/servicios\/unidad-para-la-docencia-virtual-udv\/wp-json\/wp\/v2\/media?parent=31"}],"curies":[{"name":"wp","href":"https:\/\/api.w.org\/{rel}","templated":true}]}}