{"id":6,"date":"2019-06-20T13:15:25","date_gmt":"2019-06-20T11:15:25","guid":{"rendered":"https:\/\/www.ull.es\/servicios\/negociado-pruebas-acceso\/?page_id=2"},"modified":"2026-03-26T12:05:30","modified_gmt":"2026-03-26T11:05:30","slug":"servicios","status":"publish","type":"page","link":"https:\/\/www.ull.es\/servicios\/unidad-para-la-docencia-virtual-udv\/servicios\/","title":{"rendered":"Servicios"},"content":{"rendered":"\n<div class=\"wp-block-stackable-columns alignfull stk-block-columns stk-block stk-16a94b8\" data-block-id=\"16a94b8\"><style>.stk-16a94b8 {margin-bottom:56px !important;}@media screen and (max-width: 767px){.stk-16a94b8 {padding-top:0px !important;padding-right:0px !important;padding-bottom:0px !important;padding-left:0px !important;}}<\/style><div class=\"stk-row stk-inner-blocks stk-block-content stk-content-align stk-16a94b8-column alignfull\">\n<div class=\"wp-block-stackable-column stk-block-column stk-column stk-block stk-dfe9b01 stk-block-background stk--has-background-overlay\" data-v=\"4\" data-block-id=\"dfe9b01\"><style>.stk-dfe9b01 {background-image:url(https:\/\/www.ull.es\/servicios\/unidad-para-la-docencia-virtual-udv\/wp-content\/uploads\/sites\/58\/2019\/08\/50-Unidad-para-la-Docencia-Virtual-UDV.jpg) !important;}.stk-dfe9b01:before{background-color:#000000 !important;opacity:0.3 !important;}@media screen and (max-width: 767px){.stk-dfe9b01 {padding-top:0px !important;padding-right:0px !important;padding-bottom:0px !important;padding-left:0px !important;}.stk-dfe9b01-container{min-height:320px !important;}}<\/style><div class=\"stk-column-wrapper stk-block-column__content stk-container stk-dfe9b01-container stk--no-background stk--no-padding\"><div class=\"stk-block-content stk-inner-blocks stk-dfe9b01-inner-blocks\">\n<div class=\"wp-block-stackable-columns alignfull stk-block-columns stk-block stk-3bf239f\" data-block-id=\"3bf239f\"><style>@media screen and (max-width: 1023px){.stk-3bf239f {padding-left:0px !important;}}<\/style><div class=\"stk-row stk-inner-blocks stk-block-content stk-content-align stk-3bf239f-column alignfull\">\n<div class=\"wp-block-stackable-column stk-block-column stk-column stk-block stk-f66584c\" data-v=\"4\" data-block-id=\"f66584c\"><div class=\"stk-column-wrapper stk-block-column__content stk-container stk-f66584c-container stk--no-background stk--no-padding\"><div class=\"stk-block-content stk-inner-blocks stk-f66584c-inner-blocks\">\n<div class=\"wp-block-stackable-heading stk-block-heading stk-block-heading--v2 stk-block stk-1bb54e9\" id=\"unidad-para-la-docencia-virtual\" data-block-id=\"1bb54e9\"><style>.stk-1bb54e9 {padding-top:110px !important;padding-right:25px !important;padding-bottom:75px !important;padding-left:420px !important;}.stk-1bb54e9 .stk-block-heading__text{font-size:35px !important;color:#ffffff !important;font-weight:400 !important;}@media screen and (max-width: 1023px){.stk-1bb54e9 {padding-left:55px !important;}.stk-1bb54e9 .stk-block-heading__text{font-size:35px !important;}}@media screen and (max-width: 767px){.stk-1bb54e9 {padding-right:75px !important;padding-left:25px !important;}.stk-1bb54e9 .stk-block-heading__text{font-size:33px !important;}}<\/style><h2 class=\"stk-block-heading__text has-text-color has-text-align-left has-text-align-left-tablet has-text-align-left-mobile\">Unidad para la Docencia Virtual<\/h2><\/div>\n<\/div><\/div><\/div>\n<\/div><\/div>\n<\/div><\/div><\/div>\n<\/div><\/div>\n\n\n\n<div class=\"wp-block-stackable-columns alignfull stk-block-columns stk-block stk-9edc148\" data-block-id=\"9edc148\"><style>.stk-9edc148 {margin-bottom:0px !important;}@media screen and (max-width: 767px){.stk-9edc148 {padding-top:0px !important;padding-right:20px !important;padding-bottom:0px !important;padding-left:20px !important;}}<\/style><div class=\"stk-row stk-inner-blocks stk-block-content stk-content-align stk-9edc148-column alignfull\">\n<div class=\"wp-block-stackable-column stk-block-column stk-column stk-block stk-409001d\" data-v=\"4\" data-block-id=\"409001d\"><style>.stk-409001d {padding-right:400px !important;padding-left:400px !important;}@media screen and (max-width: 1023px){.stk-409001d {padding-right:50px !important;padding-left:50px !important;}}@media screen and (max-width: 767px){.stk-409001d {padding-top:0px !important;padding-right:20px !important;padding-bottom:0px !important;padding-left:20px !important;}}<\/style><div class=\"stk-column-wrapper stk-block-column__content stk-container stk-409001d-container stk--no-background stk--no-padding\"><div class=\"stk-block-content stk-inner-blocks stk-409001d-inner-blocks\">\n<div class=\"wp-block-stackable-heading stk-block-heading stk-block-heading--v2 stk-block stk-ce015c6\" id=\"servicios-que-ofrece-el-usuario\" data-block-id=\"ce015c6\"><style>.stk-ce015c6 {margin-bottom:12px !important;}<\/style><h2 class=\"stk-block-heading__text has-text-align-left-mobile\">Servicios que ofrece el usuario<\/h2><\/div>\n<\/div><\/div><\/div>\n<\/div><\/div>\n\n\n\n<div class=\"wp-block-stackable-columns alignwide stk-block-columns stk-block stk-019f113\" data-block-id=\"019f113\"><style>.stk-019f113 .stk--block-align-019f113{align-items:stretch !important;}.stk-019f113 {margin-top:50px !important;}.stk-019f113-column{--stk-column-gap:95px !important;}@media screen and (max-width: 1023px){.stk-019f113-column{--stk-column-gap:50px !important;row-gap:var(--stk--preset--spacing--60, 2.25rem) !important;}}<\/style><div class=\"stk-row stk-inner-blocks stk--block-align-019f113 stk-block-content stk-content-align stk-019f113-column alignwide\">\n<div class=\"wp-block-stackable-column stk-block-column stk-column stk-block stk-f687265\" data-v=\"4\" data-block-id=\"f687265\"><style>.stk-f687265-container{margin-top:0px !important;margin-right:0px !important;margin-bottom:0px !important;margin-left:0px !important;}@media screen and (min-width: 768px){.stk-f687265 {flex:var(--stk-flex-grow, 1) 1 calc(60% - var(--stk-column-gap, 0px) * 1 \/ 2 ) !important;}}@media screen and (min-width: 768px) and (max-width: 1023px){.stk-f687265 {flex:var(--stk-flex-grow, 1) 1 calc(100% - var(--stk-column-gap, 0px) * 0 \/ 1 ) !important;}}@media screen and (max-width: 767px){.stk-f687265-inner-blocks{align-items:center !important;}.stk-f687265 {padding-right:20px !important;padding-left:20px !important;margin-bottom:24px !important;}}<\/style><div class=\"stk-column-wrapper stk-block-column__content stk-container stk-f687265-container stk--no-background stk--no-padding\"><div class=\"stk-block-content stk-inner-blocks stk-f687265-inner-blocks\">\n<ul class=\"wp-block-list\">\n<li>Acciones para la integraci\u00f3n de las TIC en la docencia universitaria: Planificaci\u00f3n y puesta en marcha de convocatorias orientadas a la innovaci\u00f3n educativa, calidad docente y uso de las TIC en la actividad docente e investigadora.<\/li>\n\n\n\n<li>Observatorio: Estudio, seguimiento y evaluaci\u00f3n de la docencia virtual desarrollada en titulaciones de la ULL. Informes y certificaciones relacionadas con el uso de las herramientas gestionadas por la UDV.<\/li>\n\n\n\n<li>Extensi\u00f3n: Convenios con agentes externos para prestar los servicios gestionados por la UDV. Organizaci\u00f3n y participaci\u00f3n en eventos destinados a la difusi\u00f3n del conocimiento y aplicaci\u00f3n de las TIC.<\/li>\n\n\n\n<li>Producci\u00f3n de materiales y contenidos: Creaci\u00f3n de materiales did\u00e1cticos dirigidos a la comunidad universitaria referidos a la aplicaci\u00f3n y explotaci\u00f3n de los recursos TIC disponibles.<\/li>\n\n\n\n<li>Formaci\u00f3n a demanda en el uso de las TIC: Asesoramiento personalizado y desarrollo de actividades formativas a demanda dirigidas a centros y personal docente en metodolog\u00edas adecuadas para la ense\u00f1anza en entornos virtuales y semipresenciales, as\u00ed como en el uso de las TIC, adapt\u00e1ndolas a las necesidades de cada caso en particular.<\/li>\n\n\n\n<li>Formaci\u00f3n: Cobertura de las necesidades de adaptaci\u00f3n y actualizaci\u00f3n del profesorado de la ULL en el uso de las TIC, proponiendo y desarrollando actividades formativas destinadas a la comunidad universitaria.<\/li>\n\n\n\n<li>Asesoramiento pedag\u00f3gico, metodol\u00f3gico y organizativo: Informaci\u00f3n y asesoramiento en metodolog\u00edas adecuadas para la ense\u00f1anza en entornos semipresenciales, asistencia en el dise\u00f1o y tutorizaci\u00f3n de cursos virtuales.<\/li>\n\n\n\n<li>Gesti\u00f3n, consultor\u00eda y soporte t\u00e9cnico: Informaci\u00f3n, asesoramiento y resoluci\u00f3n de incidencias relacionadas con el Campus Virtual de la ULL y otros servicios ofrecidos por la UDV.<\/li>\n<\/ul>\n<\/div><\/div><\/div>\n\n\n\n<div class=\"wp-block-stackable-column stk-block-column stk-column stk-block stk-f4a5f83\" data-v=\"4\" data-block-id=\"f4a5f83\"><style>.stk-f4a5f83-container{margin-top:0px !important;margin-right:0px !important;margin-bottom:0px !important;margin-left:0px !important;}@media screen and (min-width: 768px){.stk-f4a5f83 {flex:var(--stk-flex-grow, 1) 1 calc(40% - var(--stk-column-gap, 0px) * 1 \/ 2 ) !important;}}@media screen and (min-width: 768px) and (max-width: 1023px){.stk-f4a5f83 {flex:var(--stk-flex-grow, 1) 1 calc(100% - var(--stk-column-gap, 0px) * 0 \/ 1 ) !important;}}@media screen and (max-width: 767px){.stk-f4a5f83 {padding-right:20px !important;padding-left:20px !important;}}<\/style><div class=\"stk-column-wrapper stk-block-column__content stk-container stk-f4a5f83-container stk--no-background stk--no-padding\"><div class=\"stk-block-content stk-inner-blocks stk-f4a5f83-inner-blocks\">\n<div class=\"wp-block-stackable-columns stk-block-columns stk-block stk-ae822eb\" data-block-id=\"ae822eb\"><div class=\"stk-row stk-inner-blocks stk-block-content stk-content-align stk-ae822eb-column\">\n<div class=\"wp-block-stackable-column stk-block-column stk-column stk-block stk-376de0a\" data-v=\"4\" data-block-id=\"376de0a\"><div class=\"stk-column-wrapper stk-block-column__content stk-container stk-376de0a-container stk--no-background stk--no-padding\"><div class=\"stk-block-content stk-inner-blocks stk-376de0a-inner-blocks\">\n<div class=\"wp-block-stackable-icon-list stk-block-icon-list stk-block stk-533f953\" data-block-id=\"533f953\"><style>.stk-533f953 .stk-block-icon-list-item__content{gap:15px !important;align-items:baseline !important;}.stk-533f953 {--stk-icon-list-row-gap:10px !important;border-style:solid !important;border-color:#a8a8a8 !important;border-top-width:1px !important;border-right-width:1px !important;border-bottom-width:1px !important;border-left-width:1px !important;padding-top:18px !important;padding-right:18px !important;padding-bottom:18px !important;padding-left:18px !important;}.stk-533f953 ul .stk-block-icon-list-item__content .stk--inner-svg, .stk-533f953 ol .stk-block-icon-list-item__content .stk-block-icon-list-item__marker{transform:translateY(3px) !important;}<\/style><svg style=\"display:none\"><defs><g id=\"stk-icon-list__icon-svg-def-533f953\"><svg xmlns=\"http:\/\/www.w3.org\/2000\/svg\" viewBox=\"0 0 190 190\"><polygon points=\"173.8,28.4 60.4,141.8 15.7,97.2 5.1,107.8 60.4,163 184.4,39 173.8,28.4\"\/><\/svg><\/g><\/defs><\/svg><ul class=\"stk-block-icon-list__ul stk-block-icon-list--column\">\n<li class=\"wp-block-stackable-icon-list-item stk-block-icon-list-item stk-block stk-377513b\" data-block-id=\"377513b\"><div class=\"stk-block-icon-list-item__content\"><span class=\"stk--svg-wrapper\"><div class=\"stk--inner-svg\"><svg xmlns=\"http:\/\/www.w3.org\/2000\/svg\" viewBox=\"0 0 512 512\" aria-hidden=\"true\" width=\"32\" height=\"32\"><path d=\"M64 144a48 48 0 1 0 0-96 48 48 0 1 0 0 96zM192 64c-17.7 0-32 14.3-32 32s14.3 32 32 32H480c17.7 0 32-14.3 32-32s-14.3-32-32-32H192zm0 160c-17.7 0-32 14.3-32 32s14.3 32 32 32H480c17.7 0 32-14.3 32-32s-14.3-32-32-32H192zm0 160c-17.7 0-32 14.3-32 32s14.3 32 32 32H480c17.7 0 32-14.3 32-32s-14.3-32-32-32H192zM64 464a48 48 0 1 0 0-96 48 48 0 1 0 0 96zm48-208a48 48 0 1 0 -96 0 48 48 0 1 0 96 0z\"\/><\/svg><\/div><\/span><span class=\"stk-block-icon-list-item__text\"><a href=\"https:\/\/riull.ull.es\/xmlui\/bitstream\/handle\/915\/3890\/CS_udv.pdf\" target=\"_blank\" rel=\"noreferrer noopener\" target=\"_blank\" rel=\"noopener\">Carta de Servicios<\/a><\/span><\/div><\/li>\n\n\n\n<li class=\"wp-block-stackable-icon-list-item stk-block-icon-list-item stk-block stk-432ae36\" data-block-id=\"432ae36\"><div class=\"stk-block-icon-list-item__content\"><span class=\"stk--svg-wrapper\"><div class=\"stk--inner-svg\"><svg xmlns=\"http:\/\/www.w3.org\/2000\/svg\" viewBox=\"0 0 512 512\" aria-hidden=\"true\" width=\"32\" height=\"32\"><path d=\"M441 58.9L453.1 71c9.4 9.4 9.4 24.6 0 33.9L424 134.1 377.9 88 407 58.9c9.4-9.4 24.6-9.4 33.9 0zM209.8 256.2L344 121.9 390.1 168 255.8 302.2c-2.9 2.9-6.5 5-10.4 6.1l-58.5 16.7 16.7-58.5c1.1-3.9 3.2-7.5 6.1-10.4zM373.1 25L175.8 222.2c-8.7 8.7-15 19.4-18.3 31.1l-28.6 100c-2.4 8.4-.1 17.4 6.1 23.6s15.2 8.5 23.6 6.1l100-28.6c11.8-3.4 22.5-9.7 31.1-18.3L487 138.9c28.1-28.1 28.1-73.7 0-101.8L474.9 25C446.8-3.1 401.2-3.1 373.1 25zM88 64C39.4 64 0 103.4 0 152V424c0 48.6 39.4 88 88 88H360c48.6 0 88-39.4 88-88V312c0-13.3-10.7-24-24-24s-24 10.7-24 24V424c0 22.1-17.9 40-40 40H88c-22.1 0-40-17.9-40-40V152c0-22.1 17.9-40 40-40H200c13.3 0 24-10.7 24-24s-10.7-24-24-24H88z\"\/><\/svg><\/div><\/span><span class=\"stk-block-icon-list-item__text\"><a href=\"https:\/\/encuestas.ull.es\/index.php?r=survey\/index&amp;sid=53544&amp;lang=es\" target=\"_blank\" rel=\"noreferrer noopener\" target=\"_blank\" rel=\"noopener\">Encuesta de satisfacci\u00f3n<\/a><\/span><\/div><\/li>\n\n\n\n<li class=\"wp-block-stackable-icon-list-item stk-block-icon-list-item stk-block stk-becb34c\" data-block-id=\"becb34c\"><div class=\"stk-block-icon-list-item__content\"><span class=\"stk--svg-wrapper\"><div class=\"stk--inner-svg\"><svg xmlns=\"http:\/\/www.w3.org\/2000\/svg\" viewBox=\"0 0 512 512\" aria-hidden=\"true\" width=\"32\" height=\"32\"><path d=\"M32 32H480c17.7 0 32 14.3 32 32V96c0 17.7-14.3 32-32 32H32C14.3 128 0 113.7 0 96V64C0 46.3 14.3 32 32 32zm0 128H480V416c0 35.3-28.7 64-64 64H96c-35.3 0-64-28.7-64-64V160zm128 80c0 8.8 7.2 16 16 16H336c8.8 0 16-7.2 16-16s-7.2-16-16-16H176c-8.8 0-16 7.2-16 16z\"\/><\/svg><\/div><\/span><span class=\"stk-block-icon-list-item__text\"><a href=\"https:\/\/www.ull.es\/portal\/normativa\/normativa\/modificacion-del-reglamento-de-evaluacion-y-calificacion\/\" target=\"_blank\" rel=\"noreferrer noopener\" target=\"_blank\" rel=\"noopener\">Procedimiento para quejas, sugerencias y felicitaciones<\/a><\/span><\/div><\/li>\n<\/ul><\/div>\n<\/div><\/div><\/div>\n<\/div><\/div>\n<\/div><\/div><\/div>\n<\/div><\/div>\n","protected":false},"excerpt":{"rendered":"<p>Unidad para la Docencia Virtual Servicios que ofrece el usuario<\/p>\n","protected":false},"author":49,"featured_media":0,"parent":0,"menu_order":0,"comment_status":"closed","ping_status":"open","template":"templates\/template-frontpage.php","meta":{"_acf_changed":false,"footnotes":""},"class_list":["post-6","page","type-page","status-publish","hentry"],"acf":[],"_links":{"self":[{"href":"https:\/\/www.ull.es\/servicios\/unidad-para-la-docencia-virtual-udv\/wp-json\/wp\/v2\/pages\/6","targetHints":{"allow":["GET"]}}],"collection":[{"href":"https:\/\/www.ull.es\/servicios\/unidad-para-la-docencia-virtual-udv\/wp-json\/wp\/v2\/pages"}],"about":[{"href":"https:\/\/www.ull.es\/servicios\/unidad-para-la-docencia-virtual-udv\/wp-json\/wp\/v2\/types\/page"}],"author":[{"embeddable":true,"href":"https:\/\/www.ull.es\/servicios\/unidad-para-la-docencia-virtual-udv\/wp-json\/wp\/v2\/users\/49"}],"replies":[{"embeddable":true,"href":"https:\/\/www.ull.es\/servicios\/unidad-para-la-docencia-virtual-udv\/wp-json\/wp\/v2\/comments?post=6"}],"version-history":[{"count":49,"href":"https:\/\/www.ull.es\/servicios\/unidad-para-la-docencia-virtual-udv\/wp-json\/wp\/v2\/pages\/6\/revisions"}],"predecessor-version":[{"id":586,"href":"https:\/\/www.ull.es\/servicios\/unidad-para-la-docencia-virtual-udv\/wp-json\/wp\/v2\/pages\/6\/revisions\/586"}],"wp:attachment":[{"href":"https:\/\/www.ull.es\/servicios\/unidad-para-la-docencia-virtual-udv\/wp-json\/wp\/v2\/media?parent=6"}],"curies":[{"name":"wp","href":"https:\/\/api.w.org\/{rel}","templated":true}]}}