{"id":2882,"date":"2022-08-29T10:53:09","date_gmt":"2022-08-29T10:53:09","guid":{"rendered":"https:\/\/www.ull.es\/servicios\/uspl\/?page_id=2882"},"modified":"2026-03-03T07:41:19","modified_gmt":"2026-03-03T07:41:19","slug":"como-solicitar-un-servicio","status":"publish","type":"page","link":"https:\/\/www.ull.es\/servicios\/uspl\/fr\/como-solicitar-un-servicio\/","title":{"rendered":"Comment demander un service"},"content":{"rendered":"<div class=\"wp-block-stackable-columns alignfull stk-block-columns stk-block stk-eaee94d\" data-block-id=\"eaee94d\"><style>.stk-eaee94d {margin-bottom:0px !important;}<\/style><div class=\"stk-row stk-inner-blocks stk-block-content stk-content-align stk-eaee94d-column alignfull\">\n<div class=\"wp-block-stackable-column stk-block-column stk-column stk-block stk-a49deaf stk-block-background stk--has-background-overlay\" data-v=\"4\" data-block-id=\"a49deaf\"><style>.stk-a49deaf {background-color:linear-gradient(135deg,rgb(65,94,249) 0%,rgb(156,82,180) 47%,rgb(250,70,108) 100%) !important;}.stk-a49deaf:before{background-image:linear-gradient(135deg,rgb(65,94,249) 0%,rgb(156,82,180) 47%,rgb(250,70,108) 100%) !important;}<\/style><div class=\"stk-column-wrapper stk-block-column__content stk-container stk-a49deaf-container stk--no-background stk--no-padding\"><div class=\"has-text-align-center stk-block-content stk-inner-blocks stk-a49deaf-inner-blocks\">\n<div class=\"wp-block-stackable-heading stk-block-heading stk-block-heading--v2 stk-block stk-667eecd animated fadeInDown\" id=\"como-solicitar-un-servicio\" data-block-id=\"667eecd\"><style>.stk-667eecd .stk-block-heading__text{color:#ffffff !important;}<\/style><h2 class=\"stk-block-heading__text has-text-color\">Comment demander un service<\/h2><\/div>\n<\/div><\/div><\/div>\n<\/div><\/div>\n\n\n\n<div class=\"wp-block-stackable-columns alignfull stk-block-columns stk-block stk-109a905\" data-block-id=\"109a905\"><style>.stk-109a905 {margin-bottom:-80px !important;}@media screen and (max-width: 1023px){.stk-109a905 {margin-bottom:-80px !important;}}<\/style><div class=\"stk-row stk-inner-blocks stk-block-content stk-content-align stk-109a905-column alignfull\">\n<div class=\"wp-block-stackable-column stk-block-column stk-column stk-block stk-c7429c6 stk-block-background\" data-v=\"4\" data-block-id=\"c7429c6\"><style>.stk-c7429c6-container{margin-top:0px !important;margin-right:0px !important;margin-bottom:0px !important;margin-left:0px !important;min-height:437px !important;}.stk-c7429c6-inner-blocks{justify-content:center !important;row-gap:12px !important;}.stk-c7429c6 {background-color:#f2f2f2 !important;padding-top:60px !important;padding-right:97px !important;padding-bottom:60px !important;padding-left:97px !important;}.stk-c7429c6:before{background-color:#f2f2f2 !important;}@media screen and (max-width: 1023px){.stk-c7429c6 {padding-top:21px !important;padding-right:41px !important;padding-bottom:21px !important;padding-left:41px !important;}.stk-c7429c6-container{min-height:494px !important;}}@media screen and (max-width: 767px){.stk-c7429c6-container{min-height:300px !important;}}<\/style><div class=\"stk-column-wrapper stk-block-column__content stk-container stk-c7429c6-container stk--no-background stk--no-padding\"><div class=\"stk--column-flex stk-block-content stk-inner-blocks stk-c7429c6-inner-blocks\">\n<div class=\"wp-block-stackable-text stk-block-text stk-block stk-777bf30 stk-block-background\" id=\"servicio-de-neuropsicologia-clinica\" data-block-id=\"777bf30\"><style>.stk-777bf30 {background-color:#3f5efb !important;padding-top:14px !important;padding-right:14px !important;padding-bottom:14px !important;padding-left:14px !important;margin-bottom:0px !important;}.stk-777bf30:before{background-color:#3f5efb !important;}.stk-777bf30 .stk-block-text__text{font-size:40px !important;color:#ffffff !important;font-weight:700 !important;}@media screen and (max-width: 1023px){.stk-777bf30 .stk-block-text__text{font-size:40px !important;}}<\/style><p class=\"stk-block-text__text has-text-color\">Pour demander un service, veuillez suivre les \u00e9tapes suivantes<\/p><\/div>\n<\/div><\/div><\/div>\n\n\n\n<div class=\"wp-block-stackable-column stk-block-column stk-column stk-block stk-db7e19b\" data-v=\"4\" data-block-id=\"db7e19b\"><style>.stk-db7e19b-container{margin-top:0px !important;margin-right:0px !important;margin-bottom:0px !important;margin-left:0px !important;}.stk-db7e19b-inner-blocks{row-gap:var(--stk--preset--spacing--none, 0px) !important;}.stk-db7e19b {align-items:center !important;padding-top:24px !important;padding-right:24px !important;padding-bottom:24px !important;padding-left:24px !important;display:flex !important;}@media screen and (max-width: 1023px){.stk-db7e19b {padding-top:30px !important;padding-bottom:30px !important;}}@media screen and (max-width: 767px){.stk-db7e19b-inner-blocks{row-gap:16px !important;}.stk-db7e19b {padding-top:25px !important;padding-right:12px !important;padding-bottom:25px !important;padding-left:12px !important;}}<\/style><div class=\"stk-column-wrapper stk-block-column__content stk-container stk-db7e19b-container stk--no-background stk--no-padding\"><div class=\"stk-block-content stk-inner-blocks stk-db7e19b-inner-blocks\">\n<div class=\"wp-block-stackable-columns stk-block-columns stk-block stk-337ef90\" data-block-id=\"337ef90\"><style>.stk-337ef90 .stk--block-align-337ef90{align-items:center !important;}.stk-337ef90-column{justify-content:flex-start !important;}@media screen and (max-width: 1023px){.stk-337ef90-column{--stk-column-gap:50px !important;row-gap:15px !important;justify-content:center !important;}}@media screen and (max-width: 767px){.stk-337ef90-column{justify-content:center !important;}}<\/style><div class=\"stk-row stk-inner-blocks stk--block-align-337ef90 stk-block-content stk-content-align stk-337ef90-column stk--flex\">\n<div class=\"wp-block-stackable-column stk-block-column stk-column stk-block stk-cc9ed1a\" data-v=\"4\" data-block-id=\"cc9ed1a\"><style>@media screen and (min-width: 768px){.stk-cc9ed1a {flex:var(--stk-flex-grow, 1) 1 calc(10% - var(--stk-column-gap, 0px) * 1 \/ 2 ) !important;}}@media screen and (max-width: 1023px){.stk-cc9ed1a-container{margin-top:0px !important;margin-right:0px !important;margin-bottom:0px !important;margin-left:0px !important;}}@media screen and (max-width: 767px){.stk-cc9ed1a {flex:var(--stk-flex-grow, 1) 1 calc(10% - var(--stk-column-gap, 0px) * 1 \/ 2 ) !important;}}<\/style><div class=\"stk-column-wrapper stk-block-column__content stk-container stk-cc9ed1a-container stk--no-background stk--no-padding\"><div class=\"stk-block-content stk-inner-blocks stk-cc9ed1a-inner-blocks\">\n<div class=\"wp-block-stackable-icon stk-block-icon stk-block stk-6e8882d\" data-block-id=\"6e8882d\"><style>.stk-6e8882d .stk--svg-wrapper .stk--inner-svg svg:last-child{height:25px !important;width:25px !important;}.stk-6e8882d .stk--svg-wrapper .stk--inner-svg svg:last-child, .stk-6e8882d .stk--svg-wrapper .stk--inner-svg svg:last-child :is(g, path, rect, polygon, ellipse){fill:#ffffff !important;}.stk-6e8882d .stk--svg-wrapper .stk--inner-svg{background-color:#3f5efb !important;border-radius:40% !important;padding:10px !important;}<\/style><span class=\"stk--svg-wrapper\"><div class=\"stk--inner-svg\"><svg style=\"height:0;width:0\"><defs><lineargradient id=\"linear-gradient-6e8882d\" x1=\"0\" x2=\"100%\" y1=\"0\" y2=\"0\"><stop offset=\"0%\" style=\"stop-opacity:1;stop-color:var(--linear-gradient-6-e-8882-d-color-1)\"><\/stop><stop offset=\"100%\" style=\"stop-opacity:1;stop-color:var(--linear-gradient-6-e-8882-d-color-2)\"><\/stop><\/lineargradient><\/defs><\/svg><svg xmlns=\"http:\/\/www.w3.org\/2000\/svg\" viewbox=\"0 0 256 512\" aria-hidden=\"true\" width=\"32\" height=\"32\"><path d=\"M160 64c0-11.8-6.5-22.6-16.9-28.2s-23-5-32.8 1.6l-96 64C-.5 111.2-4.4 131 5.4 145.8s29.7 18.7 44.4 8.9L96 123.8V416H32c-17.7 0-32 14.3-32 32s14.3 32 32 32h96 96c17.7 0 32-14.3 32-32s-14.3-32-32-32H160V64z\"\/><\/svg><\/div><\/span><\/div>\n<\/div><\/div><\/div>\n\n\n\n<div class=\"wp-block-stackable-column stk-block-column stk-column stk-block stk-b6165a7\" data-v=\"4\" data-block-id=\"b6165a7\"><style>@media screen and (min-width: 768px){.stk-b6165a7 {flex:var(--stk-flex-grow, 1) 1 calc(90% - var(--stk-column-gap, 0px) * 1 \/ 2 ) !important;}}@media screen and (max-width: 1023px){.stk-b6165a7-container{margin-top:0px !important;margin-right:0px !important;margin-bottom:0px !important;margin-left:0px !important;}}@media screen and (max-width: 767px){.stk-b6165a7 {flex:var(--stk-flex-grow, 1) 1 calc(90% - var(--stk-column-gap, 0px) * 1 \/ 2 ) !important;}}<\/style><div class=\"stk-column-wrapper stk-block-column__content stk-container stk-b6165a7-container stk--no-background stk--no-padding\"><div class=\"stk-block-content stk-inner-blocks stk-b6165a7-inner-blocks\">\n<div class=\"wp-block-stackable-text stk-block-text stk-block stk-2a8eb1e\" data-block-id=\"2a8eb1e\"><style>.stk-2a8eb1e {margin-bottom:0px !important;}.stk-2a8eb1e .stk-block-text__text{font-size:20px !important;}@media screen and (max-width: 1023px){.stk-2a8eb1e .stk-block-text__text{font-size:20px !important;}}<\/style><p class=\"stk-block-text__text\">V\u00e9rifiez les services propos\u00e9s<\/p><\/div>\n<\/div><\/div><\/div>\n<\/div><\/div>\n\n\n\n<div class=\"wp-block-stackable-columns stk-block-columns stk-block stk-90d0d87\" data-block-id=\"90d0d87\"><style>.stk-90d0d87 .stk--block-align-90d0d87{align-items:center !important;}.stk-90d0d87-column{justify-content:flex-start !important;}@media screen and (max-width: 1023px){.stk-90d0d87-column{--stk-column-gap:150px !important;row-gap:15px !important;justify-content:center !important;}}@media screen and (max-width: 767px){.stk-90d0d87-column{justify-content:center !important;}}<\/style><div class=\"stk-row stk-inner-blocks has-text-align-center-tablet stk--block-align-90d0d87 stk-block-content stk-content-align stk-90d0d87-column stk--flex\">\n<div class=\"wp-block-stackable-column stk-block-column stk-column stk-block stk-36591c9\" data-v=\"4\" data-block-id=\"36591c9\"><style>@media screen and (min-width: 768px){.stk-36591c9 {flex:var(--stk-flex-grow, 1) 1 calc(10% - var(--stk-column-gap, 0px) * 1 \/ 2 ) !important;}}@media screen and (max-width: 1023px){.stk-36591c9-container{margin-top:0px !important;margin-right:0px !important;margin-bottom:0px !important;margin-left:0px !important;}}<\/style><div class=\"stk-column-wrapper stk-block-column__content stk-container stk-36591c9-container stk--no-background stk--no-padding\"><div class=\"stk-block-content stk-inner-blocks stk-36591c9-inner-blocks\">\n<div class=\"wp-block-stackable-icon stk-block-icon stk-block stk-8182add\" data-block-id=\"8182add\"><style>.stk-8182add .stk--svg-wrapper .stk--inner-svg svg:last-child{height:25px !important;width:25px !important;}.stk-8182add .stk--svg-wrapper .stk--inner-svg svg:last-child, .stk-8182add .stk--svg-wrapper .stk--inner-svg svg:last-child :is(g, path, rect, polygon, ellipse){fill:#ffffff !important;}.stk-8182add .stk--svg-wrapper .stk--inner-svg{background-color:#3f5efb !important;border-radius:40% !important;padding:10px !important;}<\/style><span class=\"stk--svg-wrapper\"><div class=\"stk--inner-svg\"><svg style=\"height:0;width:0\"><defs><lineargradient id=\"linear-gradient-8182add\" x1=\"0\" x2=\"100%\" y1=\"0\" y2=\"0\"><stop offset=\"0%\" style=\"stop-opacity:1;stop-color:var(--linear-gradient-8182-add-color-1)\"><\/stop><stop offset=\"100%\" style=\"stop-opacity:1;stop-color:var(--linear-gradient-8182-add-color-2)\"><\/stop><\/lineargradient><\/defs><\/svg><svg xmlns=\"http:\/\/www.w3.org\/2000\/svg\" viewbox=\"0 0 320 512\" aria-hidden=\"true\" width=\"32\" height=\"32\"><path d=\"M142.9 96c-21.5 0-42.2 8.5-57.4 23.8L54.6 150.6c-12.5 12.5-32.8 12.5-45.3 0s-12.5-32.8 0-45.3L40.2 74.5C67.5 47.3 104.4 32 142.9 32C223 32 288 97 288 177.1c0 38.5-15.3 75.4-42.5 102.6L109.3 416H288c17.7 0 32 14.3 32 32s-14.3 32-32 32H32c-12.9 0-24.6-7.8-29.6-19.8s-2.2-25.7 6.9-34.9L200.2 234.5c15.2-15.2 23.8-35.9 23.8-57.4c0-44.8-36.3-81.1-81.1-81.1z\"\/><\/svg><\/div><\/span><\/div>\n<\/div><\/div><\/div>\n\n\n\n<div class=\"wp-block-stackable-column stk-block-column stk-column stk-block stk-36bc668\" data-v=\"4\" data-block-id=\"36bc668\"><style>@media screen and (min-width: 768px){.stk-36bc668 {flex:var(--stk-flex-grow, 1) 1 calc(90% - var(--stk-column-gap, 0px) * 1 \/ 2 ) !important;}}@media screen and (max-width: 1023px){.stk-36bc668-container{margin-top:0px !important;margin-right:0px !important;margin-bottom:0px !important;margin-left:0px !important;}}<\/style><div class=\"stk-column-wrapper stk-block-column__content stk-container stk-36bc668-container stk--no-background stk--no-padding\"><div class=\"stk-block-content stk-inner-blocks stk-36bc668-inner-blocks\">\n<div class=\"wp-block-stackable-text stk-block-text stk-block stk-ed905ed\" data-block-id=\"ed905ed\"><style>.stk-ed905ed {margin-bottom:0px !important;}.stk-ed905ed .stk-block-text__text{font-size:20px !important;}@media screen and (max-width: 1023px){.stk-ed905ed .stk-block-text__text{font-size:20px !important;}}<\/style><p class=\"stk-block-text__text\">S\u00e9lectionnez l&#039;option indiqu\u00e9e.<\/p><\/div>\n<\/div><\/div><\/div>\n<\/div><\/div>\n\n\n\n<div class=\"wp-block-stackable-columns stk-block-columns stk-block stk-26874fe\" data-block-id=\"26874fe\"><style>.stk-26874fe .stk--block-align-26874fe{align-items:center !important;}.stk-26874fe-column{justify-content:flex-start !important;}@media screen and (max-width: 1023px){.stk-26874fe-column{--stk-column-gap:50px !important;row-gap:15px !important;justify-content:center !important;}}<\/style><div class=\"stk-row stk-inner-blocks has-text-align-center-tablet stk--block-align-26874fe stk-block-content stk-content-align stk-26874fe-column stk--flex\">\n<div class=\"wp-block-stackable-column stk-block-column stk-column stk-block stk-e5c7cc4\" data-v=\"4\" data-block-id=\"e5c7cc4\"><style>@media screen and (min-width: 768px){.stk-e5c7cc4 {flex:var(--stk-flex-grow, 1) 1 calc(10% - var(--stk-column-gap, 0px) * 1 \/ 2 ) !important;}}@media screen and (max-width: 1023px){.stk-e5c7cc4-container{margin-top:0px !important;margin-right:0px !important;margin-bottom:0px !important;margin-left:0px !important;}}@media screen and (max-width: 767px){.stk-e5c7cc4 {flex:var(--stk-flex-grow, 1) 1 calc(10% - var(--stk-column-gap, 0px) * 1 \/ 2 ) !important;}}<\/style><div class=\"stk-column-wrapper stk-block-column__content stk-container stk-e5c7cc4-container stk--no-background stk--no-padding\"><div class=\"stk-block-content stk-inner-blocks stk-e5c7cc4-inner-blocks\">\n<div class=\"wp-block-stackable-icon stk-block-icon stk-block stk-a5f1a94\" data-block-id=\"a5f1a94\"><style>.stk-a5f1a94 .stk--svg-wrapper .stk--inner-svg svg:last-child{height:25px !important;width:25px !important;}.stk-a5f1a94 .stk--svg-wrapper .stk--inner-svg svg:last-child, .stk-a5f1a94 .stk--svg-wrapper .stk--inner-svg svg:last-child :is(g, path, rect, polygon, ellipse){fill:#ffffff !important;}.stk-a5f1a94 .stk--svg-wrapper .stk--inner-svg{background-color:#3f5efb !important;border-radius:40% !important;padding:10px !important;}<\/style><span class=\"stk--svg-wrapper\"><div class=\"stk--inner-svg\"><svg style=\"height:0;width:0\"><defs><lineargradient id=\"linear-gradient-a5f1a94\" x1=\"0\" x2=\"100%\" y1=\"0\" y2=\"0\"><stop offset=\"0%\" style=\"stop-opacity:1;stop-color:var(--linear-gradient-a-5-f-1-a-94-color-1)\"><\/stop><stop offset=\"100%\" style=\"stop-opacity:1;stop-color:var(--linear-gradient-a-5-f-1-a-94-color-2)\"><\/stop><\/lineargradient><\/defs><\/svg><svg xmlns=\"http:\/\/www.w3.org\/2000\/svg\" viewbox=\"0 0 320 512\" aria-hidden=\"true\" width=\"32\" height=\"32\"><path d=\"M0 64C0 46.3 14.3 32 32 32H272c13.2 0 25 8.1 29.8 20.4s1.5 26.3-8.2 35.2L162.3 208H184c75.1 0 136 60.9 136 136s-60.9 136-136 136H105.4C63 480 24.2 456 5.3 418.1l-1.9-3.8c-7.9-15.8-1.5-35 14.3-42.9s35-1.5 42.9 14.3l1.9 3.8c8.1 16.3 24.8 26.5 42.9 26.5H184c39.8 0 72-32.2 72-72s-32.2-72-72-72H80c-13.2 0-25-8.1-29.8-20.4s-1.5-26.3 8.2-35.2L189.7 96H32C14.3 96 0 81.7 0 64z\"\/><\/svg><\/div><\/span><\/div>\n<\/div><\/div><\/div>\n\n\n\n<div class=\"wp-block-stackable-column stk-block-column stk-column stk-block stk-58c572a\" data-v=\"4\" data-block-id=\"58c572a\"><style>@media screen and (min-width: 768px){.stk-58c572a {flex:var(--stk-flex-grow, 1) 1 calc(90% - var(--stk-column-gap, 0px) * 1 \/ 2 ) !important;}}@media screen and (max-width: 1023px){.stk-58c572a-container{margin-top:0px !important;margin-right:0px !important;margin-bottom:0px !important;margin-left:0px !important;}}@media screen and (max-width: 767px){.stk-58c572a {flex:var(--stk-flex-grow, 1) 1 calc(90% - var(--stk-column-gap, 0px) * 1 \/ 2 ) !important;}}<\/style><div class=\"stk-column-wrapper stk-block-column__content stk-container stk-58c572a-container stk--no-background stk--no-padding\"><div class=\"stk-block-content stk-inner-blocks stk-58c572a-inner-blocks\">\n<div class=\"wp-block-stackable-text stk-block-text stk-block stk-0c7f7b3\" data-block-id=\"0c7f7b3\"><style>.stk-0c7f7b3 {margin-bottom:0px !important;}.stk-0c7f7b3 .stk-block-text__text{font-size:20px !important;}@media screen and (max-width: 1023px){.stk-0c7f7b3 .stk-block-text__text{font-size:20px !important;}}<\/style><p class=\"stk-block-text__text has-text-align-center-tablet\">\u00c9crivez \u00e0 l&#039;adresse \u00e9lectronique\u00a0<a href=\"mailto:unidadpsilog@ull.es\" target=\"_blank\" rel=\"noreferrer noopener\">unidadpsilog@ull.edu.es<\/a>\u00a0Pour toute demande de service, veuillez pr\u00e9ciser votre demande. Si vous n&#039;\u00eates pas certain du service \u00e0 choisir, merci d&#039;indiquer bri\u00e8vement le motif de votre requ\u00eate afin que nous puissions vous attribuer le service appropri\u00e9.<\/p><\/div>\n<\/div><\/div><\/div>\n<\/div><\/div>\n\n\n\n<div class=\"wp-block-stackable-columns stk-block-columns stk-block stk-800264a\" data-block-id=\"800264a\"><style>.stk-800264a .stk--block-align-800264a{align-items:center !important;}.stk-800264a-column{justify-content:flex-start !important;}@media screen and (max-width: 1023px){.stk-800264a-column{--stk-column-gap:50px !important;row-gap:15px !important;justify-content:center !important;}}@media screen and (max-width: 767px){.stk-800264a-column{justify-content:center !important;}}<\/style><div class=\"stk-row stk-inner-blocks stk--block-align-800264a stk-block-content stk-content-align stk-800264a-column stk--flex\">\n<div class=\"wp-block-stackable-column stk-block-column stk-column stk-block stk-8444922\" data-v=\"4\" data-block-id=\"8444922\"><style>@media screen and (min-width: 768px){.stk-8444922 {flex:var(--stk-flex-grow, 1) 1 calc(10% - var(--stk-column-gap, 0px) * 1 \/ 2 ) !important;}}@media screen and (max-width: 1023px){.stk-8444922-container{margin-top:0px !important;margin-right:0px !important;margin-bottom:0px !important;margin-left:0px !important;}}@media screen and (max-width: 767px){.stk-8444922 {flex:var(--stk-flex-grow, 1) 1 calc(10% - var(--stk-column-gap, 0px) * 1 \/ 2 ) !important;}}<\/style><div class=\"stk-column-wrapper stk-block-column__content stk-container stk-8444922-container stk--no-background stk--no-padding\"><div class=\"stk-block-content stk-inner-blocks stk-8444922-inner-blocks\">\n<div class=\"wp-block-stackable-icon stk-block-icon stk-block stk-09b87f3\" data-block-id=\"09b87f3\"><style>.stk-09b87f3 .stk--svg-wrapper .stk--inner-svg svg:last-child{height:25px !important;width:25px !important;}.stk-09b87f3 .stk--svg-wrapper .stk--inner-svg svg:last-child, .stk-09b87f3 .stk--svg-wrapper .stk--inner-svg svg:last-child :is(g, path, rect, polygon, ellipse){fill:#ffffff !important;}.stk-09b87f3 .stk--svg-wrapper .stk--inner-svg{background-color:#3f5efb !important;border-radius:40% !important;padding:10px !important;}<\/style><span class=\"stk--svg-wrapper\"><div class=\"stk--inner-svg\"><svg style=\"height:0;width:0\"><defs><lineargradient id=\"linear-gradient-09b87f3\" x1=\"0\" x2=\"100%\" y1=\"0\" y2=\"0\"><stop offset=\"0%\" style=\"stop-opacity:1;stop-color:var(--linear-gradient-09-b-87-f-3-color-1)\"><\/stop><stop offset=\"100%\" style=\"stop-opacity:1;stop-color:var(--linear-gradient-09-b-87-f-3-color-2)\"><\/stop><\/lineargradient><\/defs><\/svg><svg xmlns=\"http:\/\/www.w3.org\/2000\/svg\" viewbox=\"0 0 384 512\" aria-hidden=\"true\" width=\"32\" height=\"32\"><path d=\"M189 77.6c7.5-16 .7-35.1-15.3-42.6s-35.1-.7-42.6 15.3L3 322.4c-4.7 9.9-3.9 21.5 1.9 30.8S21 368 32 368H256v80c0 17.7 14.3 32 32 32s32-14.3 32-32V368h32c17.7 0 32-14.3 32-32s-14.3-32-32-32H320V160c0-17.7-14.3-32-32-32s-32 14.3-32 32V304H82.4L189 77.6z\"\/><\/svg><\/div><\/span><\/div>\n<\/div><\/div><\/div>\n\n\n\n<div class=\"wp-block-stackable-column stk-block-column stk-column stk-block stk-34964bf\" data-v=\"4\" data-block-id=\"34964bf\"><style>@media screen and (min-width: 768px){.stk-34964bf {flex:var(--stk-flex-grow, 1) 1 calc(90% - var(--stk-column-gap, 0px) * 1 \/ 2 ) !important;}}@media screen and (max-width: 1023px){.stk-34964bf-container{margin-top:0px !important;margin-right:0px !important;margin-bottom:0px !important;margin-left:0px !important;}}@media screen and (max-width: 767px){.stk-34964bf {flex:var(--stk-flex-grow, 1) 1 calc(90% - var(--stk-column-gap, 0px) * 1 \/ 2 ) !important;}}<\/style><div class=\"stk-column-wrapper stk-block-column__content stk-container stk-34964bf-container stk--no-background stk--no-padding\"><div class=\"stk-block-content stk-inner-blocks stk-34964bf-inner-blocks\">\n<div class=\"wp-block-stackable-text stk-block-text stk-block stk-b8604eb\" data-block-id=\"b8604eb\"><style>.stk-b8604eb {margin-bottom:0px !important;}.stk-b8604eb .stk-block-text__text{font-size:20px !important;}@media screen and (max-width: 1023px){.stk-b8604eb .stk-block-text__text{font-size:20px !important;}}<\/style><p class=\"stk-block-text__text has-text-align-center-tablet\">Veuillez indiquer dans votre courriel votre nom complet et le d\u00e9partement auquel vous appartenez \u00e0 l&#039;Universit\u00e9 de La Laguna.<\/p><\/div>\n<\/div><\/div><\/div>\n<\/div><\/div>\n<\/div><\/div><\/div>\n<\/div><\/div>","protected":false},"excerpt":{"rendered":"<p>Comment demander un service\u00a0? Pour demander un service, veuillez suivre les \u00e9tapes suivantes\u00a0: Consultez les services propos\u00e9s. S\u00e9lectionnez le service souhait\u00e9. Envoyez un courriel \u00e0 unidadpsilog@ull.edu.es pour faire votre demande. Si vous n\u2019\u00eates pas certain du service \u00e0 demander, veuillez expliquer bri\u00e8vement le motif de votre demande afin que nous puissions vous attribuer le service appropri\u00e9. Indiquez votre nom complet et\u2026<\/p>","protected":false},"author":47,"featured_media":0,"parent":0,"menu_order":0,"comment_status":"closed","ping_status":"closed","template":"templates\/template-frontpage.php","meta":{"_acf_changed":false,"footnotes":""},"class_list":["post-2882","page","type-page","status-publish","hentry"],"acf":[],"_links":{"self":[{"href":"https:\/\/www.ull.es\/servicios\/uspl\/fr\/wp-json\/wp\/v2\/pages\/2882","targetHints":{"allow":["GET"]}}],"collection":[{"href":"https:\/\/www.ull.es\/servicios\/uspl\/fr\/wp-json\/wp\/v2\/pages"}],"about":[{"href":"https:\/\/www.ull.es\/servicios\/uspl\/fr\/wp-json\/wp\/v2\/types\/page"}],"author":[{"embeddable":true,"href":"https:\/\/www.ull.es\/servicios\/uspl\/fr\/wp-json\/wp\/v2\/users\/47"}],"replies":[{"embeddable":true,"href":"https:\/\/www.ull.es\/servicios\/uspl\/fr\/wp-json\/wp\/v2\/comments?post=2882"}],"version-history":[{"count":68,"href":"https:\/\/www.ull.es\/servicios\/uspl\/fr\/wp-json\/wp\/v2\/pages\/2882\/revisions"}],"predecessor-version":[{"id":3480,"href":"https:\/\/www.ull.es\/servicios\/uspl\/fr\/wp-json\/wp\/v2\/pages\/2882\/revisions\/3480"}],"wp:attachment":[{"href":"https:\/\/www.ull.es\/servicios\/uspl\/fr\/wp-json\/wp\/v2\/media?parent=2882"}],"curies":[{"name":"wp","href":"https:\/\/api.w.org\/{rel}","templated":true}]}}