{"id":2886,"date":"2022-08-29T10:58:05","date_gmt":"2022-08-29T10:58:05","guid":{"rendered":"https:\/\/www.ull.es\/servicios\/uspl\/?page_id=2886"},"modified":"2026-03-03T07:02:23","modified_gmt":"2026-03-03T07:02:23","slug":"contacto","status":"publish","type":"page","link":"https:\/\/www.ull.es\/servicios\/uspl\/fr\/contacto\/","title":{"rendered":"Contact"},"content":{"rendered":"<div class=\"wp-block-stackable-columns alignfull stk-block-columns stk-block stk-eaee94d\" data-block-id=\"eaee94d\"><style>.stk-eaee94d {margin-bottom:56px !important;}<\/style><div class=\"stk-row stk-inner-blocks stk-block-content stk-content-align stk-eaee94d-column alignfull\">\n<div class=\"wp-block-stackable-column stk-block-column stk-column stk-block stk-a49deaf stk-block-background stk--has-background-overlay\" data-v=\"4\" data-block-id=\"a49deaf\"><style>.stk-a49deaf {background-color:linear-gradient(135deg,rgb(65,94,249) 0%,rgb(156,82,180) 47%,rgb(250,70,108) 100%) !important;}.stk-a49deaf:before{background-image:linear-gradient(135deg,rgb(65,94,249) 0%,rgb(156,82,180) 47%,rgb(250,70,108) 100%) !important;}<\/style><div class=\"stk-column-wrapper stk-block-column__content stk-container stk-a49deaf-container stk--no-background stk--no-padding\"><div class=\"has-text-align-center stk-block-content stk-inner-blocks stk-a49deaf-inner-blocks\">\n<div class=\"wp-block-stackable-heading stk-block-heading stk-block-heading--v2 stk-block stk-5f04c6c animated fadeInDown\" id=\"contacto\" data-block-id=\"5f04c6c\"><style>.stk-5f04c6c .stk-block-heading__text{font-size:26px !important;color:#fffffe !important;font-weight:700 !important;}@media screen and (max-width: 1023px){.stk-5f04c6c .stk-block-heading__text{font-size:26px !important;}}<\/style><h2 class=\"stk-block-heading__text has-text-color\">Contact<\/h2><\/div>\n<\/div><\/div><\/div>\n<\/div><\/div>\n\n\n\n<div class=\"wp-block-stackable-columns alignfull stk-block-columns stk-block stk-23f828a\" data-block-id=\"23f828a\"><style>.stk-23f828a-column{--stk-column-gap:100px !important;}@media screen and (max-width: 1023px){.stk-23f828a-column{--stk-column-gap:15px !important;}}<\/style><div class=\"stk-row stk-inner-blocks stk-block-content stk-content-align stk-23f828a-column alignfull\">\n<div class=\"wp-block-stackable-column stk-block-column stk-column stk-block stk-be4f8ed\" data-v=\"4\" data-block-id=\"be4f8ed\"><style>.stk-be4f8ed-container{margin-top:0px !important;margin-right:0px !important;margin-bottom:0px !important;margin-left:0px !important;}.stk-be4f8ed-inner-blocks{align-items:center !important;}@media screen and (min-width: 768px){.stk-be4f8ed {flex:var(--stk-flex-grow, 1) 1 calc(50% - var(--stk-column-gap, 0px) * 1 \/ 2 ) !important;}}@media screen and (max-width: 1023px){.stk-be4f8ed {align-self:center !important;}}@media screen and (max-width: 767px){.stk-be4f8ed {margin-bottom:45px !important;}}<\/style><div class=\"stk-column-wrapper stk-block-column__content stk-container stk-be4f8ed-container stk--no-background stk--no-padding\"><div class=\"stk--column-flex stk-block-content stk-inner-blocks stk-be4f8ed-inner-blocks\">\n<iframe src=\"https:\/\/www.google.com\/maps\/embed?pb=!1m18!1m12!1m3!1d3507.36791410336!2d-16.305154184691432!3d28.46846469823791!2m3!1f0!2f0!3f0!3m2!1i1024!2i768!4f13.1!3m3!1m2!1s0xc41cdaa79fe094f%3A0x566005b8a00b9bf2!2sFacultad%20de%20Psicolog%C3%ADa!5e0!3m2!1ses!2ses!4v1660826441152!5m2!1ses!2ses\" width=\"400\" height=\"450\" style=\"border:0;\" allowfullscreen=\"\" loading=\"lazy\" referrerpolicy=\"no-referrer-when-downgrade\"><\/iframe>\n<\/div><\/div><\/div>\n\n\n\n<div class=\"wp-block-stackable-column stk-block-column stk-column stk-block stk-e81559c\" data-v=\"4\" data-block-id=\"e81559c\"><style>.stk-e81559c-container{margin-top:0px !important;margin-right:0px !important;margin-bottom:0px !important;margin-left:0px !important;}@media screen and (min-width: 768px){.stk-e81559c {flex:var(--stk-flex-grow, 1) 1 calc(50% - var(--stk-column-gap, 0px) * 1 \/ 2 ) !important;}}@media screen and (max-width: 1023px){.stk-e81559c {align-self:center !important;}}<\/style><div class=\"stk-column-wrapper stk-block-column__content stk-container stk-e81559c-container stk--no-background stk--no-padding\"><div class=\"has-text-align-center-mobile stk-block-content stk-inner-blocks stk-e81559c-inner-blocks\">\n<div class=\"wp-block-stackable-text stk-block-text stk-block stk-6be48f1\" data-block-id=\"6be48f1\"><style>.stk-6be48f1 {margin-bottom:24px !important;}.stk-6be48f1 .stk-block-text__text{font-size:22px !important;font-weight:700 !important;}@media screen and (max-width: 1023px){.stk-6be48f1 .stk-block-text__text{font-size:18px !important;}}<\/style><p class=\"stk-block-text__text\">Ivan Galtier Hernandez<\/p><\/div>\n\n\n\n<div class=\"wp-block-stackable-text stk-block-text stk-block stk-8d48f58\" data-block-id=\"8d48f58\"><style>.stk-8d48f58 {margin-bottom:24px !important;}.stk-8d48f58 .stk-block-text__text{font-size:22px !important;font-weight:700 !important;}@media screen and (max-width: 1023px){.stk-8d48f58 .stk-block-text__text{font-size:18px !important;}}<\/style><p class=\"stk-block-text__text\"><strong>Adresse:<\/strong><\/p><\/div>\n\n\n\n<div class=\"wp-block-stackable-text stk-block-text stk-block stk-c0ef25c\" data-block-id=\"c0ef25c\"><style>.stk-c0ef25c {margin-bottom:0px !important;}.stk-c0ef25c .stk-block-text__text{font-size:16px !important;font-weight:700 !important;}@media screen and (max-width: 1023px){.stk-c0ef25c .stk-block-text__text{font-size:14px !important;}}<\/style><p class=\"stk-block-text__text\"><strong>Unit\u00e9 de services de psychologie et d&#039;orthophonie<\/strong><\/p><\/div>\n\n\n\n<div class=\"wp-block-stackable-text stk-block-text stk-block stk-d7c5c83\" data-block-id=\"d7c5c83\"><style>.stk-d7c5c83 {margin-bottom:24px !important;}.stk-d7c5c83 .stk-block-text__text{font-size:16px !important;}@media screen and (max-width: 1023px){.stk-d7c5c83 .stk-block-text__text{font-size:14px !important;}}<\/style><p class=\"stk-block-text__text\">Ancienne maison du gardien de la facult\u00e9 de droit<br>Rue Camino de la Hornera, s\/n. Campus de Guajara.<br>38200. San Crist\u00f3bal de La Laguna. Santa Cruz de T\u00e9n\u00e9rife<\/p><\/div>\n\n\n\n<div class=\"wp-block-stackable-text stk-block-text stk-block stk-dcb59c1\" data-block-id=\"dcb59c1\"><style>.stk-dcb59c1 {margin-bottom:0px !important;}.stk-dcb59c1 .stk-block-text__text{font-size:22px !important;font-weight:700 !important;}@media screen and (max-width: 1023px){.stk-dcb59c1 .stk-block-text__text{font-size:18px !important;}}<\/style><p class=\"stk-block-text__text\"><strong>T\u00e9l\u00e9phone<\/strong><\/p><\/div>\n\n\n\n<div class=\"wp-block-stackable-text stk-block-text stk-block stk-e5f9928\" data-block-id=\"e5f9928\"><style>.stk-e5f9928 .stk-block-text__text{font-size:16px !important;}@media screen and (max-width: 1023px){.stk-e5f9928 .stk-block-text__text{font-size:14px !important;}}<\/style><p class=\"stk-block-text__text\">(+34) 922 317559<\/p><\/div>\n\n\n\n<div class=\"wp-block-stackable-text stk-block-text stk-block stk-9bee34a\" data-block-id=\"9bee34a\"><style>.stk-9bee34a {margin-bottom:0px !important;}.stk-9bee34a .stk-block-text__text{font-size:22px !important;font-weight:700 !important;}@media screen and (max-width: 1023px){.stk-9bee34a .stk-block-text__text{font-size:18px !important;}}<\/style><p class=\"stk-block-text__text\"><strong>E-mail<\/strong><\/p><\/div>\n\n\n\n<div class=\"wp-block-stackable-text stk-block-text stk-block stk-003c9ce\" data-block-id=\"003c9ce\"><style>.stk-003c9ce .stk-block-text__text{font-size:16px !important;font-weight:300 !important;}@media screen and (max-width: 1023px){.stk-003c9ce .stk-block-text__text{font-size:14px !important;}}<\/style><p class=\"stk-block-text__text\"><a href=\"mailto:unidadpsilog@ull.es\" target=\"_blank\" rel=\"noreferrer noopener\">unidadpsilog@ull.es\u00a0<\/a><\/p><\/div>\n<\/div><\/div><\/div>\n<\/div><\/div>\n\n\n\n<p><\/p>","protected":false},"excerpt":{"rendered":"<p>Contact : Ivan Galtier Hern\u00e1ndez. Adresse : Unit\u00e9 de Services de Psychologie et d&#039;Orthophonie, Ancienne Maison du Gardien de la Facult\u00e9 de Droit, Camino de la Hornera, s\/n, Campus Guajara, 38200 San Crist\u00f3bal de La Laguna, Santa Cruz de Tenerife, Espagne. T\u00e9l\u00e9phone : (+34) 922 317559. Email : unidadpsilog@ull.es\u00a0<\/p>","protected":false},"author":47,"featured_media":0,"parent":0,"menu_order":0,"comment_status":"closed","ping_status":"closed","template":"templates\/template-frontpage.php","meta":{"_acf_changed":false,"footnotes":""},"class_list":["post-2886","page","type-page","status-publish","hentry"],"acf":[],"_links":{"self":[{"href":"https:\/\/www.ull.es\/servicios\/uspl\/fr\/wp-json\/wp\/v2\/pages\/2886","targetHints":{"allow":["GET"]}}],"collection":[{"href":"https:\/\/www.ull.es\/servicios\/uspl\/fr\/wp-json\/wp\/v2\/pages"}],"about":[{"href":"https:\/\/www.ull.es\/servicios\/uspl\/fr\/wp-json\/wp\/v2\/types\/page"}],"author":[{"embeddable":true,"href":"https:\/\/www.ull.es\/servicios\/uspl\/fr\/wp-json\/wp\/v2\/users\/47"}],"replies":[{"embeddable":true,"href":"https:\/\/www.ull.es\/servicios\/uspl\/fr\/wp-json\/wp\/v2\/comments?post=2886"}],"version-history":[{"count":38,"href":"https:\/\/www.ull.es\/servicios\/uspl\/fr\/wp-json\/wp\/v2\/pages\/2886\/revisions"}],"predecessor-version":[{"id":3402,"href":"https:\/\/www.ull.es\/servicios\/uspl\/fr\/wp-json\/wp\/v2\/pages\/2886\/revisions\/3402"}],"wp:attachment":[{"href":"https:\/\/www.ull.es\/servicios\/uspl\/fr\/wp-json\/wp\/v2\/media?parent=2886"}],"curies":[{"name":"wp","href":"https:\/\/api.w.org\/{rel}","templated":true}]}}