{"id":2889,"date":"2022-08-29T10:59:23","date_gmt":"2022-08-29T10:59:23","guid":{"rendered":"https:\/\/www.ull.es\/servicios\/uspl\/?page_id=2889"},"modified":"2026-03-03T07:02:31","modified_gmt":"2026-03-03T07:02:31","slug":"beneficiarios-de-los-servicios","status":"publish","type":"page","link":"https:\/\/www.ull.es\/servicios\/uspl\/fr\/beneficiarios-de-los-servicios\/","title":{"rendered":"B\u00e9n\u00e9ficiaires des services"},"content":{"rendered":"<div class=\"wp-block-stackable-columns alignfull stk-block-columns stk-block stk-eaee94d\" data-block-id=\"eaee94d\"><style>.stk-eaee94d {margin-bottom:65px !important;}@media screen and (max-width: 767px){.stk-eaee94d {margin-bottom:35px !important;}}<\/style><div class=\"stk-row stk-inner-blocks stk-block-content stk-content-align stk-eaee94d-column alignfull\">\n<div class=\"wp-block-stackable-column stk-block-column stk-column stk-block stk-a49deaf stk-block-background stk--has-background-overlay\" data-v=\"4\" data-block-id=\"a49deaf\"><style>.stk-a49deaf {background-color:linear-gradient(135deg,rgb(65,94,249) 0%,rgb(156,82,180) 47%,rgb(250,70,108) 100%) !important;}.stk-a49deaf:before{background-image:linear-gradient(135deg,rgb(65,94,249) 0%,rgb(156,82,180) 47%,rgb(250,70,108) 100%) !important;}<\/style><div class=\"stk-column-wrapper stk-block-column__content stk-container stk-a49deaf-container stk--no-background stk--no-padding\"><div class=\"has-text-align-center stk-block-content stk-inner-blocks stk-a49deaf-inner-blocks\">\n<div class=\"wp-block-stackable-heading stk-block-heading stk-block-heading--v2 stk-block stk-5f04c6c animated fadeInDown\" id=\"beneficiario-de-los-servicios\" data-block-id=\"5f04c6c\"><style>.stk-5f04c6c .stk-block-heading__text{font-size:26px !important;color:#fffffe !important;font-weight:700 !important;}@media screen and (max-width: 1023px){.stk-5f04c6c .stk-block-heading__text{font-size:26px !important;}}<\/style><h2 class=\"stk-block-heading__text has-text-color\">B\u00e9n\u00e9ficiaire des services<\/h2><\/div>\n<\/div><\/div><\/div>\n<\/div><\/div>\n\n\n\n<div class=\"wp-block-stackable-columns alignfull stk-block-columns stk-block stk-23f828a\" data-block-id=\"23f828a\"><style>.stk-23f828a .stk--block-align-23f828a{align-items:center !important;}.stk-23f828a-column{--stk-column-gap:125px !important;justify-content:center !important;}@media screen and (max-width: 1023px){.stk-23f828a .stk--block-align-23f828a{align-items:center !important;}.stk-23f828a-column{--stk-column-gap:15px !important;justify-content:center !important;}.stk-23f828a {--stk-col-order-1:2 !important;--stk-col-order-2:1 !important;}}@media screen and (max-width: 767px){.stk-23f828a {--stk-col-order-1:2 !important;--stk-col-order-2:1 !important;}}<\/style><div class=\"stk-row stk-inner-blocks stk--block-align-23f828a stk-block-content stk-content-align stk-23f828a-column stk--flex alignfull\">\n<div class=\"wp-block-stackable-column stk-block-column stk-column stk-block stk-be4f8ed\" data-v=\"4\" data-block-id=\"be4f8ed\"><style>.stk-be4f8ed-container{margin-top:0px !important;margin-right:0px !important;margin-bottom:0px !important;margin-left:0px !important;}.stk-be4f8ed-inner-blocks{align-items:center !important;justify-content:center !important;}.stk-be4f8ed {padding-left:400px !important;}@media screen and (min-width: 768px){.stk-be4f8ed {flex:var(--stk-flex-grow, 1) 1 calc(50% - var(--stk-column-gap, 0px) * 1 \/ 2 ) !important;}}@media screen and (min-width: 768px) and (max-width: 1023px){.stk-be4f8ed {flex:var(--stk-flex-grow, 1) 1 calc(100% - var(--stk-column-gap, 0px) * 0 \/ 1 ) !important;}}@media screen and (max-width: 1023px){.stk-be4f8ed {align-self:center !important;padding-right:50px !important;padding-left:50px !important;}}@media screen and (max-width: 767px){.stk-be4f8ed {margin-bottom:-100px !important;}}<\/style><div class=\"stk-column-wrapper stk-block-column__content stk-container stk-be4f8ed-container stk--no-background stk--no-padding\"><div class=\"stk--column-flex stk-block-content stk-inner-blocks stk-be4f8ed-inner-blocks\">\n<div class=\"wp-block-stackable-image stk-block-image stk-block stk-bdeed77\" data-block-id=\"bdeed77\"><style>.stk-bdeed77 .stk-img-wrapper{width:390px !important;height:435px !important;}@media screen and (max-width: 1023px){.stk-bdeed77 .stk-img-wrapper{width:560px !important;height:375px !important;}}<\/style><figure><span class=\"stk-img-wrapper stk-image--shape-stretch\"><img loading=\"lazy\" decoding=\"async\" class=\"stk-img wp-image-3015\" src=\"https:\/\/www.ull.es\/servicios\/uspl\/wp-content\/uploads\/sites\/61\/2022\/09\/quienes-somos.jpg\" width=\"1325\" height=\"866\" srcset=\"https:\/\/www.ull.es\/servicios\/uspl\/wp-content\/uploads\/sites\/61\/2022\/09\/quienes-somos.jpg 1325w, https:\/\/www.ull.es\/servicios\/uspl\/wp-content\/uploads\/sites\/61\/2022\/09\/quienes-somos-300x196.jpg 300w, https:\/\/www.ull.es\/servicios\/uspl\/wp-content\/uploads\/sites\/61\/2022\/09\/quienes-somos-1024x669.jpg 1024w, https:\/\/www.ull.es\/servicios\/uspl\/wp-content\/uploads\/sites\/61\/2022\/09\/quienes-somos-768x502.jpg 768w, https:\/\/www.ull.es\/servicios\/uspl\/wp-content\/uploads\/sites\/61\/2022\/09\/quienes-somos-375x245.jpg 375w, https:\/\/www.ull.es\/servicios\/uspl\/wp-content\/uploads\/sites\/61\/2022\/09\/quienes-somos-750x490.jpg 750w, https:\/\/www.ull.es\/servicios\/uspl\/wp-content\/uploads\/sites\/61\/2022\/09\/quienes-somos-1140x745.jpg 1140w\" sizes=\"auto, (max-width: 1325px) 100vw, 1325px\" \/><\/span><\/figure><\/div>\n<\/div><\/div><\/div>\n\n\n\n<div class=\"wp-block-stackable-column stk-block-column stk-column stk-block stk-e81559c\" data-v=\"4\" data-block-id=\"e81559c\"><style>.stk-e81559c-container{margin-top:0px !important;margin-right:0px !important;margin-bottom:0px !important;margin-left:0px !important;}.stk-e81559c {padding-right:400px !important;}@media screen and (min-width: 768px){.stk-e81559c {flex:var(--stk-flex-grow, 1) 1 calc(50% - var(--stk-column-gap, 0px) * 1 \/ 2 ) !important;}}@media screen and (min-width: 768px) and (max-width: 1023px){.stk-e81559c {flex:var(--stk-flex-grow, 1) 1 calc(100% - var(--stk-column-gap, 0px) * 0 \/ 1 ) !important;}}@media screen and (max-width: 1023px){.stk-e81559c {align-self:center !important;padding-right:50px !important;padding-left:50px !important;margin-bottom:35px !important;}}<\/style><div class=\"stk-column-wrapper stk-block-column__content stk-container stk-e81559c-container stk--no-background stk--no-padding\"><div class=\"has-text-align-center-mobile stk-block-content stk-inner-blocks stk-e81559c-inner-blocks\">\n<div class=\"wp-block-stackable-text stk-block-text stk-block stk-f721e51\" data-block-id=\"f721e51\"><p class=\"stk-block-text__text has-text-align-justify-tablet\">Les services de l&#039;Unit\u00e9 seront accessibles \u00e0 tous les membres de la communaut\u00e9 de l&#039;Universit\u00e9 de La Laguna (\u00e9tudiants, personnel administratif et de service, personnel enseignant et de recherche) qui en feront la demande ; et aux institutions avec lesquelles des accords de collaboration auront \u00e9t\u00e9 \u00e9tablis.<br>\u00c0 ces fins, l\u2019Unit\u00e9 des services de psychologie et d\u2019orthophonie offre les services suivants.<br><br><strong>Services psychologiques :\u00a0<\/strong>Service de neuropsychologie clinique, Service de sant\u00e9 mentale, Service de psychologie l\u00e9gale et m\u00e9dico-l\u00e9gale, Service d&#039;intervention organisationnelle et psychosociale et Service d&#039;applications des neurosciences \u00e0 la sant\u00e9 mentale et neurologique.<br><br><strong>Services d&#039;orthophonie\u00a0:<\/strong>\u00a0Service de conseil familial pour les troubles pr\u00e9coces de la communication, du langage et de la parole, Service d&#039;intervention en orthophonie pour les troubles de la communication, du langage et de la parole chez l&#039;enfant, Service de soins orthophoniques pour les troubles neurologiques et Service d&#039;unit\u00e9 vocale.<\/p><\/div>\n<\/div><\/div><\/div>\n<\/div><\/div>","protected":false},"excerpt":{"rendered":"<p>B\u00e9n\u00e9ficiaires des services\u00a0: Les services de l\u2019Unit\u00e9 seront accessibles \u00e0 tous les membres de la communaut\u00e9 de l\u2019Universit\u00e9 de La Laguna (\u00e9tudiants, personnel administratif et de service, personnel enseignant et de recherche) qui en feront la demande, ainsi qu\u2019aux \u00e9tablissements avec lesquels des accords de collaboration ont \u00e9t\u00e9 \u00e9tablis. \u00c0 ces fins,\u2026<\/p>","protected":false},"author":47,"featured_media":0,"parent":0,"menu_order":0,"comment_status":"closed","ping_status":"closed","template":"templates\/template-frontpage.php","meta":{"_acf_changed":false,"footnotes":""},"class_list":["post-2889","page","type-page","status-publish","hentry"],"acf":[],"_links":{"self":[{"href":"https:\/\/www.ull.es\/servicios\/uspl\/fr\/wp-json\/wp\/v2\/pages\/2889","targetHints":{"allow":["GET"]}}],"collection":[{"href":"https:\/\/www.ull.es\/servicios\/uspl\/fr\/wp-json\/wp\/v2\/pages"}],"about":[{"href":"https:\/\/www.ull.es\/servicios\/uspl\/fr\/wp-json\/wp\/v2\/types\/page"}],"author":[{"embeddable":true,"href":"https:\/\/www.ull.es\/servicios\/uspl\/fr\/wp-json\/wp\/v2\/users\/47"}],"replies":[{"embeddable":true,"href":"https:\/\/www.ull.es\/servicios\/uspl\/fr\/wp-json\/wp\/v2\/comments?post=2889"}],"version-history":[{"count":42,"href":"https:\/\/www.ull.es\/servicios\/uspl\/fr\/wp-json\/wp\/v2\/pages\/2889\/revisions"}],"predecessor-version":[{"id":3403,"href":"https:\/\/www.ull.es\/servicios\/uspl\/fr\/wp-json\/wp\/v2\/pages\/2889\/revisions\/3403"}],"wp:attachment":[{"href":"https:\/\/www.ull.es\/servicios\/uspl\/fr\/wp-json\/wp\/v2\/media?parent=2889"}],"curies":[{"name":"wp","href":"https:\/\/api.w.org\/{rel}","templated":true}]}}