{"id":2896,"date":"2022-08-29T11:02:05","date_gmt":"2022-08-29T11:02:05","guid":{"rendered":"https:\/\/www.ull.es\/servicios\/uspl\/?page_id=2896"},"modified":"2026-03-03T07:03:24","modified_gmt":"2026-03-03T07:03:24","slug":"servicios-de-logopedia","status":"publish","type":"page","link":"https:\/\/www.ull.es\/servicios\/uspl\/fr\/servicios-de-logopedia\/","title":{"rendered":"Services d&#039;orthophonie"},"content":{"rendered":"<div class=\"wp-block-stackable-columns alignfull stk-block-columns stk-block stk-eaee94d\" data-block-id=\"eaee94d\"><style>.stk-eaee94d {margin-bottom:0px !important;}<\/style><div class=\"stk-row stk-inner-blocks stk-block-content stk-content-align stk-eaee94d-column alignfull\">\n<div class=\"wp-block-stackable-column stk-block-column stk-column stk-block stk-a49deaf stk-block-background stk--has-background-overlay\" data-v=\"4\" data-block-id=\"a49deaf\"><style>.stk-a49deaf {background-color:linear-gradient(135deg,rgb(65,94,249) 0%,rgb(156,82,180) 47%,rgb(250,70,108) 100%) !important;}.stk-a49deaf:before{background-image:linear-gradient(135deg,rgb(65,94,249) 0%,rgb(156,82,180) 47%,rgb(250,70,108) 100%) !important;}<\/style><div class=\"stk-column-wrapper stk-block-column__content stk-container stk-a49deaf-container stk--no-background stk--no-padding\"><div class=\"has-text-align-center stk-block-content stk-inner-blocks stk-a49deaf-inner-blocks\">\n<div class=\"wp-block-stackable-heading stk-block-heading stk-block-heading--v2 stk-block stk-667eecd animated fadeInDown\" id=\"servicios-de-logopedia\" data-block-id=\"667eecd\"><style>.stk-667eecd .stk-block-heading__text{color:#ffffff !important;}<\/style><h2 class=\"stk-block-heading__text has-text-color\">Services d&#039;orthophonie<\/h2><\/div>\n<\/div><\/div><\/div>\n<\/div><\/div>\n\n\n\n<div class=\"wp-block-stackable-columns alignfull stk-block-columns stk-block stk-109a905\" data-block-id=\"109a905\"><style>.stk-109a905 {margin-bottom:-25px !important;}@media screen and (max-width: 1023px){.stk-109a905 {margin-bottom:0px !important;}}<\/style><div class=\"stk-row stk-inner-blocks stk-block-content stk-content-align stk-109a905-column alignfull\">\n<div class=\"wp-block-stackable-column stk-block-column stk-column stk-block stk-c7429c6 stk-block-background\" data-v=\"4\" data-block-id=\"c7429c6\"><style>.stk-c7429c6-container{margin-top:0px !important;margin-right:0px !important;margin-bottom:0px !important;margin-left:0px !important;min-height:437px !important;}.stk-c7429c6-inner-blocks{row-gap:12px !important;}.stk-c7429c6 {background-color:#f2f2f2 !important;padding-top:60px !important;padding-right:97px !important;padding-bottom:60px !important;padding-left:97px !important;}.stk-c7429c6:before{background-color:#f2f2f2 !important;}@media screen and (max-width: 1023px){.stk-c7429c6 {padding-top:21px !important;padding-right:41px !important;padding-bottom:21px !important;padding-left:41px !important;}.stk-c7429c6-container{min-height:494px !important;}}@media screen and (max-width: 767px){.stk-c7429c6-container{min-height:300px !important;}}<\/style><div class=\"stk-column-wrapper stk-block-column__content stk-container stk-c7429c6-container stk--no-background stk--no-padding\"><div class=\"stk-block-content stk-inner-blocks stk-c7429c6-inner-blocks\">\n<div class=\"wp-block-stackable-text stk-block-text stk-block stk-777bf30 stk-block-background\" id=\"servicio-de-neuropsicologia-clinica\" data-block-id=\"777bf30\"><style>.stk-777bf30 {background-color:#3f5efb !important;padding-top:14px !important;padding-right:14px !important;padding-bottom:14px !important;padding-left:14px !important;margin-bottom:0px !important;}.stk-777bf30:before{background-color:#3f5efb !important;}.stk-777bf30 .stk-block-text__text{font-size:20px !important;color:#ffffff !important;font-weight:700 !important;}@media screen and (max-width: 1023px){.stk-777bf30 .stk-block-text__text{font-size:20px !important;}}<\/style><p class=\"stk-block-text__text has-text-color\">Service de conseil familial pour les troubles pr\u00e9coces de la communication, du langage et de la parole<\/p><\/div>\n\n\n\n<div class=\"wp-block-stackable-text stk-block-text stk-block stk-56895e0\" data-block-id=\"56895e0\"><style>.stk-56895e0 {padding-top:0px !important;padding-right:0px !important;padding-bottom:0px !important;padding-left:0px !important;margin-bottom:0px !important;}.stk-56895e0 .stk-block-text__text{font-size:16px !important;}@media screen and (max-width: 1023px){.stk-56895e0 .stk-block-text__text{font-size:16px !important;}}<\/style><p class=\"stk-block-text__text\">Description : Conseils aux familles pour d\u00e9tecter les troubles de la communication, du langage et de la parole chez leurs enfants et \u00e9tablir un diagnostic diff\u00e9rentiel avec d&#039;autres pathologies apparent\u00e9es. Formation des familles sur la prise en charge orthophonique de ces troubles.<br><br>Responsable: Victor Acosta Rodr\u00edguez<br><br>E-mail:\u00a0<a href=\"mailto:vacosta@ull.edu.es\" target=\"_blank\" rel=\"noreferrer noopener\">vacosta@ull.edu.es<\/a>.<\/p><\/div>\n<\/div><\/div><\/div>\n\n\n\n<div class=\"wp-block-stackable-column stk-block-column stk-column stk-block stk-db7e19b stk-block-background stk--has-background-overlay\" data-v=\"4\" data-block-id=\"db7e19b\"><style>.stk-db7e19b-container{margin-top:0px !important;margin-right:0px !important;margin-bottom:0px !important;margin-left:0px !important;}.stk-db7e19b-inner-blocks{row-gap:var(--stk--preset--spacing--none, 0px) !important;}.stk-db7e19b {background-image:url(https:\/\/www.ull.es\/servicios\/uspl\/wp-content\/uploads\/sites\/61\/2022\/08\/logopedia2.jpg) !important;}@media screen and (max-width: 767px){.stk-db7e19b {padding-top:200px !important;padding-bottom:200px !important;}}<\/style><div class=\"stk-column-wrapper stk-block-column__content stk-container stk-db7e19b-container stk--no-background stk--no-padding\"><div class=\"stk-block-content stk-inner-blocks stk-db7e19b-inner-blocks\"><\/div><\/div><\/div>\n<\/div><\/div>\n\n\n\n<div class=\"wp-block-stackable-columns alignfull stk-block-columns stk-block stk-f072681\" data-block-id=\"f072681\"><style>.stk-f072681 {margin-bottom:-25px !important;}@media screen and (max-width: 1023px){.stk-f072681 {margin-bottom:0px !important;}}<\/style><div class=\"stk-row stk-inner-blocks stk-block-content stk-content-align stk-f072681-column alignfull\">\n<div class=\"wp-block-stackable-column stk-block-column stk-column stk-block stk-957a69d stk-block-background stk--has-background-overlay\" data-v=\"4\" data-block-id=\"957a69d\"><style>.stk-957a69d-container{margin-top:0px !important;margin-right:0px !important;margin-bottom:0px !important;margin-left:0px !important;}.stk-957a69d-inner-blocks{row-gap:var(--stk--preset--spacing--none, 0px) !important;}.stk-957a69d {background-image:url(https:\/\/www.ull.es\/servicios\/uspl\/wp-content\/uploads\/sites\/61\/2022\/08\/logopedia-2.jpg) !important;}@media screen and (max-width: 767px){.stk-957a69d {padding-top:200px !important;padding-bottom:200px !important;}}<\/style><div class=\"stk-column-wrapper stk-block-column__content stk-container stk-957a69d-container stk--no-background stk--no-padding\"><div class=\"stk-block-content stk-inner-blocks stk-957a69d-inner-blocks\"><\/div><\/div><\/div>\n\n\n\n<div class=\"wp-block-stackable-column stk-block-column stk-column stk-block stk-32adeef stk-block-background\" data-v=\"4\" data-block-id=\"32adeef\"><style>.stk-32adeef-container{margin-top:0px !important;margin-right:0px !important;margin-bottom:0px !important;margin-left:0px !important;min-height:437px !important;}.stk-32adeef-inner-blocks{row-gap:12px !important;}.stk-32adeef {background-color:#f2f2f2 !important;padding-top:60px !important;padding-right:97px !important;padding-bottom:60px !important;padding-left:97px !important;}.stk-32adeef:before{background-color:#f2f2f2 !important;}@media screen and (max-width: 1023px){.stk-32adeef {padding-top:21px !important;padding-right:41px !important;padding-bottom:21px !important;padding-left:41px !important;}.stk-32adeef-container{min-height:494px !important;}}@media screen and (max-width: 767px){.stk-32adeef-container{min-height:300px !important;}}<\/style><div class=\"stk-column-wrapper stk-block-column__content stk-container stk-32adeef-container stk--no-background stk--no-padding\"><div class=\"stk-block-content stk-inner-blocks stk-32adeef-inner-blocks\">\n<div class=\"wp-block-stackable-text stk-block-text stk-block stk-c17ed64 stk-block-background\" id=\"servicio-de-neuropsicologia-clinica\" data-block-id=\"c17ed64\"><style>.stk-c17ed64 {background-color:#3f5efb !important;padding-top:14px !important;padding-right:14px !important;padding-bottom:14px !important;padding-left:14px !important;margin-bottom:0px !important;}.stk-c17ed64:before{background-color:#3f5efb !important;}.stk-c17ed64 .stk-block-text__text{font-size:20px !important;color:#ffffff !important;font-weight:700 !important;}@media screen and (max-width: 1023px){.stk-c17ed64 .stk-block-text__text{font-size:20px !important;}}<\/style><p class=\"stk-block-text__text has-text-color\">Service d&#039;intervention en orthophonie pour les troubles de la communication, du langage et de la parole chez l&#039;enfant<\/p><\/div>\n\n\n\n<div class=\"wp-block-stackable-text stk-block-text stk-block stk-7ee40d1\" data-block-id=\"7ee40d1\"><style>.stk-7ee40d1 {padding-top:0px !important;padding-right:0px !important;padding-bottom:0px !important;padding-left:0px !important;margin-bottom:0px !important;}.stk-7ee40d1 .stk-block-text__text{font-size:16px !important;}@media screen and (max-width: 1023px){.stk-7ee40d1 .stk-block-text__text{font-size:16px !important;}}<\/style><p class=\"stk-block-text__text\">Description\u00a0: Intervention orthophonique pour les troubles sp\u00e9cifiques du langage\/troubles d\u00e9veloppementaux du langage. Intervention orthophonique pour les troubles du spectre de l\u2019autisme. Difficult\u00e9s langagi\u00e8res touchant les composantes phonologique, lexico-s\u00e9mantique, morphologique, syntaxique, narrative et pragmatique.<br><br>Responsable : Atteneri Delgado Cruz<br><br>E-mail:\u00a0<a href=\"mailto:adelgadc@ull.edu.es\" target=\"_blank\" rel=\"noreferrer noopener\">adelgadc@ull.edu.es<\/a><\/p><\/div>\n<\/div><\/div><\/div>\n<\/div><\/div>\n\n\n\n<div class=\"wp-block-stackable-columns alignfull stk-block-columns stk-block stk-9894ac2\" data-block-id=\"9894ac2\"><style>.stk-9894ac2 {margin-bottom:-25px !important;}@media screen and (max-width: 1023px){.stk-9894ac2 {margin-bottom:0px !important;}}<\/style><div class=\"stk-row stk-inner-blocks stk-block-content stk-content-align stk-9894ac2-column alignfull\">\n<div class=\"wp-block-stackable-column stk-block-column stk-column stk-block stk-2155083 stk-block-background\" data-v=\"4\" data-block-id=\"2155083\"><style>.stk-2155083-container{margin-top:0px !important;margin-right:0px !important;margin-bottom:0px !important;margin-left:0px !important;min-height:437px !important;}.stk-2155083-inner-blocks{row-gap:12px !important;}.stk-2155083 {background-color:#e5e5e5 !important;padding-top:60px !important;padding-right:97px !important;padding-bottom:60px !important;padding-left:97px !important;}.stk-2155083:before{background-color:#e5e5e5 !important;}@media screen and (max-width: 1023px){.stk-2155083 {padding-top:21px !important;padding-right:41px !important;padding-bottom:21px !important;padding-left:41px !important;}.stk-2155083-container{min-height:494px !important;}}@media screen and (max-width: 767px){.stk-2155083-container{min-height:300px !important;}}<\/style><div class=\"stk-column-wrapper stk-block-column__content stk-container stk-2155083-container stk--no-background stk--no-padding\"><div class=\"stk-block-content stk-inner-blocks stk-2155083-inner-blocks\">\n<div class=\"wp-block-stackable-text stk-block-text stk-block stk-162526c stk-block-background\" id=\"servicio-de-neuropsicologia-clinica\" data-block-id=\"162526c\"><style>.stk-162526c {background-color:#3f5efb !important;padding-top:14px !important;padding-right:14px !important;padding-bottom:14px !important;padding-left:14px !important;margin-bottom:0px !important;}.stk-162526c:before{background-color:#3f5efb !important;}.stk-162526c .stk-block-text__text{font-size:20px !important;color:#ffffff !important;font-weight:700 !important;}@media screen and (max-width: 1023px){.stk-162526c .stk-block-text__text{font-size:20px !important;}}<\/style><p class=\"stk-block-text__text has-text-color\">Service d&#039;unit\u00e9 vocale<\/p><\/div>\n\n\n\n<div class=\"wp-block-stackable-text stk-block-text stk-block stk-aa78741\" data-block-id=\"aa78741\"><style>.stk-aa78741 {padding-top:0px !important;padding-right:0px !important;padding-bottom:0px !important;padding-left:0px !important;margin-bottom:0px !important;}.stk-aa78741 .stk-block-text__text{font-size:16px !important;}@media screen and (max-width: 1023px){.stk-aa78741 .stk-block-text__text{font-size:16px !important;}}<\/style><p class=\"stk-block-text__text\">Description\u00a0: Intervention orthophonique pour la pr\u00e9vention, le traitement et la recherche sur les troubles de la voix. Traitement de diverses pathologies vocales, organiques et fonctionnelles (dysphonie, aphonie et troubles associ\u00e9s). Am\u00e9lioration des comp\u00e9tences de communication vocale dans un contexte social et professionnel.<br><br>Responsable: Mar\u00eda Eulalia D\u00edaz Garc\u00eda<br><br>E-mail:\u00a0<a href=\"mailto:extmdiazgar@ull.edu.es\" target=\"_blank\" rel=\"noreferrer noopener\">extmdiazgar@ull.edu.es<\/a><\/p><\/div>\n<\/div><\/div><\/div>\n\n\n\n<div class=\"wp-block-stackable-column stk-block-column stk-column stk-block stk-fd6c377 stk-block-background stk--has-background-overlay\" data-v=\"4\" data-block-id=\"fd6c377\"><style>.stk-fd6c377-container{margin-top:0px !important;margin-right:0px !important;margin-bottom:0px !important;margin-left:0px !important;}.stk-fd6c377-inner-blocks{row-gap:var(--stk--preset--spacing--none, 0px) !important;}.stk-fd6c377 {background-image:url(https:\/\/www.ull.es\/servicios\/uspl\/wp-content\/uploads\/sites\/61\/2022\/08\/voz-2.jpg) !important;}@media screen and (max-width: 767px){.stk-fd6c377 {padding-top:200px !important;padding-bottom:200px !important;}}<\/style><div class=\"stk-column-wrapper stk-block-column__content stk-container stk-fd6c377-container stk--no-background stk--no-padding\"><div class=\"stk-block-content stk-inner-blocks stk-fd6c377-inner-blocks\"><\/div><\/div><\/div>\n<\/div><\/div>\n\n\n\n<div class=\"wp-block-stackable-columns alignfull stk-block-columns stk-block stk-a9443d6\" data-block-id=\"a9443d6\"><style>.stk-a9443d6 {margin-bottom:-80px !important;}@media screen and (max-width: 1023px){.stk-a9443d6 {margin-bottom:-80px !important;}}@media screen and (max-width: 767px){.stk-a9443d6 {margin-bottom:-100px !important;}}<\/style><div class=\"stk-row stk-inner-blocks stk-block-content stk-content-align stk-a9443d6-column alignfull\">\n<div class=\"wp-block-stackable-column stk-block-column stk-column stk-block stk-888e889 stk-block-background stk--has-background-overlay\" data-v=\"4\" data-block-id=\"888e889\"><style>.stk-888e889-container{margin-top:0px !important;margin-right:0px !important;margin-bottom:0px !important;margin-left:0px !important;}.stk-888e889-inner-blocks{row-gap:var(--stk--preset--spacing--none, 0px) !important;}.stk-888e889 {background-image:url(https:\/\/www.ull.es\/servicios\/uspl\/wp-content\/uploads\/sites\/61\/2022\/08\/voz.jpg) !important;}@media screen and (max-width: 767px){.stk-888e889 {padding-top:200px !important;padding-bottom:200px !important;}}<\/style><div class=\"stk-column-wrapper stk-block-column__content stk-container stk-888e889-container stk--no-background stk--no-padding\"><div class=\"stk-block-content stk-inner-blocks stk-888e889-inner-blocks\"><\/div><\/div><\/div>\n\n\n\n<div class=\"wp-block-stackable-column stk-block-column stk-column stk-block stk-f8aa5d0 stk-block-background\" data-v=\"4\" data-block-id=\"f8aa5d0\"><style>.stk-f8aa5d0-container{margin-top:0px !important;margin-right:0px !important;margin-bottom:0px !important;margin-left:0px !important;min-height:437px !important;}.stk-f8aa5d0-inner-blocks{row-gap:12px !important;}.stk-f8aa5d0 {background-color:#f2f2f2 !important;padding-top:60px !important;padding-right:97px !important;padding-bottom:60px !important;padding-left:97px !important;}.stk-f8aa5d0:before{background-color:#f2f2f2 !important;}@media screen and (max-width: 1023px){.stk-f8aa5d0 {padding-top:21px !important;padding-right:41px !important;padding-bottom:21px !important;padding-left:41px !important;}.stk-f8aa5d0-container{min-height:494px !important;}}@media screen and (max-width: 767px){.stk-f8aa5d0-container{min-height:300px !important;}}<\/style><div class=\"stk-column-wrapper stk-block-column__content stk-container stk-f8aa5d0-container stk--no-background stk--no-padding\"><div class=\"stk-block-content stk-inner-blocks stk-f8aa5d0-inner-blocks\">\n<div class=\"wp-block-stackable-text stk-block-text stk-block stk-adcfb25 stk-block-background\" id=\"servicio-de-neuropsicologia-clinica\" data-block-id=\"adcfb25\"><style>.stk-adcfb25 {background-color:#3f5efb !important;padding-top:14px !important;padding-right:14px !important;padding-bottom:14px !important;padding-left:14px !important;margin-bottom:0px !important;}.stk-adcfb25:before{background-color:#3f5efb !important;}.stk-adcfb25 .stk-block-text__text{font-size:20px !important;color:#ffffff !important;font-weight:700 !important;}@media screen and (max-width: 1023px){.stk-adcfb25 .stk-block-text__text{font-size:20px !important;}}<\/style><p class=\"stk-block-text__text has-text-color\">Service d&#039;orthophonie pour les troubles neurologiques<\/p><\/div>\n\n\n\n<div class=\"wp-block-stackable-text stk-block-text stk-block stk-5315a0f\" data-block-id=\"5315a0f\"><style>.stk-5315a0f {padding-top:0px !important;padding-right:0px !important;padding-bottom:0px !important;padding-left:0px !important;margin-bottom:0px !important;}.stk-5315a0f .stk-block-text__text{font-size:16px !important;}@media screen and (max-width: 1023px){.stk-5315a0f .stk-block-text__text{font-size:16px !important;}}<\/style><p class=\"stk-block-text__text\">Description : \u00c9valuation, orientation et intervention pour les troubles moteurs de la parole d&#039;origine neurologique.<\/p><\/div>\n\n\n\n<p>\u00c9valuation des troubles du langage d&#039;origine neurologique. Dysphagie neurog\u00e8ne. \u00c9valuation acoustico-perceptive des troubles neurologiques\u00a0: \u00e9valuation de certains param\u00e8tres et\/ou mesures acoustiques en tant que biomarqueurs fournissant des informations pr\u00e9coces sur la progression des maladies neurod\u00e9g\u00e9n\u00e9ratives.<br><br>Responsable : Jonathan Delgado Hern\u00e1ndez<br><br>E-mail:\u00a0<a href=\"mailto:extjdelgado@ull.edu.es\" target=\"_blank\" rel=\"noreferrer noopener\">extjdelgado@ull.edu.es<\/a><\/p>\n<\/div><\/div><\/div>\n<\/div><\/div>","protected":false},"excerpt":{"rendered":"<p>Services d&#039;orthophonie. Service de consultation familiale pour les troubles pr\u00e9coces de la communication, du langage et de la parole. Description\u00a0: Accompagnement des familles dans la d\u00e9tection des troubles de la communication, du langage et de la parole chez leurs enfants et le diagnostic diff\u00e9rentiel avec d&#039;autres pathologies apparent\u00e9es. Formation des familles sur la prise en charge orthophonique de ces troubles. Responsable\u00a0:\u2026<\/p>","protected":false},"author":47,"featured_media":0,"parent":0,"menu_order":0,"comment_status":"closed","ping_status":"closed","template":"templates\/template-frontpage.php","meta":{"_acf_changed":false,"footnotes":""},"class_list":["post-2896","page","type-page","status-publish","hentry"],"acf":[],"_links":{"self":[{"href":"https:\/\/www.ull.es\/servicios\/uspl\/fr\/wp-json\/wp\/v2\/pages\/2896","targetHints":{"allow":["GET"]}}],"collection":[{"href":"https:\/\/www.ull.es\/servicios\/uspl\/fr\/wp-json\/wp\/v2\/pages"}],"about":[{"href":"https:\/\/www.ull.es\/servicios\/uspl\/fr\/wp-json\/wp\/v2\/types\/page"}],"author":[{"embeddable":true,"href":"https:\/\/www.ull.es\/servicios\/uspl\/fr\/wp-json\/wp\/v2\/users\/47"}],"replies":[{"embeddable":true,"href":"https:\/\/www.ull.es\/servicios\/uspl\/fr\/wp-json\/wp\/v2\/comments?post=2896"}],"version-history":[{"count":16,"href":"https:\/\/www.ull.es\/servicios\/uspl\/fr\/wp-json\/wp\/v2\/pages\/2896\/revisions"}],"predecessor-version":[{"id":3404,"href":"https:\/\/www.ull.es\/servicios\/uspl\/fr\/wp-json\/wp\/v2\/pages\/2896\/revisions\/3404"}],"wp:attachment":[{"href":"https:\/\/www.ull.es\/servicios\/uspl\/fr\/wp-json\/wp\/v2\/media?parent=2896"}],"curies":[{"name":"wp","href":"https:\/\/api.w.org\/{rel}","templated":true}]}}