{"id":184,"date":"2023-06-14T08:32:24","date_gmt":"2023-06-14T08:32:24","guid":{"rendered":"https:\/\/www.ull.es\/vive-la-universidad\/enlaces-de-interes\/?page_id=184"},"modified":"2025-09-25T12:51:18","modified_gmt":"2025-09-25T12:51:18","slug":"transporte-y-aparcamiento","status":"publish","type":"page","link":"https:\/\/www.ull.es\/vive-la-universidad\/enlaces-de-interes\/en\/transporte-y-aparcamiento\/","title":{"rendered":"Transportation and parking"},"content":{"rendered":"\n<div class=\"wp-block-stackable-columns alignfull stk-block-columns stk-block stk-acfcf9f\" data-block-id=\"acfcf9f\"><style>.stk-acfcf9f {margin-top:-50px !important;margin-bottom:50px !important;}<\/style><div class=\"stk-row stk-inner-blocks stk-block-content stk-content-align stk-acfcf9f-column alignfull\">\n<div class=\"wp-block-stackable-column stk-block-column stk-column stk-block stk-3cb23e6\" data-v=\"4\" data-block-id=\"3cb23e6\"><div class=\"stk-column-wrapper stk-block-column__content stk-container stk-3cb23e6-container stk--no-background stk--no-padding\"><div class=\"stk-block-content stk-inner-blocks stk-3cb23e6-inner-blocks\"><style id=\"depicter-13-inline-pre-css\">\n\n.depicter-13:not(.depicter-ready){\n\theight:400px;\n}\n\n\/***** Tablet *****\/\n@media screen and (max-width: 1024px){\n\n.depicter-13:not(.depicter-ready){\n\theight:700px;\n}\n\n}\n\/***** Mobile *****\/\n@media screen and (max-width: 767px){\n\n.depicter-13:not(.depicter-ready){\n\theight:740px;\n}\n\n}\n<\/style>\n<div id=\"depicter-13\" class=\"depicter depicter-document depicter-revert depicter-13 depicter-layout-fullwidth\">\n\n<div class=\"depicter-loading-container depicter-loading dotFlashing-dark\"><div class=\"depicter-loading-dark depicter-dot-flashing\">\n   <span><\/span>\n   <span><\/span>\n   <span><\/span>\n<\/div>\n<\/div>\n<div id=\"depicter-13-section-1\" class=\"depicter-section depicter-13-section-1\" data-name=\"Section 1\" data-type=\"section\" data-local-id=\"section-1\">\n<picture class=\"depicter-bg\">\n<source data-depicter-srcset=\"https:\/\/www.ull.es\/vive-la-universidad\/enlaces-de-interes\/wp-content\/uploads\/sites\/3\/2023\/06\/transporteyaparc-768x432.jpg, https:\/\/www.ull.es\/vive-la-universidad\/enlaces-de-interes\/wp-content\/uploads\/sites\/3\/2023\/06\/transporteyaparc.jpg 2x\" srcset=\"data:image\/gif;base64,R0lGODlhAQABAIAAAAAAAP\/\/\/yH5BAEAAAAALAAAAAABAAEAAAIBRAA7\" media=\"(max-width: 1024px)\" \/>\n\n<source data-depicter-srcset=\"https:\/\/www.ull.es\/vive-la-universidad\/enlaces-de-interes\/wp-content\/uploads\/sites\/3\/2023\/06\/transporteyaparc.jpg, https:\/\/www.ull.es\/vive-la-universidad\/enlaces-de-interes\/wp-content\/uploads\/sites\/3\/2023\/06\/transporteyaparc-1200x675.jpg 2x\" srcset=\"data:image\/gif;base64,R0lGODlhAQABAIAAAAAAAP\/\/\/yH5BAEAAAAALAAAAAABAAEAAAIBRAA7\" media=\"(min-width: 1025px)\" \/>\n<img decoding=\"async\" src=\"data:image\/gif;base64,R0lGODlhAQABAIAAAAAAAP\/\/\/yH5BAEAAAAALAAAAAABAAEAAAIBRAA7\" data-ken-burns=\"false\" data-tablet-ken-burns=\"false\" data-mobile-ken-burns=\"{'scale':1,'duration':'5000','focalPoint':{'x':0.5,'y':0.320000000000000006661338147750939242541790008544921875},'easing':'linear'}\" alt=\"\" data-depicter-src=\"https:\/\/www.ull.es\/vive-la-universidad\/enlaces-de-interes\/wp-content\/uploads\/sites\/3\/2023\/06\/transporteyaparc.jpg\" data-object-fit=\"custom,,\" data-crop=\"{'focalPoint':{'x':0.5,'y':0.5},'mediaSize':{'width':1200,'height':675}}\" data-tablet-crop=\"{'focalPoint':{'x':0.5,'y':0.5},'mediaSize':{'width':1244.4444444444443433894775807857513427734375,'height':700}}\" data-mobile-crop=\"{'focalPoint':{'x':0.5,'y':0.5},'mediaSize':{'width':1315.5555555555556566105224192142486572265625,'height':740}}\" \/>\n<\/picture>\n\n\n<h2 id=\"depicter-13-element-3\" class=\"depicter-element depicter-layer depicter-13-element-3\" data-type=\"text\" data-wrap=\"true\" data-name=\"Text 1\" data-local-id=\"element-3\" data-offset=\"x:207px;y:167px;origin:tl\" data-tablet-offset=\"x:225px;y:282px;origin:tl\" data-mobile-offset=\"x:-13px;y:318px;origin:tl\" data-width=\"785px,587.997px,587.969px\" data-height=\"auto,auto,auto\" data-responsive-scale=\"true,,\">Transporte y aparcamiento<\/h2>\n<\/div>\n<\/div>\n<script>\n(window.depicterSetups = window.depicterSetups || []).push(function(){\n\tDepicter.basePath = 'https:\/\/www.ull.es\/vive-la-universidad\/enlaces-de-interes\/wp-content\/plugins\/depicter\/resources\/scripts\/player\/';\n\tconst dpPlayer = Depicter.setup('.depicter-13',\n\t\t{\"width\":[\"1200\",\"1024\",\"360\"],\"height\":[\"400\",\"700\",\"740\"],\"view\":\"basic\",\"keepAspectRatio\":true,\"preload\":0,\"layout\":\"fullwidth\",\"rtl\":false,\"initAfterAppear\":false,\"ajaxApiUrl\":\"https:\\\/\\\/www.ull.es\\\/vive-la-universidad\\\/enlaces-de-interes\\\/wp-admin\\\/admin-ajax.php\",\"mouseSwipe\":true,\"touchSwipe\":true,\"useWatermark\":false}\n\t);\n});\n<\/script><\/div><\/div><\/div>\n<\/div><\/div>\n\n\n\n<div class=\"wp-block-stackable-heading alignfull stk-block-heading stk-block-heading--v2 stk-block stk-17b1133 stk-block-background stk--has-background-overlay\" id=\"transporte-y-aparcamiento-para-venir-a-la-universidad\" data-block-id=\"17b1133\"><style>.stk-17b1133 {background-color:linear-gradient(135deg,rgb(203,26,170) 0%,rgb(139,0,152) 100%) !important;padding-top:2px !important;padding-right:0px !important;padding-bottom:2px !important;padding-left:500px !important;margin-top:-50px !important;margin-bottom:40px !important;}.stk-17b1133:before{background-image:linear-gradient(135deg,rgb(203,26,170) 0%,rgb(139,0,152) 100%) !important;}.stk-17b1133 .stk-block-heading__text{color:#ffffff !important;font-weight:700 !important;font-family:\"Montserrat\", Sans-serif !important;}@media screen and (max-width: 767px){.stk-17b1133 {padding-left:10px !important;}}<\/style><h2 class=\"stk-block-heading__text has-text-color\">Transporte y aparcamiento para venir a la Universidad<\/h2><\/div>\n\n\n\n<div class=\"wp-block-stackable-columns alignfull stk-block-columns stk-block stk-e3e7932\" data-block-id=\"e3e7932\"><style>.stk-e3e7932 {margin-bottom:50px !important;}<\/style><div class=\"stk-row stk-inner-blocks stk-block-content stk-content-align stk-e3e7932-column alignfull\">\n<div class=\"wp-block-stackable-column stk-block-column stk-column stk-block stk-e7a4706\" data-v=\"4\" data-block-id=\"e7a4706\"><style>.stk-e7a4706 {padding-left:10% !important;}@media screen and (max-width: 767px){.stk-e7a4706 {padding-left:0px !important;}}<\/style><div class=\"stk-column-wrapper stk-block-column__content stk-container stk-e7a4706-container stk--no-background stk--no-padding\"><div class=\"stk-block-content stk-inner-blocks stk-e7a4706-inner-blocks\">\n<div class=\"wp-block-stackable-heading stk-block-heading stk-block-heading--v2 stk-block stk-bfac6cb\" id=\"transporte-publico\" data-block-id=\"bfac6cb\"><style>.stk-bfac6cb .stk-block-heading__text{font-size:22px !important;color:#cb1caa !important;font-weight:600 !important;font-family:\"Montserrat\", Sans-serif !important;}@media screen and (max-width: 1023px){.stk-bfac6cb .stk-block-heading__text{font-size:22px !important;}}<\/style><h2 class=\"stk-block-heading__text has-text-color\">Transporte p\u00fablico<\/h2><\/div>\n\n\n\n<div class=\"wp-block-stackable-text stk-block-text stk-block stk-c2ab39f\" data-block-id=\"c2ab39f\"><p class=\"stk-block-text__text\">Existen varias l\u00edneas lanzaderas de Titsa que parten desde diferentes zonas de la isla con destino la Universidad de La Laguna. <\/p><\/div>\n\n\n\n<div class=\"wp-block-stackable-icon-list stk-block-icon-list stk-block stk-4486d96\" data-block-id=\"4486d96\"><style>.stk-4486d96 {--stk-icon-list-marker-color:#5c068c !important;--stk-icon-list-icon-size:22px !important;margin-bottom:10px !important;}<\/style><svg style=\"display:none\"><defs><g id=\"stk-icon-list__icon-svg-def-4486d96\"><svg xmlns=\"http:\/\/www.w3.org\/2000\/svg\" viewBox=\"0 0 576 512\"><path d=\"M288 0C422.4 0 512 35.2 512 80V96l0 32c17.7 0 32 14.3 32 32v64c0 17.7-14.3 32-32 32l0 160c0 17.7-14.3 32-32 32v32c0 17.7-14.3 32-32 32H416c-17.7 0-32-14.3-32-32V448H192v32c0 17.7-14.3 32-32 32H128c-17.7 0-32-14.3-32-32l0-32c-17.7 0-32-14.3-32-32l0-160c-17.7 0-32-14.3-32-32V160c0-17.7 14.3-32 32-32h0V96h0V80C64 35.2 153.6 0 288 0zM128 160v96c0 17.7 14.3 32 32 32H272V128H160c-17.7 0-32 14.3-32 32zM304 288H416c17.7 0 32-14.3 32-32V160c0-17.7-14.3-32-32-32H304V288zM144 400a32 32 0 1 0 0-64 32 32 0 1 0 0 64zm288 0a32 32 0 1 0 0-64 32 32 0 1 0 0 64zM384 80c0-8.8-7.2-16-16-16H208c-8.8 0-16 7.2-16 16s7.2 16 16 16H368c8.8 0 16-7.2 16-16z\"\/><\/svg><\/g><\/defs><\/svg><ul class=\"stk-block-icon-list__ul stk-block-icon-list--column\"><\/ul><\/div>\n\n\n\n<div class=\"wp-block-stackable-icon-list stk-block-icon-list stk-block stk-1127477\" data-block-id=\"1127477\"><style>.stk-1127477 {--stk-icon-list-marker-color:#5c068c !important;--stk-icon-list-icon-size:22px !important;margin-bottom:10px !important;}<\/style><svg style=\"display:none\"><defs><g id=\"stk-icon-list__icon-svg-def-1127477\"><svg xmlns=\"http:\/\/www.w3.org\/2000\/svg\" viewBox=\"0 0 448 512\"><path d=\"M224 0C348.8 0 448 35.2 448 80V96 416c0 17.7-14.3 32-32 32v32c0 17.7-14.3 32-32 32H352c-17.7 0-32-14.3-32-32V448H128v32c0 17.7-14.3 32-32 32H64c-17.7 0-32-14.3-32-32l0-32c-17.7 0-32-14.3-32-32V96 80C0 35.2 99.2 0 224 0zM64 128V256c0 17.7 14.3 32 32 32H352c17.7 0 32-14.3 32-32V128c0-17.7-14.3-32-32-32H96c-17.7 0-32 14.3-32 32zM80 400a32 32 0 1 0 0-64 32 32 0 1 0 0 64zm288 0a32 32 0 1 0 0-64 32 32 0 1 0 0 64z\"\/><\/svg><\/g><\/defs><\/svg><ul class=\"stk-block-icon-list__ul stk-block-icon-list--column\">\n<li class=\"wp-block-stackable-icon-list-item stk-block-icon-list-item stk-block stk-fc4f069\" data-block-id=\"fc4f069\"><style>.stk-fc4f069 .stk-block-icon-list-item__text{color:#5c068c !important;font-weight:400 !important;}<\/style><div class=\"stk-block-icon-list-item__content\"><span class=\"stk--svg-wrapper\"><div class=\"stk--inner-svg\"><svg aria-hidden=\"true\" width=\"32\" height=\"32\"><use xlink:href=\"#stk-icon-list__icon-svg-def-1127477\"><\/use><\/svg><\/div><\/span><span class=\"stk-block-icon-list-item__text has-text-color\"><a href=\"https:\/\/titsa.com\/\" target=\"_blank\" rel=\"noopener\"><span style=\"color: #5c068c;\" class=\"stk-highlight\">Guagua<\/span><\/a><\/span><\/div><\/li>\n<\/ul><\/div>\n\n\n\n<div class=\"wp-block-stackable-icon-list stk-block-icon-list stk-block stk-f703356\" data-block-id=\"f703356\"><style>.stk-f703356 {--stk-icon-list-marker-color:#5c068c !important;--stk-icon-list-icon-size:22px !important;}<\/style><svg style=\"display:none\"><defs><g id=\"stk-icon-list__icon-svg-def-f703356\"><svg xmlns=\"http:\/\/www.w3.org\/2000\/svg\" viewBox=\"0 0 448 512\"><path d=\"M224 0C348.8 0 448 35.2 448 80V96 416c0 17.7-14.3 32-32 32v32c0 17.7-14.3 32-32 32H352c-17.7 0-32-14.3-32-32V448H128v32c0 17.7-14.3 32-32 32H64c-17.7 0-32-14.3-32-32l0-32c-17.7 0-32-14.3-32-32V96 80C0 35.2 99.2 0 224 0zM64 128V256c0 17.7 14.3 32 32 32H352c17.7 0 32-14.3 32-32V128c0-17.7-14.3-32-32-32H96c-17.7 0-32 14.3-32 32zM80 400a32 32 0 1 0 0-64 32 32 0 1 0 0 64zm288 0a32 32 0 1 0 0-64 32 32 0 1 0 0 64z\"\/><\/svg><\/g><\/defs><\/svg><ul class=\"stk-block-icon-list__ul stk-block-icon-list--column\">\n<li class=\"wp-block-stackable-icon-list-item stk-block-icon-list-item stk-block stk-4529fe4\" data-block-id=\"4529fe4\"><style>.stk-4529fe4 .stk-block-icon-list-item__text{color:#5c068c !important;font-weight:400 !important;}<\/style><div class=\"stk-block-icon-list-item__content\"><span class=\"stk--svg-wrapper\"><div class=\"stk--inner-svg\"><svg xmlns=\"http:\/\/www.w3.org\/2000\/svg\" viewBox=\"0 0 640 512\" aria-hidden=\"true\" width=\"32\" height=\"32\"><path d=\"M64 104v88h96V96H72c-4.4 0-8 3.6-8 8zm482 88L465.1 96H384v96H546zm-226 0V96H224v96h96zM592 384H576c0 53-43 96-96 96s-96-43-96-96H256c0 53-43 96-96 96s-96-43-96-96H48c-26.5 0-48-21.5-48-48V104C0 64.2 32.2 32 72 32H192 352 465.1c18.9 0 36.8 8.3 49 22.8L625 186.5c9.7 11.5 15 26.1 15 41.2V336c0 26.5-21.5 48-48 48zm-64 0a48 48 0 1 0 -96 0 48 48 0 1 0 96 0zM160 432a48 48 0 1 0 0-96 48 48 0 1 0 0 96z\"><\/path><\/svg><\/div><\/span><span class=\"stk-block-icon-list-item__text has-text-color\"><a href=\"https:\/\/metrotenerife.com\/\" target=\"_blank\" rel=\"noreferrer noopener\" target=\"_blank\" rel=\"noopener\"><span style=\"color: #5c068c;\" class=\"stk-highlight\">Tranv\u00eda<\/span><\/a><\/span><\/div><\/li>\n<\/ul><\/div>\n\n\n\n<div class=\"wp-block-stackable-text stk-block-text stk-block stk-41cca6f\" data-block-id=\"41cca6f\"><style>.stk-41cca6f {margin-bottom:35px !important;}.stk-41cca6f .stk-block-text__text{color:#cb1caa !important;letter-spacing:1.5px !important;}<\/style><p class=\"stk-block-text__text has-text-color\"><em><strong>\/\/\/\/\/\/\/\/\/\/\/\/\/\/\/\/\/\/\/\/\/\/\/\/\/\/\/\/\/\/\/\/\/\/\/\/\/\/\/\/\/\/\/\/\/\/\/\/\/\/\/\/\/\/\/\/\/\/\/\/\/\/\/\/\/\/\/\/\/\/\/\/\/\/\/\/\/\/\/\/\/\/\/\/\/\/\/\/\/\/\/\/\/\/\/\/\/\/\/\/<\/strong><\/em><\/p><\/div>\n\n\n\n<div class=\"wp-block-stackable-call-to-action stk-block-call-to-action stk-block stk-a9e1a33 is-style-default\" data-v=\"2\" data-block-id=\"a9e1a33\"><style>.stk-a9e1a33-container{background-color:#f6f7ff !important;}.stk-a9e1a33-container:before{background-color:#f6f7ff !important;}<\/style><div class=\"stk-block-call-to-action__content stk-content-align stk-a9e1a33-column stk-container stk-a9e1a33-container stk-hover-parent\"><div class=\"has-text-align-center stk-block-content stk-inner-blocks stk-a9e1a33-inner-blocks\">\n<div class=\"wp-block-stackable-heading stk-block-heading stk-block-heading--v2 stk-block stk-0ebc7cc\" id=\"aparcamiento-en-el-campus\" data-block-id=\"0ebc7cc\"><style>.stk-0ebc7cc {margin-bottom:10px !important;}.stk-0ebc7cc .stk-block-heading__text{color:#000000 !important;}<\/style><h2 class=\"stk-block-heading__text has-text-color has-text-align-left\">Aparcamiento en el campus<\/h2><\/div>\n\n\n\n<div class=\"wp-block-stackable-columns stk-block-columns stk-block stk-35d7c3c\" data-block-id=\"35d7c3c\"><div class=\"stk-row stk-inner-blocks stk-block-content stk-content-align stk-35d7c3c-column\">\n<div class=\"wp-block-stackable-column stk-block-column stk-column stk-block stk-26fab4e\" data-v=\"4\" data-block-id=\"26fab4e\"><div class=\"stk-column-wrapper stk-block-column__content stk-container stk-26fab4e-container stk--no-background stk--no-padding\"><div class=\"has-text-align-left stk-block-content stk-inner-blocks stk-26fab4e-inner-blocks\">\n<ul class=\"wp-block-list\">\n<li>La Universidad de La Laguna dispone de plazas de aparcamiento para personas con movilidad reducida en los diferentes espacios destinados al&nbsp;<a href=\"https:\/\/docs.google.com\/spreadsheets\/d\/1c5yrvOZgmuw3btjHMMkrX8-tBQJehjINyOeC0_CC9z0\/edit?usp=sharing\" target=\"_blank\" rel=\"noreferrer noopener\" target=\"_blank\" rel=\"noopener\">estacionamiento en los campus<\/a>. El acceso a los aparcamientos se realiza mediante tarjeta universitaria en vigor.&nbsp;<a href=\"mailto:controlacceso@ull.es\" target=\"_blank\" rel=\"noreferrer noopener\" target=\"_blank\" rel=\"noopener\">controlacceso@ull.es<\/a><\/li>\n<\/ul>\n<\/div><\/div><\/div>\n<\/div><\/div>\n<\/div><\/div><\/div>\n<\/div><\/div><\/div>\n\n\n\n<div class=\"wp-block-stackable-column stk-block-column stk-column stk-block stk-a968c4e stk-block-background stk--has-background-overlay\" data-v=\"4\" data-block-id=\"a968c4e\"><style>.stk-a968c4e {background-color:#5c068c !important;background-image:url(https:\/\/www.ull.es\/vive-la-universidad\/enlaces-de-interes\/wp-content\/uploads\/sites\/3\/2023\/10\/Titsa-hibrida.jpg) !important;}.stk-a968c4e:before{background-color:#5c068c !important;opacity:0.3 !important;}@media screen and (max-width: 767px){.stk-a968c4e {padding-top:50px !important;padding-bottom:50px !important;}}<\/style><div class=\"stk-column-wrapper stk-block-column__content stk-container stk-a968c4e-container stk--no-background stk--no-padding\"><div class=\"stk-block-content stk-inner-blocks stk-a968c4e-inner-blocks\"><\/div><\/div><\/div>\n<\/div><\/div>\n","protected":false},"excerpt":{"rendered":"<p>Transport and parking to come to the University Public transport There are several Titsa shuttle lines that depart from different areas of the island to the University of La Laguna. \/\/\/ ...<\/p>","protected":false},"author":3,"featured_media":0,"parent":0,"menu_order":0,"comment_status":"closed","ping_status":"closed","template":"templates\/template-frontpage.php","meta":{"_acf_changed":false,"footnotes":""},"class_list":["post-184","page","type-page","status-publish","hentry"],"acf":[],"yoast_head":"<!-- This site is optimized with the Yoast SEO plugin v25.6 - https:\/\/yoast.com\/wordpress\/plugins\/seo\/ -->\n<title>Transporte y aparcamiento - Enlaces de Inter\u00e9s<\/title>\n<meta name=\"robots\" content=\"index, follow, max-snippet:-1, max-image-preview:large, max-video-preview:-1\" \/>\n<link rel=\"canonical\" href=\"https:\/\/www.ull.es\/vive-la-universidad\/enlaces-de-interes\/en\/transporte-y-aparcamiento\/\" \/>\n<meta property=\"og:locale\" content=\"en_GB\" \/>\n<meta property=\"og:type\" content=\"article\" \/>\n<meta property=\"og:title\" content=\"Transporte y aparcamiento - Enlaces de Inter\u00e9s\" \/>\n<meta property=\"og:description\" content=\"Transporte y aparcamiento para venir a la Universidad Transporte p\u00fablico Existen varias l\u00edneas lanzaderas de Titsa que parten desde diferentes zonas de la isla con destino la Universidad de La Laguna. \/\/\/\/\/\/\/\/\/\/\/\/\/\/\/\/\/\/\/\/\/\/\/\/\/\/\/\/\/\/\/\/\/\/\/\/\/\/\/\/\/\/\/\/\/\/\/\/\/\/\/\/\/\/\/\/\/\/\/\/\/\/\/\/\/\/\/\/\/\/\/\/\/\/\/\/\/\/\/\/\/\/\/\/\/\/\/\/\/\/\/\/\/\/\/\/\/\/\/\/ Aparcamiento en el campus\" \/>\n<meta property=\"og:url\" content=\"https:\/\/www.ull.es\/vive-la-universidad\/enlaces-de-interes\/en\/transporte-y-aparcamiento\/\" \/>\n<meta property=\"og:site_name\" content=\"Enlaces de Inter\u00e9s\" \/>\n<meta property=\"article:modified_time\" content=\"2025-09-25T12:51:18+00:00\" \/>\n<meta name=\"twitter:card\" content=\"summary_large_image\" \/>\n<meta name=\"twitter:label1\" content=\"Estimated reading time\" \/>\n\t<meta name=\"twitter:data1\" content=\"1 minute\" \/>\n<script type=\"application\/ld+json\" class=\"yoast-schema-graph\">{\"@context\":\"https:\/\/schema.org\",\"@graph\":[{\"@type\":\"WebPage\",\"@id\":\"https:\/\/www.ull.es\/vive-la-universidad\/enlaces-de-interes\/transporte-y-aparcamiento\/\",\"url\":\"https:\/\/www.ull.es\/vive-la-universidad\/enlaces-de-interes\/transporte-y-aparcamiento\/\",\"name\":\"Transporte y aparcamiento - Enlaces de Inter\u00e9s\",\"isPartOf\":{\"@id\":\"https:\/\/www.ull.es\/vive-la-universidad\/enlaces-de-interes\/#website\"},\"datePublished\":\"2023-06-14T08:32:24+00:00\",\"dateModified\":\"2025-09-25T12:51:18+00:00\",\"breadcrumb\":{\"@id\":\"https:\/\/www.ull.es\/vive-la-universidad\/enlaces-de-interes\/transporte-y-aparcamiento\/#breadcrumb\"},\"inLanguage\":\"en-GB\",\"potentialAction\":[{\"@type\":\"ReadAction\",\"target\":[\"https:\/\/www.ull.es\/vive-la-universidad\/enlaces-de-interes\/transporte-y-aparcamiento\/\"]}]},{\"@type\":\"BreadcrumbList\",\"@id\":\"https:\/\/www.ull.es\/vive-la-universidad\/enlaces-de-interes\/transporte-y-aparcamiento\/#breadcrumb\",\"itemListElement\":[{\"@type\":\"ListItem\",\"position\":1,\"name\":\"Portada\",\"item\":\"https:\/\/www.ull.es\/vive-la-universidad\/enlaces-de-interes\/\"},{\"@type\":\"ListItem\",\"position\":2,\"name\":\"Transporte y aparcamiento\"}]},{\"@type\":\"WebSite\",\"@id\":\"https:\/\/www.ull.es\/vive-la-universidad\/enlaces-de-interes\/#website\",\"url\":\"https:\/\/www.ull.es\/vive-la-universidad\/enlaces-de-interes\/\",\"name\":\"Enlaces de Inter\u00e9s\",\"description\":\"\",\"publisher\":{\"@id\":\"https:\/\/www.ull.es\/vive-la-universidad\/enlaces-de-interes\/#organization\"},\"potentialAction\":[{\"@type\":\"SearchAction\",\"target\":{\"@type\":\"EntryPoint\",\"urlTemplate\":\"https:\/\/www.ull.es\/vive-la-universidad\/enlaces-de-interes\/?s={search_term_string}\"},\"query-input\":{\"@type\":\"PropertyValueSpecification\",\"valueRequired\":true,\"valueName\":\"search_term_string\"}}],\"inLanguage\":\"en-GB\"},{\"@type\":\"Organization\",\"@id\":\"https:\/\/www.ull.es\/vive-la-universidad\/enlaces-de-interes\/#organization\",\"name\":\"Enlaces de Inter\u00e9s\",\"url\":\"https:\/\/www.ull.es\/vive-la-universidad\/enlaces-de-interes\/\",\"logo\":{\"@type\":\"ImageObject\",\"inLanguage\":\"en-GB\",\"@id\":\"https:\/\/www.ull.es\/vive-la-universidad\/enlaces-de-interes\/#\/schema\/logo\/image\/\",\"url\":\"https:\/\/www.ull.es\/vive-la-universidad\/enlaces-de-interes\/wp-content\/uploads\/sites\/3\/2022\/12\/marca-universidad-de-la-laguna-positivo.png\",\"contentUrl\":\"https:\/\/www.ull.es\/vive-la-universidad\/enlaces-de-interes\/wp-content\/uploads\/sites\/3\/2022\/12\/marca-universidad-de-la-laguna-positivo.png\",\"width\":977,\"height\":433,\"caption\":\"Enlaces de Inter\u00e9s\"},\"image\":{\"@id\":\"https:\/\/www.ull.es\/vive-la-universidad\/enlaces-de-interes\/#\/schema\/logo\/image\/\"}}]}<\/script>\n<!-- \/ Yoast SEO plugin. -->","yoast_head_json":{"title":"Transportation and Parking - Useful Links","robots":{"index":"index","follow":"follow","max-snippet":"max-snippet:-1","max-image-preview":"max-image-preview:large","max-video-preview":"max-video-preview:-1"},"canonical":"https:\/\/www.ull.es\/vive-la-universidad\/enlaces-de-interes\/en\/transporte-y-aparcamiento\/","og_locale":"en_GB","og_type":"article","og_title":"Transporte y aparcamiento - Enlaces de Inter\u00e9s","og_description":"Transporte y aparcamiento para venir a la Universidad Transporte p\u00fablico Existen varias l\u00edneas lanzaderas de Titsa que parten desde diferentes zonas de la isla con destino la Universidad de La Laguna. \/\/\/\/\/\/\/\/\/\/\/\/\/\/\/\/\/\/\/\/\/\/\/\/\/\/\/\/\/\/\/\/\/\/\/\/\/\/\/\/\/\/\/\/\/\/\/\/\/\/\/\/\/\/\/\/\/\/\/\/\/\/\/\/\/\/\/\/\/\/\/\/\/\/\/\/\/\/\/\/\/\/\/\/\/\/\/\/\/\/\/\/\/\/\/\/\/\/\/\/ Aparcamiento en el campus","og_url":"https:\/\/www.ull.es\/vive-la-universidad\/enlaces-de-interes\/en\/transporte-y-aparcamiento\/","og_site_name":"Enlaces de Inter\u00e9s","article_modified_time":"2025-09-25T12:51:18+00:00","twitter_card":"summary_large_image","twitter_misc":{"Estimated reading time":"1 minute"},"schema":{"@context":"https:\/\/schema.org","@graph":[{"@type":"WebPage","@id":"https:\/\/www.ull.es\/vive-la-universidad\/enlaces-de-interes\/transporte-y-aparcamiento\/","url":"https:\/\/www.ull.es\/vive-la-universidad\/enlaces-de-interes\/transporte-y-aparcamiento\/","name":"Transportation and Parking - Useful Links","isPartOf":{"@id":"https:\/\/www.ull.es\/vive-la-universidad\/enlaces-de-interes\/#website"},"datePublished":"2023-06-14T08:32:24+00:00","dateModified":"2025-09-25T12:51:18+00:00","breadcrumb":{"@id":"https:\/\/www.ull.es\/vive-la-universidad\/enlaces-de-interes\/transporte-y-aparcamiento\/#breadcrumb"},"inLanguage":"en-GB","potentialAction":[{"@type":"ReadAction","target":["https:\/\/www.ull.es\/vive-la-universidad\/enlaces-de-interes\/transporte-y-aparcamiento\/"]}]},{"@type":"BreadcrumbList","@id":"https:\/\/www.ull.es\/vive-la-universidad\/enlaces-de-interes\/transporte-y-aparcamiento\/#breadcrumb","itemListElement":[{"@type":"ListItem","position":1,"name":"Portada","item":"https:\/\/www.ull.es\/vive-la-universidad\/enlaces-de-interes\/"},{"@type":"ListItem","position":2,"name":"Transporte y aparcamiento"}]},{"@type":"WebSite","@id":"https:\/\/www.ull.es\/vive-la-universidad\/enlaces-de-interes\/#website","url":"https:\/\/www.ull.es\/vive-la-universidad\/enlaces-de-interes\/","name":"Links of Interest","description":"","publisher":{"@id":"https:\/\/www.ull.es\/vive-la-universidad\/enlaces-de-interes\/#organization"},"potentialAction":[{"@type":"SearchAction","target":{"@type":"EntryPoint","urlTemplate":"https:\/\/www.ull.es\/vive-la-universidad\/enlaces-de-interes\/?s={search_term_string}"},"query-input":{"@type":"PropertyValueSpecification","valueRequired":true,"valueName":"search_term_string"}}],"inLanguage":"en-GB"},{"@type":"Organization","@id":"https:\/\/www.ull.es\/vive-la-universidad\/enlaces-de-interes\/#organization","name":"Links of Interest","url":"https:\/\/www.ull.es\/vive-la-universidad\/enlaces-de-interes\/","logo":{"@type":"ImageObject","inLanguage":"en-GB","@id":"https:\/\/www.ull.es\/vive-la-universidad\/enlaces-de-interes\/#\/schema\/logo\/image\/","url":"https:\/\/www.ull.es\/vive-la-universidad\/enlaces-de-interes\/wp-content\/uploads\/sites\/3\/2022\/12\/marca-universidad-de-la-laguna-positivo.png","contentUrl":"https:\/\/www.ull.es\/vive-la-universidad\/enlaces-de-interes\/wp-content\/uploads\/sites\/3\/2022\/12\/marca-universidad-de-la-laguna-positivo.png","width":977,"height":433,"caption":"Enlaces de Inter\u00e9s"},"image":{"@id":"https:\/\/www.ull.es\/vive-la-universidad\/enlaces-de-interes\/#\/schema\/logo\/image\/"}}]}},"_links":{"self":[{"href":"https:\/\/www.ull.es\/vive-la-universidad\/enlaces-de-interes\/en\/wp-json\/wp\/v2\/pages\/184"}],"collection":[{"href":"https:\/\/www.ull.es\/vive-la-universidad\/enlaces-de-interes\/en\/wp-json\/wp\/v2\/pages"}],"about":[{"href":"https:\/\/www.ull.es\/vive-la-universidad\/enlaces-de-interes\/en\/wp-json\/wp\/v2\/types\/page"}],"author":[{"embeddable":true,"href":"https:\/\/www.ull.es\/vive-la-universidad\/enlaces-de-interes\/en\/wp-json\/wp\/v2\/users\/3"}],"replies":[{"embeddable":true,"href":"https:\/\/www.ull.es\/vive-la-universidad\/enlaces-de-interes\/en\/wp-json\/wp\/v2\/comments?post=184"}],"version-history":[{"count":83,"href":"https:\/\/www.ull.es\/vive-la-universidad\/enlaces-de-interes\/en\/wp-json\/wp\/v2\/pages\/184\/revisions"}],"predecessor-version":[{"id":798,"href":"https:\/\/www.ull.es\/vive-la-universidad\/enlaces-de-interes\/en\/wp-json\/wp\/v2\/pages\/184\/revisions\/798"}],"wp:attachment":[{"href":"https:\/\/www.ull.es\/vive-la-universidad\/enlaces-de-interes\/en\/wp-json\/wp\/v2\/media?parent=184"}],"curies":[{"name":"wp","href":"https:\/\/api.w.org\/{rel}","templated":true}]}}