{"id":1727,"date":"2025-04-30T10:17:42","date_gmt":"2025-04-30T10:17:42","guid":{"rendered":"https:\/\/www.ull.es\/vive-la-universidad\/?page_id=1727"},"modified":"2025-04-30T10:18:23","modified_gmt":"2025-04-30T10:18:23","slug":"transporte-circuito-universitario","status":"publish","type":"page","link":"https:\/\/www.ull.es\/vive-la-universidad\/transporte-circuito-universitario\/","title":{"rendered":"Transporte (circuito universitario)"},"content":{"rendered":"\n<div class=\"wp-block-stackable-columns stk-block-columns stk-block stk-1445a51\" data-block-id=\"1445a51\"><div class=\"stk-row stk-inner-blocks stk-block-content stk-content-align stk-1445a51-column\">\n<div class=\"wp-block-stackable-column stk-block-column stk-column stk-block stk-6bafeb9\" data-v=\"4\" data-block-id=\"6bafeb9\"><style>@media screen and (min-width: 768px){.stk-6bafeb9 {flex:var(--stk-flex-grow, 1) 1 66.7% !important;}}<\/style><div class=\"stk-column-wrapper stk-block-column__content stk-container stk-6bafeb9-container stk--no-background stk--no-padding\"><div class=\"stk-block-content stk-inner-blocks stk-6bafeb9-inner-blocks\">\n<div class=\"wp-block-stackable-heading stk-block-heading stk-block-heading--v2 stk-block stk-056f695\" id=\"transporte-circuito-universitario\" data-block-id=\"056f695\"><style>.stk-056f695 .stk-block-heading__text{font-weight:500 !important;}<\/style><h1 class=\"stk-block-heading__text\">Transporte (circuito universitario)<\/h1><\/div>\n\n\n\n<div class=\"wp-block-stackable-text stk-block-text stk-block stk-573fca2\" data-block-id=\"573fca2\"><p class=\"stk-block-text__text\">Desde el Vicerrectorado de Estudiantes se informa del servicio discrecional de transporte de&nbsp;estudiantes universitarios de acuerdo con los t\u00e9rminos expresados en la ley 13\/2007 de 17 de mayo, de ordenaci\u00f3n del transporte por carretera de Canarias, regulando las condiciones y compromisos de la universidad y el cabildo, que afectar\u00e1 a la l\u00ednea 610 que realiza la compa\u00f1\u00eda \u201cTransporte Interurbano de Tenerife, S.A.U.\u201d (TITSA).<\/p><\/div>\n\n\n\n<p>Los tiempos y caracter\u00edsticas del mismo estar\u00e1n evaluados por una comisi\u00f3n de seguimiento que elevar\u00e1 a los \u00f3rganos correspondientes las modificaciones que se ir\u00e1n produciendo como resultado de las variaciones en la demanda.<\/p>\n<\/div><\/div><\/div>\n\n\n\n<div class=\"wp-block-stackable-column stk-block-column stk-column stk-block stk-e1890e0\" data-v=\"4\" data-block-id=\"e1890e0\"><style>@media screen and (min-width: 768px){.stk-e1890e0 {flex:var(--stk-flex-grow, 1) 1 33.3% !important;}}<\/style><div class=\"stk-column-wrapper stk-block-column__content stk-container stk-e1890e0-container stk--no-background stk--no-padding\"><div class=\"stk-block-content stk-inner-blocks stk-e1890e0-inner-blocks\">\n<p><a class=\"btn-destacado\" href=\"http:\/\/www.titsa.com\/index.php\/tus-guaguas\/lineas-y-horarios\/linea-610\" target=\"_blank\" rel=\"noopener noreferrer\" target=\"_blank\" rel=\"noopener\">Consultar horarios y paradas <i class=\"fa fa-arrow-right\"><\/i><\/a><\/p>\n<\/div><\/div><\/div>\n<\/div><\/div>\n","protected":false},"excerpt":{"rendered":"<p>Transporte (circuito universitario) Desde el Vicerrectorado de Estudiantes se informa del servicio discrecional de transporte de&nbsp;estudiantes universitarios de acuerdo con los t\u00e9rminos expresados en la ley 13\/2007 de 17 de mayo, de ordenaci\u00f3n del transporte por carretera de Canarias, regulando las condiciones y compromisos de la universidad y el cabildo, que afectar\u00e1 a la l\u00ednea&#8230;<\/p>\n","protected":false},"author":5,"featured_media":0,"parent":0,"menu_order":0,"comment_status":"closed","ping_status":"closed","template":"templates\/template-width-100.php","meta":{"_acf_changed":false,"footnotes":""},"class_list":["post-1727","page","type-page","status-publish","hentry"],"acf":[],"yoast_head":"<!-- This site is optimized with the Yoast SEO plugin v25.6 - https:\/\/yoast.com\/wordpress\/plugins\/seo\/ -->\n<title>Transporte (circuito universitario) - Vive la Universidad<\/title>\n<meta name=\"robots\" content=\"index, follow, max-snippet:-1, max-image-preview:large, max-video-preview:-1\" \/>\n<link rel=\"canonical\" href=\"https:\/\/www.ull.es\/vive-la-universidad\/transporte-circuito-universitario\/\" \/>\n<meta property=\"og:locale\" content=\"es_ES\" \/>\n<meta property=\"og:type\" content=\"article\" \/>\n<meta property=\"og:title\" content=\"Transporte (circuito universitario) - Vive la Universidad\" \/>\n<meta property=\"og:description\" content=\"Transporte (circuito universitario) Desde el Vicerrectorado de Estudiantes se informa del servicio discrecional de transporte de&nbsp;estudiantes universitarios de acuerdo con los t\u00e9rminos expresados en la ley 13\/2007 de 17 de mayo, de ordenaci\u00f3n del transporte por carretera de Canarias, regulando las condiciones y compromisos de la universidad y el cabildo, que afectar\u00e1 a la l\u00ednea...\" \/>\n<meta property=\"og:url\" content=\"https:\/\/www.ull.es\/vive-la-universidad\/transporte-circuito-universitario\/\" \/>\n<meta property=\"og:site_name\" content=\"Vive la Universidad\" \/>\n<meta property=\"article:modified_time\" content=\"2025-04-30T10:18:23+00:00\" \/>\n<meta name=\"twitter:card\" content=\"summary_large_image\" \/>\n<meta name=\"twitter:label1\" content=\"Tiempo de lectura\" \/>\n\t<meta name=\"twitter:data1\" content=\"1 minuto\" \/>\n<script type=\"application\/ld+json\" class=\"yoast-schema-graph\">{\"@context\":\"https:\/\/schema.org\",\"@graph\":[{\"@type\":\"WebPage\",\"@id\":\"https:\/\/www.ull.es\/vive-la-universidad\/transporte-circuito-universitario\/\",\"url\":\"https:\/\/www.ull.es\/vive-la-universidad\/transporte-circuito-universitario\/\",\"name\":\"Transporte (circuito universitario) - Vive la Universidad\",\"isPartOf\":{\"@id\":\"https:\/\/www.ull.es\/vive-la-universidad\/#website\"},\"datePublished\":\"2025-04-30T10:17:42+00:00\",\"dateModified\":\"2025-04-30T10:18:23+00:00\",\"breadcrumb\":{\"@id\":\"https:\/\/www.ull.es\/vive-la-universidad\/transporte-circuito-universitario\/#breadcrumb\"},\"inLanguage\":\"es\",\"potentialAction\":[{\"@type\":\"ReadAction\",\"target\":[\"https:\/\/www.ull.es\/vive-la-universidad\/transporte-circuito-universitario\/\"]}]},{\"@type\":\"BreadcrumbList\",\"@id\":\"https:\/\/www.ull.es\/vive-la-universidad\/transporte-circuito-universitario\/#breadcrumb\",\"itemListElement\":[{\"@type\":\"ListItem\",\"position\":1,\"name\":\"Portada\",\"item\":\"https:\/\/www.ull.es\/vive-la-universidad\/\"},{\"@type\":\"ListItem\",\"position\":2,\"name\":\"Transporte (circuito universitario)\"}]},{\"@type\":\"WebSite\",\"@id\":\"https:\/\/www.ull.es\/vive-la-universidad\/#website\",\"url\":\"https:\/\/www.ull.es\/vive-la-universidad\/\",\"name\":\"Vive la Universidad\",\"description\":\"\",\"potentialAction\":[{\"@type\":\"SearchAction\",\"target\":{\"@type\":\"EntryPoint\",\"urlTemplate\":\"https:\/\/www.ull.es\/vive-la-universidad\/?s={search_term_string}\"},\"query-input\":{\"@type\":\"PropertyValueSpecification\",\"valueRequired\":true,\"valueName\":\"search_term_string\"}}],\"inLanguage\":\"es\"}]}<\/script>\n<!-- \/ Yoast SEO plugin. -->","yoast_head_json":{"title":"Transporte (circuito universitario) - Vive la Universidad","robots":{"index":"index","follow":"follow","max-snippet":"max-snippet:-1","max-image-preview":"max-image-preview:large","max-video-preview":"max-video-preview:-1"},"canonical":"https:\/\/www.ull.es\/vive-la-universidad\/transporte-circuito-universitario\/","og_locale":"es_ES","og_type":"article","og_title":"Transporte (circuito universitario) - Vive la Universidad","og_description":"Transporte (circuito universitario) Desde el Vicerrectorado de Estudiantes se informa del servicio discrecional de transporte de&nbsp;estudiantes universitarios de acuerdo con los t\u00e9rminos expresados en la ley 13\/2007 de 17 de mayo, de ordenaci\u00f3n del transporte por carretera de Canarias, regulando las condiciones y compromisos de la universidad y el cabildo, que afectar\u00e1 a la l\u00ednea...","og_url":"https:\/\/www.ull.es\/vive-la-universidad\/transporte-circuito-universitario\/","og_site_name":"Vive la Universidad","article_modified_time":"2025-04-30T10:18:23+00:00","twitter_card":"summary_large_image","twitter_misc":{"Tiempo de lectura":"1 minuto"},"schema":{"@context":"https:\/\/schema.org","@graph":[{"@type":"WebPage","@id":"https:\/\/www.ull.es\/vive-la-universidad\/transporte-circuito-universitario\/","url":"https:\/\/www.ull.es\/vive-la-universidad\/transporte-circuito-universitario\/","name":"Transporte (circuito universitario) - Vive la Universidad","isPartOf":{"@id":"https:\/\/www.ull.es\/vive-la-universidad\/#website"},"datePublished":"2025-04-30T10:17:42+00:00","dateModified":"2025-04-30T10:18:23+00:00","breadcrumb":{"@id":"https:\/\/www.ull.es\/vive-la-universidad\/transporte-circuito-universitario\/#breadcrumb"},"inLanguage":"es","potentialAction":[{"@type":"ReadAction","target":["https:\/\/www.ull.es\/vive-la-universidad\/transporte-circuito-universitario\/"]}]},{"@type":"BreadcrumbList","@id":"https:\/\/www.ull.es\/vive-la-universidad\/transporte-circuito-universitario\/#breadcrumb","itemListElement":[{"@type":"ListItem","position":1,"name":"Portada","item":"https:\/\/www.ull.es\/vive-la-universidad\/"},{"@type":"ListItem","position":2,"name":"Transporte (circuito universitario)"}]},{"@type":"WebSite","@id":"https:\/\/www.ull.es\/vive-la-universidad\/#website","url":"https:\/\/www.ull.es\/vive-la-universidad\/","name":"Vive la Universidad","description":"","potentialAction":[{"@type":"SearchAction","target":{"@type":"EntryPoint","urlTemplate":"https:\/\/www.ull.es\/vive-la-universidad\/?s={search_term_string}"},"query-input":{"@type":"PropertyValueSpecification","valueRequired":true,"valueName":"search_term_string"}}],"inLanguage":"es"}]}},"_links":{"self":[{"href":"https:\/\/www.ull.es\/vive-la-universidad\/wp-json\/wp\/v2\/pages\/1727"}],"collection":[{"href":"https:\/\/www.ull.es\/vive-la-universidad\/wp-json\/wp\/v2\/pages"}],"about":[{"href":"https:\/\/www.ull.es\/vive-la-universidad\/wp-json\/wp\/v2\/types\/page"}],"author":[{"embeddable":true,"href":"https:\/\/www.ull.es\/vive-la-universidad\/wp-json\/wp\/v2\/users\/5"}],"replies":[{"embeddable":true,"href":"https:\/\/www.ull.es\/vive-la-universidad\/wp-json\/wp\/v2\/comments?post=1727"}],"version-history":[{"count":2,"href":"https:\/\/www.ull.es\/vive-la-universidad\/wp-json\/wp\/v2\/pages\/1727\/revisions"}],"predecessor-version":[{"id":1730,"href":"https:\/\/www.ull.es\/vive-la-universidad\/wp-json\/wp\/v2\/pages\/1727\/revisions\/1730"}],"wp:attachment":[{"href":"https:\/\/www.ull.es\/vive-la-universidad\/wp-json\/wp\/v2\/media?parent=1727"}],"curies":[{"name":"wp","href":"https:\/\/api.w.org\/{rel}","templated":true}]}}